{"id":10031,"date":"2022-08-10T00:26:04","date_gmt":"2022-08-09T22:26:04","guid":{"rendered":"https:\/\/schumacher-lethal.lu\/?post_type=product&#038;p=10031"},"modified":"2025-10-24T11:29:26","modified_gmt":"2025-10-24T09:29:26","slug":"cremant-cuvee-pierre-brut-075l","status":"publish","type":"product","link":"https:\/\/schumacher-lethal.lu\/de\/shop\/cremant-cuvee-pierre-brut-075l\/","title":{"rendered":"Cr\u00e9mant Cuv\u00e9e Pierre Brut 0,75L"},"content":{"rendered":"","protected":false},"excerpt":{"rendered":"<p>75cl<br \/>\nCr\u00e9mant de Luxembourg<\/p>\n<p>Unsere Grundweine f\u00fcr die Herstellung unseres Cr\u00e9mants werden speziell f\u00fcr diesen Zweck vinfiziert. Vor dem Abf\u00fcllen werden sie dann miteinander verschnitten. Traditionnell verschneiden wir Weine der Rebsorten Riesling, Pinot Blanc und Auxerrois. Nach traditionneller Methode wird der Wein ein zweites Mal, aber in der Flasche, verg\u00e4rt. Nach einem Hefelager von mindestens 9 Monaten wird dann degorgiert. Eine fein abgestimmte Dosage (Beigabe von Lik\u00f6r) vollendet dann das Produkt.<\/p>\n<p>Der \u00fcppige aber feine Schaum, ein nuanciertes Bukett und ein ausgewogener Geschmack zeichnen f\u00fcr ein hochklassiges Produkt mit hohen Qualit\u00e4tsanspr\u00fcchen. Unser Cr\u00e9mant f\u00fcgt sich nat\u00fcrlich bestens in die Aperitif-Runde ein. Die leichten Perlen regen den Appetit an, w\u00e4hrend seine feinen Aromen sich harmonisch mit den D\u00fcften der H\u00e4ppchen vermischen. Bei einem Hors-d\u2019oeuvre, einer Vorspeise, bei Fisch, Fleisch, Gefl\u00fcgel oder Wild harmoniert der Cr\u00e9mant de Luxembourg ohne weiteres mit dem charakteristischen arteigenen Geschmack eines jeden dieser Gerichte.<\/p>\n<p>Essen und Trinken: Aperitif, aber auch als Essensbegleiter<br \/>\nVerkostungstemperatur: 8-10\u00b0C<\/p>\n","protected":false},"featured_media":9226,"template":"","meta":[],"product_brand":[],"product_cat":[73,40],"product_tag":[],"class_list":{"0":"post-10031","1":"product","2":"type-product","3":"status-publish","4":"has-post-thumbnail","6":"product_cat-cremant-cuvee-pierre","7":"product_cat-cremant","8":"yith_product_brand-domaine-viticole-schumacher","10":"first","11":"instock","12":"taxable","13":"shipping-taxable","14":"purchasable","15":"product-type-variable","16":"has-default-attributes"},"yoast_head":"<!-- This site is optimized with the Yoast SEO plugin v26.8 - https:\/\/yoast.com\/product\/yoast-seo-wordpress\/ -->\n<title>Cr\u00e9mant Cuv\u00e9e Pierre Brut 0,75L - Schumacher-Lethal et fils<\/title>\n<meta name=\"robots\" content=\"index, follow, max-snippet:-1, max-image-preview:large, max-video-preview:-1\" \/>\n<link rel=\"canonical\" href=\"https:\/\/schumacher-lethal.lu\/de\/shop\/cremant-cuvee-pierre-brut-075l\/\" \/>\n<meta property=\"og:locale\" content=\"de_DE\" \/>\n<meta property=\"og:type\" content=\"article\" \/>\n<meta property=\"og:title\" content=\"Cr\u00e9mant Cuv\u00e9e Pierre Brut 0,75L - Schumacher-Lethal et fils\" \/>\n<meta property=\"og:description\" content=\"[:de]75cl Cr\u00e9mant de Luxembourg  Unsere Grundweine f\u00fcr die Herstellung unseres Cr\u00e9mants werden speziell f\u00fcr diesen Zweck vinfiziert. Vor dem Abf\u00fcllen werden sie dann miteinander verschnitten. Traditionnell verschneiden wir Weine der Rebsorten Riesling, Pinot Blanc und Auxerrois. Nach traditionneller Methode wird der Wein ein zweites Mal, aber in der Flasche, verg\u00e4rt. Nach einem Hefelager von mindestens 9 Monaten wird dann degorgiert. Eine fein abgestimmte Dosage (Beigabe von Lik\u00f6r) vollendet dann das Produkt.  Der \u00fcppige aber feine Schaum, ein nuanciertes Bukett und ein ausgewogener Geschmack zeichnen f\u00fcr ein hochklassiges Produkt mit hohen Qualit\u00e4tsanspr\u00fcchen. Unser Cr\u00e9mant f\u00fcgt sich nat\u00fcrlich bestens in die Aperitif-Runde ein. Die leichten Perlen regen den Appetit an, w\u00e4hrend seine feinen Aromen sich harmonisch mit den D\u00fcften der H\u00e4ppchen vermischen. Bei einem Hors-d\u2019oeuvre, einer Vorspeise, bei Fisch, Fleisch, Gefl\u00fcgel oder Wild harmoniert der Cr\u00e9mant de Luxembourg ohne weiteres mit dem charakteristischen arteigenen Geschmack eines jeden dieser Gerichte.  Essen und Trinken: Aperitif, aber auch als Essensbegleiter Verkostungstemperatur: 8-10\u00b0C[:fr]75cl Cr\u00e9mant de Luxembourg[:en]75cl Cr\u00e9mant de Luxembourg[:lu]75cl Cr\u00e9mant de Luxembourg[:]\" \/>\n<meta property=\"og:url\" content=\"https:\/\/schumacher-lethal.lu\/de\/shop\/cremant-cuvee-pierre-brut-075l\/\" \/>\n<meta property=\"og:site_name\" content=\"Schumacher-Lethal et fils\" \/>\n<meta property=\"article:publisher\" content=\"https:\/\/www.facebook.com\/domaineschumacher\" \/>\n<meta property=\"article:modified_time\" content=\"2025-10-24T09:29:26+00:00\" \/>\n<meta property=\"og:image\" content=\"https:\/\/schumacher-lethal.lu\/wp-content\/uploads\/2016\/07\/Cremant-cuve-pierre-magnum.png\" \/>\n\t<meta property=\"og:image:width\" content=\"800\" \/>\n\t<meta property=\"og:image:height\" content=\"800\" \/>\n\t<meta property=\"og:image:type\" content=\"image\/png\" \/>\n<meta name=\"twitter:card\" content=\"summary_large_image\" \/>\n<script type=\"application\/ld+json\" class=\"yoast-schema-graph\">{\"@context\":\"https:\/\/schema.org\",\"@graph\":[{\"@type\":\"WebPage\",\"@id\":\"https:\/\/schumacher-lethal.lu\/de\/shop\/cremant-cuvee-pierre-brut-075l\/\",\"url\":\"https:\/\/schumacher-lethal.lu\/de\/shop\/cremant-cuvee-pierre-brut-075l\/\",\"name\":\"Cr\u00e9mant Cuv\u00e9e Pierre Brut 0,75L - Schumacher-Lethal et fils\",\"isPartOf\":{\"@id\":\"https:\/\/schumacher-lethal.lu\/de\/#website\"},\"primaryImageOfPage\":{\"@id\":\"https:\/\/schumacher-lethal.lu\/de\/shop\/cremant-cuvee-pierre-brut-075l\/#primaryimage\"},\"image\":{\"@id\":\"https:\/\/schumacher-lethal.lu\/de\/shop\/cremant-cuvee-pierre-brut-075l\/#primaryimage\"},\"thumbnailUrl\":\"https:\/\/schumacher-lethal.lu\/wp-content\/uploads\/2016\/07\/Cremant-cuve-pierre-magnum.png\",\"datePublished\":\"2022-08-09T22:26:04+00:00\",\"dateModified\":\"2025-10-24T09:29:26+00:00\",\"breadcrumb\":{\"@id\":\"https:\/\/schumacher-lethal.lu\/de\/shop\/cremant-cuvee-pierre-brut-075l\/#breadcrumb\"},\"inLanguage\":\"de\",\"potentialAction\":[{\"@type\":\"ReadAction\",\"target\":[\"https:\/\/schumacher-lethal.lu\/de\/shop\/cremant-cuvee-pierre-brut-075l\/\"]}]},{\"@type\":\"ImageObject\",\"inLanguage\":\"de\",\"@id\":\"https:\/\/schumacher-lethal.lu\/de\/shop\/cremant-cuvee-pierre-brut-075l\/#primaryimage\",\"url\":\"https:\/\/schumacher-lethal.lu\/wp-content\/uploads\/2016\/07\/Cremant-cuve-pierre-magnum.png\",\"contentUrl\":\"https:\/\/schumacher-lethal.lu\/wp-content\/uploads\/2016\/07\/Cremant-cuve-pierre-magnum.png\",\"width\":800,\"height\":800},{\"@type\":\"BreadcrumbList\",\"@id\":\"https:\/\/schumacher-lethal.lu\/de\/shop\/cremant-cuvee-pierre-brut-075l\/#breadcrumb\",\"itemListElement\":[{\"@type\":\"ListItem\",\"position\":1,\"name\":\"Startseite\",\"item\":\"https:\/\/schumacher-lethal.lu\/de\/\"},{\"@type\":\"ListItem\",\"position\":2,\"name\":\"Shop\",\"item\":\"https:\/\/schumacher-lethal.lu\/de\/shop\/\"},{\"@type\":\"ListItem\",\"position\":3,\"name\":\"Cr\u00e9mant Cuv\u00e9e Pierre Brut 0,75L\"}]},{\"@type\":\"WebSite\",\"@id\":\"https:\/\/schumacher-lethal.lu\/de\/#website\",\"url\":\"https:\/\/schumacher-lethal.lu\/de\/\",\"name\":\"Schumacher-Lethal et fils\",\"description\":\"Domaine viticole\",\"publisher\":{\"@id\":\"https:\/\/schumacher-lethal.lu\/de\/#organization\"},\"potentialAction\":[{\"@type\":\"SearchAction\",\"target\":{\"@type\":\"EntryPoint\",\"urlTemplate\":\"https:\/\/schumacher-lethal.lu\/de\/?s={search_term_string}\"},\"query-input\":{\"@type\":\"PropertyValueSpecification\",\"valueRequired\":true,\"valueName\":\"search_term_string\"}}],\"inLanguage\":\"de\"},{\"@type\":\"Organization\",\"@id\":\"https:\/\/schumacher-lethal.lu\/de\/#organization\",\"name\":\"Schumacher-Lethal et fils\",\"url\":\"https:\/\/schumacher-lethal.lu\/de\/\",\"logo\":{\"@type\":\"ImageObject\",\"inLanguage\":\"de\",\"@id\":\"https:\/\/schumacher-lethal.lu\/de\/#\/schema\/logo\/image\/\",\"url\":\"https:\/\/schumacher-lethal.lu\/wp-content\/uploads\/2023\/10\/Schumacher_logo_new.jpg\",\"contentUrl\":\"https:\/\/schumacher-lethal.lu\/wp-content\/uploads\/2023\/10\/Schumacher_logo_new.jpg\",\"width\":738,\"height\":737,\"caption\":\"Schumacher-Lethal et fils\"},\"image\":{\"@id\":\"https:\/\/schumacher-lethal.lu\/de\/#\/schema\/logo\/image\/\"},\"sameAs\":[\"https:\/\/www.facebook.com\/domaineschumacher\",\"https:\/\/www.instagram.com\/schumacherlethal\/\"]}]}<\/script>\n<!-- \/ Yoast SEO plugin. -->","yoast_head_json":{"title":"Cr\u00e9mant Cuv\u00e9e Pierre Brut 0,75L - Schumacher-Lethal et fils","robots":{"index":"index","follow":"follow","max-snippet":"max-snippet:-1","max-image-preview":"max-image-preview:large","max-video-preview":"max-video-preview:-1"},"canonical":"https:\/\/schumacher-lethal.lu\/de\/shop\/cremant-cuvee-pierre-brut-075l\/","og_locale":"de_DE","og_type":"article","og_title":"Cr\u00e9mant Cuv\u00e9e Pierre Brut 0,75L - Schumacher-Lethal et fils","og_description":"[:de]75cl Cr\u00e9mant de Luxembourg  Unsere Grundweine f\u00fcr die Herstellung unseres Cr\u00e9mants werden speziell f\u00fcr diesen Zweck vinfiziert. Vor dem Abf\u00fcllen werden sie dann miteinander verschnitten. Traditionnell verschneiden wir Weine der Rebsorten Riesling, Pinot Blanc und Auxerrois. Nach traditionneller Methode wird der Wein ein zweites Mal, aber in der Flasche, verg\u00e4rt. Nach einem Hefelager von mindestens 9 Monaten wird dann degorgiert. Eine fein abgestimmte Dosage (Beigabe von Lik\u00f6r) vollendet dann das Produkt.  Der \u00fcppige aber feine Schaum, ein nuanciertes Bukett und ein ausgewogener Geschmack zeichnen f\u00fcr ein hochklassiges Produkt mit hohen Qualit\u00e4tsanspr\u00fcchen. Unser Cr\u00e9mant f\u00fcgt sich nat\u00fcrlich bestens in die Aperitif-Runde ein. Die leichten Perlen regen den Appetit an, w\u00e4hrend seine feinen Aromen sich harmonisch mit den D\u00fcften der H\u00e4ppchen vermischen. Bei einem Hors-d\u2019oeuvre, einer Vorspeise, bei Fisch, Fleisch, Gefl\u00fcgel oder Wild harmoniert der Cr\u00e9mant de Luxembourg ohne weiteres mit dem charakteristischen arteigenen Geschmack eines jeden dieser Gerichte.  Essen und Trinken: Aperitif, aber auch als Essensbegleiter Verkostungstemperatur: 8-10\u00b0C[:fr]75cl Cr\u00e9mant de Luxembourg[:en]75cl Cr\u00e9mant de Luxembourg[:lu]75cl Cr\u00e9mant de Luxembourg[:]","og_url":"https:\/\/schumacher-lethal.lu\/de\/shop\/cremant-cuvee-pierre-brut-075l\/","og_site_name":"Schumacher-Lethal et fils","article_publisher":"https:\/\/www.facebook.com\/domaineschumacher","article_modified_time":"2025-10-24T09:29:26+00:00","og_image":[{"width":800,"height":800,"url":"https:\/\/schumacher-lethal.lu\/wp-content\/uploads\/2016\/07\/Cremant-cuve-pierre-magnum.png","type":"image\/png"}],"twitter_card":"summary_large_image","schema":{"@context":"https:\/\/schema.org","@graph":[{"@type":"WebPage","@id":"https:\/\/schumacher-lethal.lu\/de\/shop\/cremant-cuvee-pierre-brut-075l\/","url":"https:\/\/schumacher-lethal.lu\/de\/shop\/cremant-cuvee-pierre-brut-075l\/","name":"Cr\u00e9mant Cuv\u00e9e Pierre Brut 0,75L - Schumacher-Lethal et fils","isPartOf":{"@id":"https:\/\/schumacher-lethal.lu\/de\/#website"},"primaryImageOfPage":{"@id":"https:\/\/schumacher-lethal.lu\/de\/shop\/cremant-cuvee-pierre-brut-075l\/#primaryimage"},"image":{"@id":"https:\/\/schumacher-lethal.lu\/de\/shop\/cremant-cuvee-pierre-brut-075l\/#primaryimage"},"thumbnailUrl":"https:\/\/schumacher-lethal.lu\/wp-content\/uploads\/2016\/07\/Cremant-cuve-pierre-magnum.png","datePublished":"2022-08-09T22:26:04+00:00","dateModified":"2025-10-24T09:29:26+00:00","breadcrumb":{"@id":"https:\/\/schumacher-lethal.lu\/de\/shop\/cremant-cuvee-pierre-brut-075l\/#breadcrumb"},"inLanguage":"de","potentialAction":[{"@type":"ReadAction","target":["https:\/\/schumacher-lethal.lu\/de\/shop\/cremant-cuvee-pierre-brut-075l\/"]}]},{"@type":"ImageObject","inLanguage":"de","@id":"https:\/\/schumacher-lethal.lu\/de\/shop\/cremant-cuvee-pierre-brut-075l\/#primaryimage","url":"https:\/\/schumacher-lethal.lu\/wp-content\/uploads\/2016\/07\/Cremant-cuve-pierre-magnum.png","contentUrl":"https:\/\/schumacher-lethal.lu\/wp-content\/uploads\/2016\/07\/Cremant-cuve-pierre-magnum.png","width":800,"height":800},{"@type":"BreadcrumbList","@id":"https:\/\/schumacher-lethal.lu\/de\/shop\/cremant-cuvee-pierre-brut-075l\/#breadcrumb","itemListElement":[{"@type":"ListItem","position":1,"name":"Startseite","item":"https:\/\/schumacher-lethal.lu\/de\/"},{"@type":"ListItem","position":2,"name":"Shop","item":"https:\/\/schumacher-lethal.lu\/de\/shop\/"},{"@type":"ListItem","position":3,"name":"Cr\u00e9mant Cuv\u00e9e Pierre Brut 0,75L"}]},{"@type":"WebSite","@id":"https:\/\/schumacher-lethal.lu\/de\/#website","url":"https:\/\/schumacher-lethal.lu\/de\/","name":"Schumacher-Lethal et fils","description":"Domaine viticole","publisher":{"@id":"https:\/\/schumacher-lethal.lu\/de\/#organization"},"potentialAction":[{"@type":"SearchAction","target":{"@type":"EntryPoint","urlTemplate":"https:\/\/schumacher-lethal.lu\/de\/?s={search_term_string}"},"query-input":{"@type":"PropertyValueSpecification","valueRequired":true,"valueName":"search_term_string"}}],"inLanguage":"de"},{"@type":"Organization","@id":"https:\/\/schumacher-lethal.lu\/de\/#organization","name":"Schumacher-Lethal et fils","url":"https:\/\/schumacher-lethal.lu\/de\/","logo":{"@type":"ImageObject","inLanguage":"de","@id":"https:\/\/schumacher-lethal.lu\/de\/#\/schema\/logo\/image\/","url":"https:\/\/schumacher-lethal.lu\/wp-content\/uploads\/2023\/10\/Schumacher_logo_new.jpg","contentUrl":"https:\/\/schumacher-lethal.lu\/wp-content\/uploads\/2023\/10\/Schumacher_logo_new.jpg","width":738,"height":737,"caption":"Schumacher-Lethal et fils"},"image":{"@id":"https:\/\/schumacher-lethal.lu\/de\/#\/schema\/logo\/image\/"},"sameAs":["https:\/\/www.facebook.com\/domaineschumacher","https:\/\/www.instagram.com\/schumacherlethal\/"]}]}},"jetpack_sharing_enabled":true,"_links":{"self":[{"href":"https:\/\/schumacher-lethal.lu\/de\/wp-json\/wp\/v2\/product\/10031","targetHints":{"allow":["GET"]}}],"collection":[{"href":"https:\/\/schumacher-lethal.lu\/de\/wp-json\/wp\/v2\/product"}],"about":[{"href":"https:\/\/schumacher-lethal.lu\/de\/wp-json\/wp\/v2\/types\/product"}],"wp:featuredmedia":[{"embeddable":true,"href":"https:\/\/schumacher-lethal.lu\/de\/wp-json\/wp\/v2\/media\/9226"}],"wp:attachment":[{"href":"https:\/\/schumacher-lethal.lu\/de\/wp-json\/wp\/v2\/media?parent=10031"}],"wp:term":[{"taxonomy":"product_brand","embeddable":true,"href":"https:\/\/schumacher-lethal.lu\/de\/wp-json\/wp\/v2\/product_brand?post=10031"},{"taxonomy":"product_cat","embeddable":true,"href":"https:\/\/schumacher-lethal.lu\/de\/wp-json\/wp\/v2\/product_cat?post=10031"},{"taxonomy":"product_tag","embeddable":true,"href":"https:\/\/schumacher-lethal.lu\/de\/wp-json\/wp\/v2\/product_tag?post=10031"}],"curies":[{"name":"wp","href":"https:\/\/api.w.org\/{rel}","templated":true}]}}