{"id":11184,"date":"2025-03-28T09:06:25","date_gmt":"2025-03-28T08:06:25","guid":{"rendered":"https:\/\/schumacher-lethal.lu\/?post_type=product&#038;p=11184"},"modified":"2025-11-03T15:56:37","modified_gmt":"2025-11-03T14:56:37","slug":"auxerrois-selection","status":"publish","type":"product","link":"https:\/\/schumacher-lethal.lu\/de\/shop\/auxerrois-selection\/","title":{"rendered":"Auxerrois S\u00e9lection 2022"},"content":{"rendered":"","protected":false},"excerpt":{"rendered":"<p class=\"qtranxs-available-languages-message qtranxs-available-languages-message-de\">Leider ist der Eintrag nur auf <a href=\"https:\/\/schumacher-lethal.lu\/fr\/wp-json\/wp\/v2\/product\/11184\" class=\"qtranxs-available-language-link qtranxs-available-language-link-fr\" title=\"Fran\u00e7ais\">Fran\u00e7ais<\/a>, <a href=\"https:\/\/schumacher-lethal.lu\/en\/wp-json\/wp\/v2\/product\/11184\" class=\"qtranxs-available-language-link qtranxs-available-language-link-en\" title=\"English\">English<\/a> und <a href=\"https:\/\/schumacher-lethal.lu\/lu\/wp-json\/wp\/v2\/product\/11184\" class=\"qtranxs-available-language-link qtranxs-available-language-link-lu\" title=\"L\u00ebtzebuergesch\">L\u00ebtzebuergesch<\/a> verf\u00fcgbar. Der Inhalt wird in einer anderen verf\u00fcgbaren Sprache angezeigt. Sie k\u00f6nnen einen Link anklicken, um zu einer anderen verf\u00fcgbaren Sprache zu wechseln.<\/p>\n<p>[2022<\/p>\n<p>75cl<br \/>\nA.O.P<br \/>\nWormeldange Weinbour<br \/>\nSchumacher S\u00e9lection<br \/>\nGrand Premier Cru2022<\/p>\n<p>75cl<br \/>\nA.O.P<br \/>\nWormeldange Weinbour<br \/>\nSchumacher S\u00e9lection<br \/>\nGrand Premier Cru<\/p>\n","protected":false},"featured_media":475,"template":"","meta":[],"product_brand":[],"product_cat":[66,81,41],"product_tag":[],"class_list":{"0":"post-11184","1":"product","2":"type-product","3":"status-publish","4":"has-post-thumbnail","6":"product_cat-auxerrois","7":"product_cat-selection","8":"product_cat-weisswein","9":"yith_product_brand-domaine-viticole-schumacher","11":"first","12":"instock","13":"sale","14":"taxable","15":"shipping-taxable","16":"purchasable","17":"product-type-variable"},"yoast_head":"<!-- This site is optimized with the Yoast SEO plugin v26.8 - https:\/\/yoast.com\/product\/yoast-seo-wordpress\/ -->\n<title>Auxerrois S\u00e9lection 2022 - Schumacher-Lethal et fils<\/title>\n<meta name=\"robots\" content=\"index, follow, max-snippet:-1, max-image-preview:large, max-video-preview:-1\" \/>\n<link rel=\"canonical\" href=\"https:\/\/schumacher-lethal.lu\/de\/shop\/auxerrois-selection\/\" \/>\n<meta property=\"og:locale\" content=\"de_DE\" \/>\n<meta property=\"og:type\" content=\"article\" \/>\n<meta property=\"og:title\" content=\"Auxerrois S\u00e9lection 2022 - Schumacher-Lethal et fils\" \/>\n<meta property=\"og:description\" content=\"[2022 75cl A.O.P Wormeldange Weinbour Schumacher S\u00e9lection Grand Premier Cru[:fr]2022 75cl A.O.P Wormeldange Weinbour Schumacher S\u00e9lection Grand Premier Cru[:en]2022 75cl A.O.P Wormeldange Weinbour Schumacher S\u00e9lection Grand Premier Cru[:lu]2022 75cl A.O.P Wormeldange Weinbour Schumacher S\u00e9lection Grand Premier Cru[:]\" \/>\n<meta property=\"og:url\" content=\"https:\/\/schumacher-lethal.lu\/de\/shop\/auxerrois-selection\/\" \/>\n<meta property=\"og:site_name\" content=\"Schumacher-Lethal et fils\" \/>\n<meta property=\"article:publisher\" content=\"https:\/\/www.facebook.com\/domaineschumacher\" \/>\n<meta property=\"article:modified_time\" content=\"2025-11-03T14:56:37+00:00\" \/>\n<meta property=\"og:image\" content=\"https:\/\/schumacher-lethal.lu\/wp-content\/uploads\/2015\/08\/auxerrois-selection.png\" \/>\n\t<meta property=\"og:image:width\" content=\"2500\" \/>\n\t<meta property=\"og:image:height\" content=\"2500\" \/>\n\t<meta property=\"og:image:type\" content=\"image\/png\" \/>\n<meta name=\"twitter:card\" content=\"summary_large_image\" \/>\n<script type=\"application\/ld+json\" class=\"yoast-schema-graph\">{\"@context\":\"https:\/\/schema.org\",\"@graph\":[{\"@type\":\"WebPage\",\"@id\":\"https:\/\/schumacher-lethal.lu\/de\/shop\/auxerrois-selection\/\",\"url\":\"https:\/\/schumacher-lethal.lu\/de\/shop\/auxerrois-selection\/\",\"name\":\"Auxerrois S\u00e9lection 2022 - Schumacher-Lethal et fils\",\"isPartOf\":{\"@id\":\"https:\/\/schumacher-lethal.lu\/de\/#website\"},\"primaryImageOfPage\":{\"@id\":\"https:\/\/schumacher-lethal.lu\/de\/shop\/auxerrois-selection\/#primaryimage\"},\"image\":{\"@id\":\"https:\/\/schumacher-lethal.lu\/de\/shop\/auxerrois-selection\/#primaryimage\"},\"thumbnailUrl\":\"https:\/\/schumacher-lethal.lu\/wp-content\/uploads\/2015\/08\/auxerrois-selection.png\",\"datePublished\":\"2025-03-28T08:06:25+00:00\",\"dateModified\":\"2025-11-03T14:56:37+00:00\",\"breadcrumb\":{\"@id\":\"https:\/\/schumacher-lethal.lu\/de\/shop\/auxerrois-selection\/#breadcrumb\"},\"inLanguage\":\"de\",\"potentialAction\":[{\"@type\":\"ReadAction\",\"target\":[\"https:\/\/schumacher-lethal.lu\/de\/shop\/auxerrois-selection\/\"]}]},{\"@type\":\"ImageObject\",\"inLanguage\":\"de\",\"@id\":\"https:\/\/schumacher-lethal.lu\/de\/shop\/auxerrois-selection\/#primaryimage\",\"url\":\"https:\/\/schumacher-lethal.lu\/wp-content\/uploads\/2015\/08\/auxerrois-selection.png\",\"contentUrl\":\"https:\/\/schumacher-lethal.lu\/wp-content\/uploads\/2015\/08\/auxerrois-selection.png\",\"width\":2500,\"height\":2500,\"caption\":\"Auxerrois S\u00e9lection\"},{\"@type\":\"BreadcrumbList\",\"@id\":\"https:\/\/schumacher-lethal.lu\/de\/shop\/auxerrois-selection\/#breadcrumb\",\"itemListElement\":[{\"@type\":\"ListItem\",\"position\":1,\"name\":\"Startseite\",\"item\":\"https:\/\/schumacher-lethal.lu\/de\/\"},{\"@type\":\"ListItem\",\"position\":2,\"name\":\"Shop\",\"item\":\"https:\/\/schumacher-lethal.lu\/de\/shop\/\"},{\"@type\":\"ListItem\",\"position\":3,\"name\":\"Auxerrois S\u00e9lection 2022\"}]},{\"@type\":\"WebSite\",\"@id\":\"https:\/\/schumacher-lethal.lu\/de\/#website\",\"url\":\"https:\/\/schumacher-lethal.lu\/de\/\",\"name\":\"Schumacher-Lethal et fils\",\"description\":\"Domaine viticole\",\"publisher\":{\"@id\":\"https:\/\/schumacher-lethal.lu\/de\/#organization\"},\"potentialAction\":[{\"@type\":\"SearchAction\",\"target\":{\"@type\":\"EntryPoint\",\"urlTemplate\":\"https:\/\/schumacher-lethal.lu\/de\/?s={search_term_string}\"},\"query-input\":{\"@type\":\"PropertyValueSpecification\",\"valueRequired\":true,\"valueName\":\"search_term_string\"}}],\"inLanguage\":\"de\"},{\"@type\":\"Organization\",\"@id\":\"https:\/\/schumacher-lethal.lu\/de\/#organization\",\"name\":\"Schumacher-Lethal et fils\",\"url\":\"https:\/\/schumacher-lethal.lu\/de\/\",\"logo\":{\"@type\":\"ImageObject\",\"inLanguage\":\"de\",\"@id\":\"https:\/\/schumacher-lethal.lu\/de\/#\/schema\/logo\/image\/\",\"url\":\"https:\/\/schumacher-lethal.lu\/wp-content\/uploads\/2023\/10\/Schumacher_logo_new.jpg\",\"contentUrl\":\"https:\/\/schumacher-lethal.lu\/wp-content\/uploads\/2023\/10\/Schumacher_logo_new.jpg\",\"width\":738,\"height\":737,\"caption\":\"Schumacher-Lethal et fils\"},\"image\":{\"@id\":\"https:\/\/schumacher-lethal.lu\/de\/#\/schema\/logo\/image\/\"},\"sameAs\":[\"https:\/\/www.facebook.com\/domaineschumacher\",\"https:\/\/www.instagram.com\/schumacherlethal\/\"]}]}<\/script>\n<!-- \/ Yoast SEO plugin. -->","yoast_head_json":{"title":"Auxerrois S\u00e9lection 2022 - Schumacher-Lethal et fils","robots":{"index":"index","follow":"follow","max-snippet":"max-snippet:-1","max-image-preview":"max-image-preview:large","max-video-preview":"max-video-preview:-1"},"canonical":"https:\/\/schumacher-lethal.lu\/de\/shop\/auxerrois-selection\/","og_locale":"de_DE","og_type":"article","og_title":"Auxerrois S\u00e9lection 2022 - Schumacher-Lethal et fils","og_description":"[2022 75cl A.O.P Wormeldange Weinbour Schumacher S\u00e9lection Grand Premier Cru[:fr]2022 75cl A.O.P Wormeldange Weinbour Schumacher S\u00e9lection Grand Premier Cru[:en]2022 75cl A.O.P Wormeldange Weinbour Schumacher S\u00e9lection Grand Premier Cru[:lu]2022 75cl A.O.P Wormeldange Weinbour Schumacher S\u00e9lection Grand Premier Cru[:]","og_url":"https:\/\/schumacher-lethal.lu\/de\/shop\/auxerrois-selection\/","og_site_name":"Schumacher-Lethal et fils","article_publisher":"https:\/\/www.facebook.com\/domaineschumacher","article_modified_time":"2025-11-03T14:56:37+00:00","og_image":[{"width":2500,"height":2500,"url":"https:\/\/schumacher-lethal.lu\/wp-content\/uploads\/2015\/08\/auxerrois-selection.png","type":"image\/png"}],"twitter_card":"summary_large_image","schema":{"@context":"https:\/\/schema.org","@graph":[{"@type":"WebPage","@id":"https:\/\/schumacher-lethal.lu\/de\/shop\/auxerrois-selection\/","url":"https:\/\/schumacher-lethal.lu\/de\/shop\/auxerrois-selection\/","name":"Auxerrois S\u00e9lection 2022 - Schumacher-Lethal et fils","isPartOf":{"@id":"https:\/\/schumacher-lethal.lu\/de\/#website"},"primaryImageOfPage":{"@id":"https:\/\/schumacher-lethal.lu\/de\/shop\/auxerrois-selection\/#primaryimage"},"image":{"@id":"https:\/\/schumacher-lethal.lu\/de\/shop\/auxerrois-selection\/#primaryimage"},"thumbnailUrl":"https:\/\/schumacher-lethal.lu\/wp-content\/uploads\/2015\/08\/auxerrois-selection.png","datePublished":"2025-03-28T08:06:25+00:00","dateModified":"2025-11-03T14:56:37+00:00","breadcrumb":{"@id":"https:\/\/schumacher-lethal.lu\/de\/shop\/auxerrois-selection\/#breadcrumb"},"inLanguage":"de","potentialAction":[{"@type":"ReadAction","target":["https:\/\/schumacher-lethal.lu\/de\/shop\/auxerrois-selection\/"]}]},{"@type":"ImageObject","inLanguage":"de","@id":"https:\/\/schumacher-lethal.lu\/de\/shop\/auxerrois-selection\/#primaryimage","url":"https:\/\/schumacher-lethal.lu\/wp-content\/uploads\/2015\/08\/auxerrois-selection.png","contentUrl":"https:\/\/schumacher-lethal.lu\/wp-content\/uploads\/2015\/08\/auxerrois-selection.png","width":2500,"height":2500,"caption":"Auxerrois S\u00e9lection"},{"@type":"BreadcrumbList","@id":"https:\/\/schumacher-lethal.lu\/de\/shop\/auxerrois-selection\/#breadcrumb","itemListElement":[{"@type":"ListItem","position":1,"name":"Startseite","item":"https:\/\/schumacher-lethal.lu\/de\/"},{"@type":"ListItem","position":2,"name":"Shop","item":"https:\/\/schumacher-lethal.lu\/de\/shop\/"},{"@type":"ListItem","position":3,"name":"Auxerrois S\u00e9lection 2022"}]},{"@type":"WebSite","@id":"https:\/\/schumacher-lethal.lu\/de\/#website","url":"https:\/\/schumacher-lethal.lu\/de\/","name":"Schumacher-Lethal et fils","description":"Domaine viticole","publisher":{"@id":"https:\/\/schumacher-lethal.lu\/de\/#organization"},"potentialAction":[{"@type":"SearchAction","target":{"@type":"EntryPoint","urlTemplate":"https:\/\/schumacher-lethal.lu\/de\/?s={search_term_string}"},"query-input":{"@type":"PropertyValueSpecification","valueRequired":true,"valueName":"search_term_string"}}],"inLanguage":"de"},{"@type":"Organization","@id":"https:\/\/schumacher-lethal.lu\/de\/#organization","name":"Schumacher-Lethal et fils","url":"https:\/\/schumacher-lethal.lu\/de\/","logo":{"@type":"ImageObject","inLanguage":"de","@id":"https:\/\/schumacher-lethal.lu\/de\/#\/schema\/logo\/image\/","url":"https:\/\/schumacher-lethal.lu\/wp-content\/uploads\/2023\/10\/Schumacher_logo_new.jpg","contentUrl":"https:\/\/schumacher-lethal.lu\/wp-content\/uploads\/2023\/10\/Schumacher_logo_new.jpg","width":738,"height":737,"caption":"Schumacher-Lethal et fils"},"image":{"@id":"https:\/\/schumacher-lethal.lu\/de\/#\/schema\/logo\/image\/"},"sameAs":["https:\/\/www.facebook.com\/domaineschumacher","https:\/\/www.instagram.com\/schumacherlethal\/"]}]}},"jetpack_sharing_enabled":true,"_links":{"self":[{"href":"https:\/\/schumacher-lethal.lu\/de\/wp-json\/wp\/v2\/product\/11184","targetHints":{"allow":["GET"]}}],"collection":[{"href":"https:\/\/schumacher-lethal.lu\/de\/wp-json\/wp\/v2\/product"}],"about":[{"href":"https:\/\/schumacher-lethal.lu\/de\/wp-json\/wp\/v2\/types\/product"}],"wp:featuredmedia":[{"embeddable":true,"href":"https:\/\/schumacher-lethal.lu\/de\/wp-json\/wp\/v2\/media\/475"}],"wp:attachment":[{"href":"https:\/\/schumacher-lethal.lu\/de\/wp-json\/wp\/v2\/media?parent=11184"}],"wp:term":[{"taxonomy":"product_brand","embeddable":true,"href":"https:\/\/schumacher-lethal.lu\/de\/wp-json\/wp\/v2\/product_brand?post=11184"},{"taxonomy":"product_cat","embeddable":true,"href":"https:\/\/schumacher-lethal.lu\/de\/wp-json\/wp\/v2\/product_cat?post=11184"},{"taxonomy":"product_tag","embeddable":true,"href":"https:\/\/schumacher-lethal.lu\/de\/wp-json\/wp\/v2\/product_tag?post=11184"}],"curies":[{"name":"wp","href":"https:\/\/api.w.org\/{rel}","templated":true}]}}