{"id":222,"date":"2015-07-17T10:44:55","date_gmt":"2015-07-17T08:44:55","guid":{"rendered":"http:\/\/schumacher-lethal.mayfex.lu\/?post_type=product&#038;p=222"},"modified":"2025-11-03T15:50:39","modified_gmt":"2025-11-03T14:50:39","slug":"pinot-gris","status":"publish","type":"product","link":"https:\/\/schumacher-lethal.lu\/de\/shop\/pinot-gris\/","title":{"rendered":"Pinot Gris Elterberg 2024"},"content":{"rendered":"","protected":false},"excerpt":{"rendered":"<p>2023<br \/>\n75cl<br \/>\nA.O.P<br \/>\nWormeldange Elterberg<br \/>\nGrand Premier Cru<\/p>\n<p>&nbsp;<\/p>\n<p>Dieser einzigartige Wein verk\u00f6rpert einen Adonisk\u00f6rper gepaart mit viel Spiel und Witz. Die Vielschichtigkeit wird von einer dezenten Honignote unterstrichen. Gerade zur asiatischen K\u00fcche gibt es wohl keinen besseren Speisebegleiter. Bei diesem gebietstypischen Pinot Gris entfaltet sich ein Feuerwerk an Fruchtaromen. Ein exotischer Fruchtkorb gef\u00fcllt mit reifen gelben Fr\u00fcchten sorgt gepaart mit eine einzigartigen Mineralit\u00e4t f\u00fcr ein Geschmackserlebnis der besonderen Art. Auch die fleischigen Anlagen des Weines machen ihn zu einem guten Speisebegleiter bei dezent gebratenen Wildgerichten.<\/p>\n<p>Eigenschaften: aromatisch, cremig, vielseitig<br \/>\nAromen: Birne, Aprikose, getrocknete Fr\u00fcchte, reife Fr\u00fcchte<br \/>\nEssen und Trinken: Asiatische K\u00fcche, rotes Fleisch, Wild<br \/>\nVerkostungstemperatur: 10-12\u00b0C<\/p>\n","protected":false},"featured_media":492,"template":"","meta":[],"product_brand":[],"product_cat":[69,41],"product_tag":[],"class_list":{"0":"post-222","1":"product","2":"type-product","3":"status-publish","4":"has-post-thumbnail","6":"product_cat-pinot-gris","7":"product_cat-weisswein","8":"yith_product_brand-domaine-viticole-schumacher","10":"first","11":"instock","12":"taxable","13":"shipping-taxable","14":"purchasable","15":"product-type-variable"},"yoast_head":"<!-- This site is optimized with the Yoast SEO plugin v26.8 - https:\/\/yoast.com\/product\/yoast-seo-wordpress\/ -->\n<title>Pinot Gris Elterberg 2024 - Schumacher-Lethal et fils<\/title>\n<meta name=\"robots\" content=\"index, follow, max-snippet:-1, max-image-preview:large, max-video-preview:-1\" \/>\n<link rel=\"canonical\" href=\"https:\/\/schumacher-lethal.lu\/de\/shop\/pinot-gris\/\" \/>\n<meta property=\"og:locale\" content=\"de_DE\" \/>\n<meta property=\"og:type\" content=\"article\" \/>\n<meta property=\"og:title\" content=\"Pinot Gris Elterberg 2024 - Schumacher-Lethal et fils\" \/>\n<meta property=\"og:description\" content=\"[:de]2023 75cl A.O.P Wormeldange Elterberg Grand Premier Cru  &nbsp;  Dieser einzigartige Wein verk\u00f6rpert einen Adonisk\u00f6rper gepaart mit viel Spiel und Witz. Die Vielschichtigkeit wird von einer dezenten Honignote unterstrichen. Gerade zur asiatischen K\u00fcche gibt es wohl keinen besseren Speisebegleiter. Bei diesem gebietstypischen Pinot Gris entfaltet sich ein Feuerwerk an Fruchtaromen. Ein exotischer Fruchtkorb gef\u00fcllt mit reifen gelben Fr\u00fcchten sorgt gepaart mit eine einzigartigen Mineralit\u00e4t f\u00fcr ein Geschmackserlebnis der besonderen Art. Auch die fleischigen Anlagen des Weines machen ihn zu einem guten Speisebegleiter bei dezent gebratenen Wildgerichten.  Eigenschaften: aromatisch, cremig, vielseitig Aromen: Birne, Aprikose, getrocknete Fr\u00fcchte, reife Fr\u00fcchte Essen und Trinken: Asiatische K\u00fcche, rotes Fleisch, Wild Verkostungstemperatur: 10-12\u00b0C[:fr]2023 75cl A.O.P Wormeldange Elterberg Grand Premier Cru[:en]2023 75cl A.O.P Wormeldange Elterberg Grand Premier Cru[:lu]2023 75cl A.O.P Wormeldange Elterberg Grand Premier Cru[:]\" \/>\n<meta property=\"og:url\" content=\"https:\/\/schumacher-lethal.lu\/de\/shop\/pinot-gris\/\" \/>\n<meta property=\"og:site_name\" content=\"Schumacher-Lethal et fils\" \/>\n<meta property=\"article:publisher\" content=\"https:\/\/www.facebook.com\/domaineschumacher\" \/>\n<meta property=\"article:modified_time\" content=\"2025-11-03T14:50:39+00:00\" \/>\n<meta property=\"og:image\" content=\"https:\/\/schumacher-lethal.lu\/wp-content\/uploads\/2015\/08\/pinot-gris.png\" \/>\n\t<meta property=\"og:image:width\" content=\"2500\" \/>\n\t<meta property=\"og:image:height\" content=\"2500\" \/>\n\t<meta property=\"og:image:type\" content=\"image\/png\" \/>\n<meta name=\"twitter:card\" content=\"summary_large_image\" \/>\n<script type=\"application\/ld+json\" class=\"yoast-schema-graph\">{\"@context\":\"https:\/\/schema.org\",\"@graph\":[{\"@type\":\"WebPage\",\"@id\":\"https:\/\/schumacher-lethal.lu\/de\/shop\/pinot-gris\/\",\"url\":\"https:\/\/schumacher-lethal.lu\/de\/shop\/pinot-gris\/\",\"name\":\"Pinot Gris Elterberg 2024 - Schumacher-Lethal et fils\",\"isPartOf\":{\"@id\":\"https:\/\/schumacher-lethal.lu\/de\/#website\"},\"primaryImageOfPage\":{\"@id\":\"https:\/\/schumacher-lethal.lu\/de\/shop\/pinot-gris\/#primaryimage\"},\"image\":{\"@id\":\"https:\/\/schumacher-lethal.lu\/de\/shop\/pinot-gris\/#primaryimage\"},\"thumbnailUrl\":\"https:\/\/schumacher-lethal.lu\/wp-content\/uploads\/2015\/08\/pinot-gris.png\",\"datePublished\":\"2015-07-17T08:44:55+00:00\",\"dateModified\":\"2025-11-03T14:50:39+00:00\",\"breadcrumb\":{\"@id\":\"https:\/\/schumacher-lethal.lu\/de\/shop\/pinot-gris\/#breadcrumb\"},\"inLanguage\":\"de\",\"potentialAction\":[{\"@type\":\"ReadAction\",\"target\":[\"https:\/\/schumacher-lethal.lu\/de\/shop\/pinot-gris\/\"]}]},{\"@type\":\"ImageObject\",\"inLanguage\":\"de\",\"@id\":\"https:\/\/schumacher-lethal.lu\/de\/shop\/pinot-gris\/#primaryimage\",\"url\":\"https:\/\/schumacher-lethal.lu\/wp-content\/uploads\/2015\/08\/pinot-gris.png\",\"contentUrl\":\"https:\/\/schumacher-lethal.lu\/wp-content\/uploads\/2015\/08\/pinot-gris.png\",\"width\":2500,\"height\":2500,\"caption\":\"Pinot Gris\"},{\"@type\":\"BreadcrumbList\",\"@id\":\"https:\/\/schumacher-lethal.lu\/de\/shop\/pinot-gris\/#breadcrumb\",\"itemListElement\":[{\"@type\":\"ListItem\",\"position\":1,\"name\":\"Startseite\",\"item\":\"https:\/\/schumacher-lethal.lu\/de\/\"},{\"@type\":\"ListItem\",\"position\":2,\"name\":\"Shop\",\"item\":\"https:\/\/schumacher-lethal.lu\/de\/shop\/\"},{\"@type\":\"ListItem\",\"position\":3,\"name\":\"Pinot Gris Elterberg 2024\"}]},{\"@type\":\"WebSite\",\"@id\":\"https:\/\/schumacher-lethal.lu\/de\/#website\",\"url\":\"https:\/\/schumacher-lethal.lu\/de\/\",\"name\":\"Schumacher-Lethal et fils\",\"description\":\"Domaine viticole\",\"publisher\":{\"@id\":\"https:\/\/schumacher-lethal.lu\/de\/#organization\"},\"potentialAction\":[{\"@type\":\"SearchAction\",\"target\":{\"@type\":\"EntryPoint\",\"urlTemplate\":\"https:\/\/schumacher-lethal.lu\/de\/?s={search_term_string}\"},\"query-input\":{\"@type\":\"PropertyValueSpecification\",\"valueRequired\":true,\"valueName\":\"search_term_string\"}}],\"inLanguage\":\"de\"},{\"@type\":\"Organization\",\"@id\":\"https:\/\/schumacher-lethal.lu\/de\/#organization\",\"name\":\"Schumacher-Lethal et fils\",\"url\":\"https:\/\/schumacher-lethal.lu\/de\/\",\"logo\":{\"@type\":\"ImageObject\",\"inLanguage\":\"de\",\"@id\":\"https:\/\/schumacher-lethal.lu\/de\/#\/schema\/logo\/image\/\",\"url\":\"https:\/\/schumacher-lethal.lu\/wp-content\/uploads\/2023\/10\/Schumacher_logo_new.jpg\",\"contentUrl\":\"https:\/\/schumacher-lethal.lu\/wp-content\/uploads\/2023\/10\/Schumacher_logo_new.jpg\",\"width\":738,\"height\":737,\"caption\":\"Schumacher-Lethal et fils\"},\"image\":{\"@id\":\"https:\/\/schumacher-lethal.lu\/de\/#\/schema\/logo\/image\/\"},\"sameAs\":[\"https:\/\/www.facebook.com\/domaineschumacher\",\"https:\/\/www.instagram.com\/schumacherlethal\/\"]}]}<\/script>\n<!-- \/ Yoast SEO plugin. -->","yoast_head_json":{"title":"Pinot Gris Elterberg 2024 - Schumacher-Lethal et fils","robots":{"index":"index","follow":"follow","max-snippet":"max-snippet:-1","max-image-preview":"max-image-preview:large","max-video-preview":"max-video-preview:-1"},"canonical":"https:\/\/schumacher-lethal.lu\/de\/shop\/pinot-gris\/","og_locale":"de_DE","og_type":"article","og_title":"Pinot Gris Elterberg 2024 - Schumacher-Lethal et fils","og_description":"[:de]2023 75cl A.O.P Wormeldange Elterberg Grand Premier Cru  &nbsp;  Dieser einzigartige Wein verk\u00f6rpert einen Adonisk\u00f6rper gepaart mit viel Spiel und Witz. Die Vielschichtigkeit wird von einer dezenten Honignote unterstrichen. Gerade zur asiatischen K\u00fcche gibt es wohl keinen besseren Speisebegleiter. Bei diesem gebietstypischen Pinot Gris entfaltet sich ein Feuerwerk an Fruchtaromen. Ein exotischer Fruchtkorb gef\u00fcllt mit reifen gelben Fr\u00fcchten sorgt gepaart mit eine einzigartigen Mineralit\u00e4t f\u00fcr ein Geschmackserlebnis der besonderen Art. Auch die fleischigen Anlagen des Weines machen ihn zu einem guten Speisebegleiter bei dezent gebratenen Wildgerichten.  Eigenschaften: aromatisch, cremig, vielseitig Aromen: Birne, Aprikose, getrocknete Fr\u00fcchte, reife Fr\u00fcchte Essen und Trinken: Asiatische K\u00fcche, rotes Fleisch, Wild Verkostungstemperatur: 10-12\u00b0C[:fr]2023 75cl A.O.P Wormeldange Elterberg Grand Premier Cru[:en]2023 75cl A.O.P Wormeldange Elterberg Grand Premier Cru[:lu]2023 75cl A.O.P Wormeldange Elterberg Grand Premier Cru[:]","og_url":"https:\/\/schumacher-lethal.lu\/de\/shop\/pinot-gris\/","og_site_name":"Schumacher-Lethal et fils","article_publisher":"https:\/\/www.facebook.com\/domaineschumacher","article_modified_time":"2025-11-03T14:50:39+00:00","og_image":[{"width":2500,"height":2500,"url":"https:\/\/schumacher-lethal.lu\/wp-content\/uploads\/2015\/08\/pinot-gris.png","type":"image\/png"}],"twitter_card":"summary_large_image","schema":{"@context":"https:\/\/schema.org","@graph":[{"@type":"WebPage","@id":"https:\/\/schumacher-lethal.lu\/de\/shop\/pinot-gris\/","url":"https:\/\/schumacher-lethal.lu\/de\/shop\/pinot-gris\/","name":"Pinot Gris Elterberg 2024 - Schumacher-Lethal et fils","isPartOf":{"@id":"https:\/\/schumacher-lethal.lu\/de\/#website"},"primaryImageOfPage":{"@id":"https:\/\/schumacher-lethal.lu\/de\/shop\/pinot-gris\/#primaryimage"},"image":{"@id":"https:\/\/schumacher-lethal.lu\/de\/shop\/pinot-gris\/#primaryimage"},"thumbnailUrl":"https:\/\/schumacher-lethal.lu\/wp-content\/uploads\/2015\/08\/pinot-gris.png","datePublished":"2015-07-17T08:44:55+00:00","dateModified":"2025-11-03T14:50:39+00:00","breadcrumb":{"@id":"https:\/\/schumacher-lethal.lu\/de\/shop\/pinot-gris\/#breadcrumb"},"inLanguage":"de","potentialAction":[{"@type":"ReadAction","target":["https:\/\/schumacher-lethal.lu\/de\/shop\/pinot-gris\/"]}]},{"@type":"ImageObject","inLanguage":"de","@id":"https:\/\/schumacher-lethal.lu\/de\/shop\/pinot-gris\/#primaryimage","url":"https:\/\/schumacher-lethal.lu\/wp-content\/uploads\/2015\/08\/pinot-gris.png","contentUrl":"https:\/\/schumacher-lethal.lu\/wp-content\/uploads\/2015\/08\/pinot-gris.png","width":2500,"height":2500,"caption":"Pinot Gris"},{"@type":"BreadcrumbList","@id":"https:\/\/schumacher-lethal.lu\/de\/shop\/pinot-gris\/#breadcrumb","itemListElement":[{"@type":"ListItem","position":1,"name":"Startseite","item":"https:\/\/schumacher-lethal.lu\/de\/"},{"@type":"ListItem","position":2,"name":"Shop","item":"https:\/\/schumacher-lethal.lu\/de\/shop\/"},{"@type":"ListItem","position":3,"name":"Pinot Gris Elterberg 2024"}]},{"@type":"WebSite","@id":"https:\/\/schumacher-lethal.lu\/de\/#website","url":"https:\/\/schumacher-lethal.lu\/de\/","name":"Schumacher-Lethal et fils","description":"Domaine viticole","publisher":{"@id":"https:\/\/schumacher-lethal.lu\/de\/#organization"},"potentialAction":[{"@type":"SearchAction","target":{"@type":"EntryPoint","urlTemplate":"https:\/\/schumacher-lethal.lu\/de\/?s={search_term_string}"},"query-input":{"@type":"PropertyValueSpecification","valueRequired":true,"valueName":"search_term_string"}}],"inLanguage":"de"},{"@type":"Organization","@id":"https:\/\/schumacher-lethal.lu\/de\/#organization","name":"Schumacher-Lethal et fils","url":"https:\/\/schumacher-lethal.lu\/de\/","logo":{"@type":"ImageObject","inLanguage":"de","@id":"https:\/\/schumacher-lethal.lu\/de\/#\/schema\/logo\/image\/","url":"https:\/\/schumacher-lethal.lu\/wp-content\/uploads\/2023\/10\/Schumacher_logo_new.jpg","contentUrl":"https:\/\/schumacher-lethal.lu\/wp-content\/uploads\/2023\/10\/Schumacher_logo_new.jpg","width":738,"height":737,"caption":"Schumacher-Lethal et fils"},"image":{"@id":"https:\/\/schumacher-lethal.lu\/de\/#\/schema\/logo\/image\/"},"sameAs":["https:\/\/www.facebook.com\/domaineschumacher","https:\/\/www.instagram.com\/schumacherlethal\/"]}]}},"jetpack_sharing_enabled":true,"_links":{"self":[{"href":"https:\/\/schumacher-lethal.lu\/de\/wp-json\/wp\/v2\/product\/222","targetHints":{"allow":["GET"]}}],"collection":[{"href":"https:\/\/schumacher-lethal.lu\/de\/wp-json\/wp\/v2\/product"}],"about":[{"href":"https:\/\/schumacher-lethal.lu\/de\/wp-json\/wp\/v2\/types\/product"}],"wp:featuredmedia":[{"embeddable":true,"href":"https:\/\/schumacher-lethal.lu\/de\/wp-json\/wp\/v2\/media\/492"}],"wp:attachment":[{"href":"https:\/\/schumacher-lethal.lu\/de\/wp-json\/wp\/v2\/media?parent=222"}],"wp:term":[{"taxonomy":"product_brand","embeddable":true,"href":"https:\/\/schumacher-lethal.lu\/de\/wp-json\/wp\/v2\/product_brand?post=222"},{"taxonomy":"product_cat","embeddable":true,"href":"https:\/\/schumacher-lethal.lu\/de\/wp-json\/wp\/v2\/product_cat?post=222"},{"taxonomy":"product_tag","embeddable":true,"href":"https:\/\/schumacher-lethal.lu\/de\/wp-json\/wp\/v2\/product_tag?post=222"}],"curies":[{"name":"wp","href":"https:\/\/api.w.org\/{rel}","templated":true}]}}