{"id":274,"date":"2015-07-17T16:01:45","date_gmt":"2015-07-17T14:01:45","guid":{"rendered":"http:\/\/schumacher-lethal.mayfex.lu\/produkt\/rivaner-2\/"},"modified":"2025-11-03T15:51:02","modified_gmt":"2025-11-03T14:51:02","slug":"rivaner","status":"publish","type":"product","link":"https:\/\/schumacher-lethal.lu\/de\/shop\/rivaner\/","title":{"rendered":"Rivaner 1L 2024"},"content":{"rendered":"","protected":false},"excerpt":{"rendered":"<p>2023<br \/>\n100cl<br \/>\nA.O.P<\/p>\n<p>Premier Cru<br \/>\nC\u00f4teaux de Wormeldange<\/p>\n<p>Ein angenehm milder Wein mit typischem Duft, der trotz seines fruchtigen Geschmacks leicht bleibt. Er ist ein geselliger Wein und passt sehr gut zum Aperitif. W\u00e4hrend eines Essens kann er sehr wohl der Rolle eines \u201ePassepartout-Weines\u201c gerecht werden.<\/p>\n<p>Eigenschaften: fruchtig, geschmeidig, jung, gut zu trinken<br \/>\nAromen: Muskat, Apfel, Mirabelle, Aprikose<br \/>\nEssen und Trinken: Vorspeisen, einfache Gerichte<br \/>\nVerkostungstemperatur: 8-10\u00b0C<\/p>\n","protected":false},"featured_media":466,"template":"","meta":[],"product_brand":[],"product_cat":[64,41],"product_tag":[],"class_list":{"0":"post-274","1":"product","2":"type-product","3":"status-publish","4":"has-post-thumbnail","6":"product_cat-rivaner","7":"product_cat-weisswein","8":"yith_product_brand-domaine-viticole-schumacher","10":"first","11":"instock","12":"taxable","13":"shipping-taxable","14":"purchasable","15":"product-type-variable","16":"has-default-attributes"},"yoast_head":"<!-- This site is optimized with the Yoast SEO plugin v26.8 - https:\/\/yoast.com\/product\/yoast-seo-wordpress\/ -->\n<title>Rivaner 1L 2024 - Schumacher-Lethal et fils<\/title>\n<meta name=\"robots\" content=\"index, follow, max-snippet:-1, max-image-preview:large, max-video-preview:-1\" \/>\n<link rel=\"canonical\" href=\"https:\/\/schumacher-lethal.lu\/fr\/shop\/rivaner\/\" \/>\n<meta property=\"og:locale\" content=\"de_DE\" \/>\n<meta property=\"og:type\" content=\"article\" \/>\n<meta property=\"og:title\" content=\"Rivaner 1L 2024 - Schumacher-Lethal et fils\" \/>\n<meta property=\"og:description\" content=\"[:de]2023 100cl A.O.P  Premier Cru C\u00f4teaux de Wormeldange  Ein angenehm milder Wein mit typischem Duft, der trotz seines fruchtigen Geschmacks leicht bleibt. Er ist ein geselliger Wein und passt sehr gut zum Aperitif. W\u00e4hrend eines Essens kann er sehr wohl der Rolle eines \u201ePassepartout-Weines\u201c gerecht werden.  Eigenschaften: fruchtig, geschmeidig, jung, gut zu trinken Aromen: Muskat, Apfel, Mirabelle, Aprikose Essen und Trinken: Vorspeisen, einfache Gerichte Verkostungstemperatur: 8-10\u00b0C[:fr]2022 100cl A.O.P  Premier Cru C\u00f4teaux de Wormeldange[:en]2022 100cl A.O.P  Premier Cru C\u00f4teaux de Wormeldange[:lu]2022 100cl A.O.P  Premier Cru C\u00f4teaux de Wormeldange[:]\" \/>\n<meta property=\"og:url\" content=\"https:\/\/schumacher-lethal.lu\/fr\/shop\/rivaner\/\" \/>\n<meta property=\"og:site_name\" content=\"Schumacher-Lethal et fils\" \/>\n<meta property=\"article:publisher\" content=\"https:\/\/www.facebook.com\/domaineschumacher\" \/>\n<meta property=\"article:modified_time\" content=\"2025-11-03T14:51:02+00:00\" \/>\n<meta property=\"og:image\" content=\"https:\/\/schumacher-lethal.lu\/wp-content\/uploads\/2015\/08\/rivaner.png\" \/>\n\t<meta property=\"og:image:width\" content=\"2500\" \/>\n\t<meta property=\"og:image:height\" content=\"2500\" \/>\n\t<meta property=\"og:image:type\" content=\"image\/png\" \/>\n<meta name=\"twitter:card\" content=\"summary_large_image\" \/>\n<script type=\"application\/ld+json\" class=\"yoast-schema-graph\">{\"@context\":\"https:\/\/schema.org\",\"@graph\":[{\"@type\":\"WebPage\",\"@id\":\"https:\/\/schumacher-lethal.lu\/fr\/shop\/rivaner\/\",\"url\":\"https:\/\/schumacher-lethal.lu\/fr\/shop\/rivaner\/\",\"name\":\"Rivaner 1L 2024 - Schumacher-Lethal et fils\",\"isPartOf\":{\"@id\":\"https:\/\/schumacher-lethal.lu\/de\/#website\"},\"primaryImageOfPage\":{\"@id\":\"https:\/\/schumacher-lethal.lu\/fr\/shop\/rivaner\/#primaryimage\"},\"image\":{\"@id\":\"https:\/\/schumacher-lethal.lu\/fr\/shop\/rivaner\/#primaryimage\"},\"thumbnailUrl\":\"https:\/\/schumacher-lethal.lu\/wp-content\/uploads\/2015\/08\/rivaner.png\",\"datePublished\":\"2015-07-17T14:01:45+00:00\",\"dateModified\":\"2025-11-03T14:51:02+00:00\",\"breadcrumb\":{\"@id\":\"https:\/\/schumacher-lethal.lu\/fr\/shop\/rivaner\/#breadcrumb\"},\"inLanguage\":\"de\",\"potentialAction\":[{\"@type\":\"ReadAction\",\"target\":[\"https:\/\/schumacher-lethal.lu\/fr\/shop\/rivaner\/\"]}]},{\"@type\":\"ImageObject\",\"inLanguage\":\"de\",\"@id\":\"https:\/\/schumacher-lethal.lu\/fr\/shop\/rivaner\/#primaryimage\",\"url\":\"https:\/\/schumacher-lethal.lu\/wp-content\/uploads\/2015\/08\/rivaner.png\",\"contentUrl\":\"https:\/\/schumacher-lethal.lu\/wp-content\/uploads\/2015\/08\/rivaner.png\",\"width\":2500,\"height\":2500,\"caption\":\"Rivaner\"},{\"@type\":\"BreadcrumbList\",\"@id\":\"https:\/\/schumacher-lethal.lu\/fr\/shop\/rivaner\/#breadcrumb\",\"itemListElement\":[{\"@type\":\"ListItem\",\"position\":1,\"name\":\"Startseite\",\"item\":\"https:\/\/schumacher-lethal.lu\/de\/\"},{\"@type\":\"ListItem\",\"position\":2,\"name\":\"Shop\",\"item\":\"https:\/\/schumacher-lethal.lu\/de\/shop\/\"},{\"@type\":\"ListItem\",\"position\":3,\"name\":\"Rivaner 1L 2024\"}]},{\"@type\":\"WebSite\",\"@id\":\"https:\/\/schumacher-lethal.lu\/de\/#website\",\"url\":\"https:\/\/schumacher-lethal.lu\/de\/\",\"name\":\"Schumacher-Lethal et fils\",\"description\":\"Domaine viticole\",\"publisher\":{\"@id\":\"https:\/\/schumacher-lethal.lu\/de\/#organization\"},\"potentialAction\":[{\"@type\":\"SearchAction\",\"target\":{\"@type\":\"EntryPoint\",\"urlTemplate\":\"https:\/\/schumacher-lethal.lu\/de\/?s={search_term_string}\"},\"query-input\":{\"@type\":\"PropertyValueSpecification\",\"valueRequired\":true,\"valueName\":\"search_term_string\"}}],\"inLanguage\":\"de\"},{\"@type\":\"Organization\",\"@id\":\"https:\/\/schumacher-lethal.lu\/de\/#organization\",\"name\":\"Schumacher-Lethal et fils\",\"url\":\"https:\/\/schumacher-lethal.lu\/de\/\",\"logo\":{\"@type\":\"ImageObject\",\"inLanguage\":\"de\",\"@id\":\"https:\/\/schumacher-lethal.lu\/de\/#\/schema\/logo\/image\/\",\"url\":\"https:\/\/schumacher-lethal.lu\/wp-content\/uploads\/2023\/10\/Schumacher_logo_new.jpg\",\"contentUrl\":\"https:\/\/schumacher-lethal.lu\/wp-content\/uploads\/2023\/10\/Schumacher_logo_new.jpg\",\"width\":738,\"height\":737,\"caption\":\"Schumacher-Lethal et fils\"},\"image\":{\"@id\":\"https:\/\/schumacher-lethal.lu\/de\/#\/schema\/logo\/image\/\"},\"sameAs\":[\"https:\/\/www.facebook.com\/domaineschumacher\",\"https:\/\/www.instagram.com\/schumacherlethal\/\"]}]}<\/script>\n<!-- \/ Yoast SEO plugin. -->","yoast_head_json":{"title":"Rivaner 1L 2024 - Schumacher-Lethal et fils","robots":{"index":"index","follow":"follow","max-snippet":"max-snippet:-1","max-image-preview":"max-image-preview:large","max-video-preview":"max-video-preview:-1"},"canonical":"https:\/\/schumacher-lethal.lu\/fr\/shop\/rivaner\/","og_locale":"de_DE","og_type":"article","og_title":"Rivaner 1L 2024 - Schumacher-Lethal et fils","og_description":"[:de]2023 100cl A.O.P  Premier Cru C\u00f4teaux de Wormeldange  Ein angenehm milder Wein mit typischem Duft, der trotz seines fruchtigen Geschmacks leicht bleibt. Er ist ein geselliger Wein und passt sehr gut zum Aperitif. W\u00e4hrend eines Essens kann er sehr wohl der Rolle eines \u201ePassepartout-Weines\u201c gerecht werden.  Eigenschaften: fruchtig, geschmeidig, jung, gut zu trinken Aromen: Muskat, Apfel, Mirabelle, Aprikose Essen und Trinken: Vorspeisen, einfache Gerichte Verkostungstemperatur: 8-10\u00b0C[:fr]2022 100cl A.O.P  Premier Cru C\u00f4teaux de Wormeldange[:en]2022 100cl A.O.P  Premier Cru C\u00f4teaux de Wormeldange[:lu]2022 100cl A.O.P  Premier Cru C\u00f4teaux de Wormeldange[:]","og_url":"https:\/\/schumacher-lethal.lu\/fr\/shop\/rivaner\/","og_site_name":"Schumacher-Lethal et fils","article_publisher":"https:\/\/www.facebook.com\/domaineschumacher","article_modified_time":"2025-11-03T14:51:02+00:00","og_image":[{"width":2500,"height":2500,"url":"https:\/\/schumacher-lethal.lu\/wp-content\/uploads\/2015\/08\/rivaner.png","type":"image\/png"}],"twitter_card":"summary_large_image","schema":{"@context":"https:\/\/schema.org","@graph":[{"@type":"WebPage","@id":"https:\/\/schumacher-lethal.lu\/fr\/shop\/rivaner\/","url":"https:\/\/schumacher-lethal.lu\/fr\/shop\/rivaner\/","name":"Rivaner 1L 2024 - Schumacher-Lethal et fils","isPartOf":{"@id":"https:\/\/schumacher-lethal.lu\/de\/#website"},"primaryImageOfPage":{"@id":"https:\/\/schumacher-lethal.lu\/fr\/shop\/rivaner\/#primaryimage"},"image":{"@id":"https:\/\/schumacher-lethal.lu\/fr\/shop\/rivaner\/#primaryimage"},"thumbnailUrl":"https:\/\/schumacher-lethal.lu\/wp-content\/uploads\/2015\/08\/rivaner.png","datePublished":"2015-07-17T14:01:45+00:00","dateModified":"2025-11-03T14:51:02+00:00","breadcrumb":{"@id":"https:\/\/schumacher-lethal.lu\/fr\/shop\/rivaner\/#breadcrumb"},"inLanguage":"de","potentialAction":[{"@type":"ReadAction","target":["https:\/\/schumacher-lethal.lu\/fr\/shop\/rivaner\/"]}]},{"@type":"ImageObject","inLanguage":"de","@id":"https:\/\/schumacher-lethal.lu\/fr\/shop\/rivaner\/#primaryimage","url":"https:\/\/schumacher-lethal.lu\/wp-content\/uploads\/2015\/08\/rivaner.png","contentUrl":"https:\/\/schumacher-lethal.lu\/wp-content\/uploads\/2015\/08\/rivaner.png","width":2500,"height":2500,"caption":"Rivaner"},{"@type":"BreadcrumbList","@id":"https:\/\/schumacher-lethal.lu\/fr\/shop\/rivaner\/#breadcrumb","itemListElement":[{"@type":"ListItem","position":1,"name":"Startseite","item":"https:\/\/schumacher-lethal.lu\/de\/"},{"@type":"ListItem","position":2,"name":"Shop","item":"https:\/\/schumacher-lethal.lu\/de\/shop\/"},{"@type":"ListItem","position":3,"name":"Rivaner 1L 2024"}]},{"@type":"WebSite","@id":"https:\/\/schumacher-lethal.lu\/de\/#website","url":"https:\/\/schumacher-lethal.lu\/de\/","name":"Schumacher-Lethal et fils","description":"Domaine viticole","publisher":{"@id":"https:\/\/schumacher-lethal.lu\/de\/#organization"},"potentialAction":[{"@type":"SearchAction","target":{"@type":"EntryPoint","urlTemplate":"https:\/\/schumacher-lethal.lu\/de\/?s={search_term_string}"},"query-input":{"@type":"PropertyValueSpecification","valueRequired":true,"valueName":"search_term_string"}}],"inLanguage":"de"},{"@type":"Organization","@id":"https:\/\/schumacher-lethal.lu\/de\/#organization","name":"Schumacher-Lethal et fils","url":"https:\/\/schumacher-lethal.lu\/de\/","logo":{"@type":"ImageObject","inLanguage":"de","@id":"https:\/\/schumacher-lethal.lu\/de\/#\/schema\/logo\/image\/","url":"https:\/\/schumacher-lethal.lu\/wp-content\/uploads\/2023\/10\/Schumacher_logo_new.jpg","contentUrl":"https:\/\/schumacher-lethal.lu\/wp-content\/uploads\/2023\/10\/Schumacher_logo_new.jpg","width":738,"height":737,"caption":"Schumacher-Lethal et fils"},"image":{"@id":"https:\/\/schumacher-lethal.lu\/de\/#\/schema\/logo\/image\/"},"sameAs":["https:\/\/www.facebook.com\/domaineschumacher","https:\/\/www.instagram.com\/schumacherlethal\/"]}]}},"jetpack_sharing_enabled":true,"_links":{"self":[{"href":"https:\/\/schumacher-lethal.lu\/de\/wp-json\/wp\/v2\/product\/274","targetHints":{"allow":["GET"]}}],"collection":[{"href":"https:\/\/schumacher-lethal.lu\/de\/wp-json\/wp\/v2\/product"}],"about":[{"href":"https:\/\/schumacher-lethal.lu\/de\/wp-json\/wp\/v2\/types\/product"}],"wp:featuredmedia":[{"embeddable":true,"href":"https:\/\/schumacher-lethal.lu\/de\/wp-json\/wp\/v2\/media\/466"}],"wp:attachment":[{"href":"https:\/\/schumacher-lethal.lu\/de\/wp-json\/wp\/v2\/media?parent=274"}],"wp:term":[{"taxonomy":"product_brand","embeddable":true,"href":"https:\/\/schumacher-lethal.lu\/de\/wp-json\/wp\/v2\/product_brand?post=274"},{"taxonomy":"product_cat","embeddable":true,"href":"https:\/\/schumacher-lethal.lu\/de\/wp-json\/wp\/v2\/product_cat?post=274"},{"taxonomy":"product_tag","embeddable":true,"href":"https:\/\/schumacher-lethal.lu\/de\/wp-json\/wp\/v2\/product_tag?post=274"}],"curies":[{"name":"wp","href":"https:\/\/api.w.org\/{rel}","templated":true}]}}