{"id":291,"date":"2015-07-18T19:55:33","date_gmt":"2015-07-18T17:55:33","guid":{"rendered":"http:\/\/schumacher-lethal.mayfex.lu\/?post_type=product&#038;p=291"},"modified":"2025-10-24T11:19:40","modified_gmt":"2025-10-24T09:19:40","slug":"blauer-zweigelt","status":"publish","type":"product","link":"https:\/\/schumacher-lethal.lu\/de\/shop\/blauer-zweigelt\/","title":{"rendered":"Blauer Zweigelt 2022"},"content":{"rendered":"","protected":false},"excerpt":{"rendered":"<p>2022<br \/>\n75cl<\/p>\n<p>Im Eichenfass gereift<\/p>\n<p>Rotwein, im Holz aussgebaut, mit sanftem Bukett von roten Fr\u00fcchten, samtig und fruchtig. Er passt hervorragend zu Wildgerichten und Lammfleisch.<\/p>\n<p>Eigenschaften: eleganter, harmonischer Rotwein im Eichenholzfass vinifiziert\u2028, Wein mit viel Dichte<br \/>\nAromen: Himbeere, Johannisbeere, Sauerkirsche, Hollunder<br \/>\nEssen und Trinken: rotes Fleisch, Wild, K\u00e4se<br \/>\nVerkostungstemperatur: 14-16\u00b0C<\/p>\n","protected":false},"featured_media":477,"template":"","meta":[],"product_brand":[],"product_cat":[72,42],"product_tag":[],"class_list":{"0":"post-291","1":"product","2":"type-product","3":"status-publish","4":"has-post-thumbnail","6":"product_cat-pinot-noir","7":"product_cat-rotwein","8":"yith_product_brand-domaine-viticole-schumacher","10":"first","11":"instock","12":"taxable","13":"shipping-taxable","14":"purchasable","15":"product-type-variable"},"yoast_head":"<!-- This site is optimized with the Yoast SEO plugin v26.8 - https:\/\/yoast.com\/product\/yoast-seo-wordpress\/ -->\n<title>Blauer Zweigelt 2022 - Schumacher-Lethal et fils<\/title>\n<meta name=\"robots\" content=\"index, follow, max-snippet:-1, max-image-preview:large, max-video-preview:-1\" \/>\n<link rel=\"canonical\" href=\"https:\/\/schumacher-lethal.lu\/en\/shop\/blauer-zweigelt\/\" \/>\n<meta property=\"og:locale\" content=\"de_DE\" \/>\n<meta property=\"og:type\" content=\"article\" \/>\n<meta property=\"og:title\" content=\"Blauer Zweigelt 2022 - Schumacher-Lethal et fils\" \/>\n<meta property=\"og:description\" content=\"[:de]2022 75cl  Im Eichenfass gereift  Rotwein, im Holz aussgebaut, mit sanftem Bukett von roten Fr\u00fcchten, samtig und fruchtig. Er passt hervorragend zu Wildgerichten und Lammfleisch.  Eigenschaften: eleganter, harmonischer Rotwein im Eichenholzfass vinifiziert\u2028, Wein mit viel Dichte Aromen: Himbeere, Johannisbeere, Sauerkirsche, Hollunder Essen und Trinken: rotes Fleisch, Wild, K\u00e4se Verkostungstemperatur: 14-16\u00b0C[:fr]2022 75cl  \u00c9lev\u00e9 en f\u00fbt de ch\u00eane[:en]2022 75cl  Aged in oak barrels[:lu]2022 75cl  Am Eechefaass ger\u00e4ift[:]\" \/>\n<meta property=\"og:url\" content=\"https:\/\/schumacher-lethal.lu\/en\/shop\/blauer-zweigelt\/\" \/>\n<meta property=\"og:site_name\" content=\"Schumacher-Lethal et fils\" \/>\n<meta property=\"article:publisher\" content=\"https:\/\/www.facebook.com\/domaineschumacher\" \/>\n<meta property=\"article:modified_time\" content=\"2025-10-24T09:19:40+00:00\" \/>\n<meta property=\"og:image\" content=\"https:\/\/schumacher-lethal.lu\/wp-content\/uploads\/2015\/08\/blauer-zweigelt.png\" \/>\n\t<meta property=\"og:image:width\" content=\"2500\" \/>\n\t<meta property=\"og:image:height\" content=\"2500\" \/>\n\t<meta property=\"og:image:type\" content=\"image\/png\" \/>\n<meta name=\"twitter:card\" content=\"summary_large_image\" \/>\n<script type=\"application\/ld+json\" class=\"yoast-schema-graph\">{\"@context\":\"https:\/\/schema.org\",\"@graph\":[{\"@type\":\"WebPage\",\"@id\":\"https:\/\/schumacher-lethal.lu\/en\/shop\/blauer-zweigelt\/\",\"url\":\"https:\/\/schumacher-lethal.lu\/en\/shop\/blauer-zweigelt\/\",\"name\":\"Blauer Zweigelt 2022 - Schumacher-Lethal et fils\",\"isPartOf\":{\"@id\":\"https:\/\/schumacher-lethal.lu\/de\/#website\"},\"primaryImageOfPage\":{\"@id\":\"https:\/\/schumacher-lethal.lu\/en\/shop\/blauer-zweigelt\/#primaryimage\"},\"image\":{\"@id\":\"https:\/\/schumacher-lethal.lu\/en\/shop\/blauer-zweigelt\/#primaryimage\"},\"thumbnailUrl\":\"https:\/\/schumacher-lethal.lu\/wp-content\/uploads\/2015\/08\/blauer-zweigelt.png\",\"datePublished\":\"2015-07-18T17:55:33+00:00\",\"dateModified\":\"2025-10-24T09:19:40+00:00\",\"breadcrumb\":{\"@id\":\"https:\/\/schumacher-lethal.lu\/en\/shop\/blauer-zweigelt\/#breadcrumb\"},\"inLanguage\":\"de\",\"potentialAction\":[{\"@type\":\"ReadAction\",\"target\":[\"https:\/\/schumacher-lethal.lu\/en\/shop\/blauer-zweigelt\/\"]}]},{\"@type\":\"ImageObject\",\"inLanguage\":\"de\",\"@id\":\"https:\/\/schumacher-lethal.lu\/en\/shop\/blauer-zweigelt\/#primaryimage\",\"url\":\"https:\/\/schumacher-lethal.lu\/wp-content\/uploads\/2015\/08\/blauer-zweigelt.png\",\"contentUrl\":\"https:\/\/schumacher-lethal.lu\/wp-content\/uploads\/2015\/08\/blauer-zweigelt.png\",\"width\":2500,\"height\":2500,\"caption\":\"Blauer Zweigelt\"},{\"@type\":\"BreadcrumbList\",\"@id\":\"https:\/\/schumacher-lethal.lu\/en\/shop\/blauer-zweigelt\/#breadcrumb\",\"itemListElement\":[{\"@type\":\"ListItem\",\"position\":1,\"name\":\"Startseite\",\"item\":\"https:\/\/schumacher-lethal.lu\/de\/\"},{\"@type\":\"ListItem\",\"position\":2,\"name\":\"Shop\",\"item\":\"https:\/\/schumacher-lethal.lu\/de\/shop\/\"},{\"@type\":\"ListItem\",\"position\":3,\"name\":\"Blauer Zweigelt 2022\"}]},{\"@type\":\"WebSite\",\"@id\":\"https:\/\/schumacher-lethal.lu\/de\/#website\",\"url\":\"https:\/\/schumacher-lethal.lu\/de\/\",\"name\":\"Schumacher-Lethal et fils\",\"description\":\"Domaine viticole\",\"publisher\":{\"@id\":\"https:\/\/schumacher-lethal.lu\/de\/#organization\"},\"potentialAction\":[{\"@type\":\"SearchAction\",\"target\":{\"@type\":\"EntryPoint\",\"urlTemplate\":\"https:\/\/schumacher-lethal.lu\/de\/?s={search_term_string}\"},\"query-input\":{\"@type\":\"PropertyValueSpecification\",\"valueRequired\":true,\"valueName\":\"search_term_string\"}}],\"inLanguage\":\"de\"},{\"@type\":\"Organization\",\"@id\":\"https:\/\/schumacher-lethal.lu\/de\/#organization\",\"name\":\"Schumacher-Lethal et fils\",\"url\":\"https:\/\/schumacher-lethal.lu\/de\/\",\"logo\":{\"@type\":\"ImageObject\",\"inLanguage\":\"de\",\"@id\":\"https:\/\/schumacher-lethal.lu\/de\/#\/schema\/logo\/image\/\",\"url\":\"https:\/\/schumacher-lethal.lu\/wp-content\/uploads\/2023\/10\/Schumacher_logo_new.jpg\",\"contentUrl\":\"https:\/\/schumacher-lethal.lu\/wp-content\/uploads\/2023\/10\/Schumacher_logo_new.jpg\",\"width\":738,\"height\":737,\"caption\":\"Schumacher-Lethal et fils\"},\"image\":{\"@id\":\"https:\/\/schumacher-lethal.lu\/de\/#\/schema\/logo\/image\/\"},\"sameAs\":[\"https:\/\/www.facebook.com\/domaineschumacher\",\"https:\/\/www.instagram.com\/schumacherlethal\/\"]}]}<\/script>\n<!-- \/ Yoast SEO plugin. -->","yoast_head_json":{"title":"Blauer Zweigelt 2022 - Schumacher-Lethal et fils","robots":{"index":"index","follow":"follow","max-snippet":"max-snippet:-1","max-image-preview":"max-image-preview:large","max-video-preview":"max-video-preview:-1"},"canonical":"https:\/\/schumacher-lethal.lu\/en\/shop\/blauer-zweigelt\/","og_locale":"de_DE","og_type":"article","og_title":"Blauer Zweigelt 2022 - Schumacher-Lethal et fils","og_description":"[:de]2022 75cl  Im Eichenfass gereift  Rotwein, im Holz aussgebaut, mit sanftem Bukett von roten Fr\u00fcchten, samtig und fruchtig. Er passt hervorragend zu Wildgerichten und Lammfleisch.  Eigenschaften: eleganter, harmonischer Rotwein im Eichenholzfass vinifiziert\u2028, Wein mit viel Dichte Aromen: Himbeere, Johannisbeere, Sauerkirsche, Hollunder Essen und Trinken: rotes Fleisch, Wild, K\u00e4se Verkostungstemperatur: 14-16\u00b0C[:fr]2022 75cl  \u00c9lev\u00e9 en f\u00fbt de ch\u00eane[:en]2022 75cl  Aged in oak barrels[:lu]2022 75cl  Am Eechefaass ger\u00e4ift[:]","og_url":"https:\/\/schumacher-lethal.lu\/en\/shop\/blauer-zweigelt\/","og_site_name":"Schumacher-Lethal et fils","article_publisher":"https:\/\/www.facebook.com\/domaineschumacher","article_modified_time":"2025-10-24T09:19:40+00:00","og_image":[{"width":2500,"height":2500,"url":"https:\/\/schumacher-lethal.lu\/wp-content\/uploads\/2015\/08\/blauer-zweigelt.png","type":"image\/png"}],"twitter_card":"summary_large_image","schema":{"@context":"https:\/\/schema.org","@graph":[{"@type":"WebPage","@id":"https:\/\/schumacher-lethal.lu\/en\/shop\/blauer-zweigelt\/","url":"https:\/\/schumacher-lethal.lu\/en\/shop\/blauer-zweigelt\/","name":"Blauer Zweigelt 2022 - Schumacher-Lethal et fils","isPartOf":{"@id":"https:\/\/schumacher-lethal.lu\/de\/#website"},"primaryImageOfPage":{"@id":"https:\/\/schumacher-lethal.lu\/en\/shop\/blauer-zweigelt\/#primaryimage"},"image":{"@id":"https:\/\/schumacher-lethal.lu\/en\/shop\/blauer-zweigelt\/#primaryimage"},"thumbnailUrl":"https:\/\/schumacher-lethal.lu\/wp-content\/uploads\/2015\/08\/blauer-zweigelt.png","datePublished":"2015-07-18T17:55:33+00:00","dateModified":"2025-10-24T09:19:40+00:00","breadcrumb":{"@id":"https:\/\/schumacher-lethal.lu\/en\/shop\/blauer-zweigelt\/#breadcrumb"},"inLanguage":"de","potentialAction":[{"@type":"ReadAction","target":["https:\/\/schumacher-lethal.lu\/en\/shop\/blauer-zweigelt\/"]}]},{"@type":"ImageObject","inLanguage":"de","@id":"https:\/\/schumacher-lethal.lu\/en\/shop\/blauer-zweigelt\/#primaryimage","url":"https:\/\/schumacher-lethal.lu\/wp-content\/uploads\/2015\/08\/blauer-zweigelt.png","contentUrl":"https:\/\/schumacher-lethal.lu\/wp-content\/uploads\/2015\/08\/blauer-zweigelt.png","width":2500,"height":2500,"caption":"Blauer Zweigelt"},{"@type":"BreadcrumbList","@id":"https:\/\/schumacher-lethal.lu\/en\/shop\/blauer-zweigelt\/#breadcrumb","itemListElement":[{"@type":"ListItem","position":1,"name":"Startseite","item":"https:\/\/schumacher-lethal.lu\/de\/"},{"@type":"ListItem","position":2,"name":"Shop","item":"https:\/\/schumacher-lethal.lu\/de\/shop\/"},{"@type":"ListItem","position":3,"name":"Blauer Zweigelt 2022"}]},{"@type":"WebSite","@id":"https:\/\/schumacher-lethal.lu\/de\/#website","url":"https:\/\/schumacher-lethal.lu\/de\/","name":"Schumacher-Lethal et fils","description":"Domaine viticole","publisher":{"@id":"https:\/\/schumacher-lethal.lu\/de\/#organization"},"potentialAction":[{"@type":"SearchAction","target":{"@type":"EntryPoint","urlTemplate":"https:\/\/schumacher-lethal.lu\/de\/?s={search_term_string}"},"query-input":{"@type":"PropertyValueSpecification","valueRequired":true,"valueName":"search_term_string"}}],"inLanguage":"de"},{"@type":"Organization","@id":"https:\/\/schumacher-lethal.lu\/de\/#organization","name":"Schumacher-Lethal et fils","url":"https:\/\/schumacher-lethal.lu\/de\/","logo":{"@type":"ImageObject","inLanguage":"de","@id":"https:\/\/schumacher-lethal.lu\/de\/#\/schema\/logo\/image\/","url":"https:\/\/schumacher-lethal.lu\/wp-content\/uploads\/2023\/10\/Schumacher_logo_new.jpg","contentUrl":"https:\/\/schumacher-lethal.lu\/wp-content\/uploads\/2023\/10\/Schumacher_logo_new.jpg","width":738,"height":737,"caption":"Schumacher-Lethal et fils"},"image":{"@id":"https:\/\/schumacher-lethal.lu\/de\/#\/schema\/logo\/image\/"},"sameAs":["https:\/\/www.facebook.com\/domaineschumacher","https:\/\/www.instagram.com\/schumacherlethal\/"]}]}},"jetpack_sharing_enabled":true,"_links":{"self":[{"href":"https:\/\/schumacher-lethal.lu\/de\/wp-json\/wp\/v2\/product\/291","targetHints":{"allow":["GET"]}}],"collection":[{"href":"https:\/\/schumacher-lethal.lu\/de\/wp-json\/wp\/v2\/product"}],"about":[{"href":"https:\/\/schumacher-lethal.lu\/de\/wp-json\/wp\/v2\/types\/product"}],"wp:featuredmedia":[{"embeddable":true,"href":"https:\/\/schumacher-lethal.lu\/de\/wp-json\/wp\/v2\/media\/477"}],"wp:attachment":[{"href":"https:\/\/schumacher-lethal.lu\/de\/wp-json\/wp\/v2\/media?parent=291"}],"wp:term":[{"taxonomy":"product_brand","embeddable":true,"href":"https:\/\/schumacher-lethal.lu\/de\/wp-json\/wp\/v2\/product_brand?post=291"},{"taxonomy":"product_cat","embeddable":true,"href":"https:\/\/schumacher-lethal.lu\/de\/wp-json\/wp\/v2\/product_cat?post=291"},{"taxonomy":"product_tag","embeddable":true,"href":"https:\/\/schumacher-lethal.lu\/de\/wp-json\/wp\/v2\/product_tag?post=291"}],"curies":[{"name":"wp","href":"https:\/\/api.w.org\/{rel}","templated":true}]}}