{"id":400,"date":"2015-07-30T15:19:03","date_gmt":"2015-07-30T13:19:03","guid":{"rendered":"http:\/\/schumacher-lethal.mayfex.lu\/?page_id=400"},"modified":"2018-02-23T14:07:29","modified_gmt":"2018-02-23T12:07:29","slug":"andere-produkte","status":"publish","type":"page","link":"https:\/\/schumacher-lethal.lu\/en\/unsere-weine\/andere-produkte\/","title":{"rendered":"Cr\u00e9mant and Grape Juice"},"content":{"rendered":"<p class=\"qtranxs-available-languages-message qtranxs-available-languages-message-en\">Sorry, this entry is only available in <a href=\"https:\/\/schumacher-lethal.lu\/de\/wp-json\/wp\/v2\/pages\/400\" class=\"qtranxs-available-language-link qtranxs-available-language-link-de\" title=\"Deutsch\">Deutsch<\/a>. For the sake of viewer convenience, the content is shown below in the alternative language. You may click the link to switch the active language.<\/p><p><strong>Cr\u00e9mant Cuv\u00e9e Pierre \u2013 Cr\u00e9mant de Luxembourg<\/strong><\/p>\n<p>Unsere Grundweine f\u00fcr die Herstellung unseres Cr\u00e9mants werden speziell f\u00fcr diesen Zweck vinfiziert. Vor dem Abf\u00fcllen werden sie dann miteinander verschnitten. Traditionnell verschneiden wir Weine der Rebsorten Riesling, Pinot Blanc und Auxerrois. Nach traditionneller Methode wird der Wein ein zweites Mal, aber in der Flasche, verg\u00e4rt. Nach einem Hefelager von mindestens 9 Monaten wird dann degorgiert. Eine fein abgestimmte Dosage (Beigabe von Lik\u00f6r) vollendet dann das Produkt.<\/p>\n<p>Der \u00fcppige aber feine Schaum, ein nuanciertes Bukett und ein ausgewogener Geschmack zeichnen f\u00fcr ein hochklassiges Produkt mit hohen Qualit\u00e4tsanspr\u00fcchen. Unser Cr\u00e9mant f\u00fcgt sich nat\u00fcrlich bestens in die Aperitif-Runde ein. Die leichten Perlen regen den Appetit an, w\u00e4hrend seine feinen Aromen sich harmonisch mit den D\u00fcften der H\u00e4ppchen vermischen. Bei einem Hors-d\u2019oeuvre, einer Vorspeise, bei Fisch, Fleisch, Gefl\u00fcgel oder Wild harmoniert der Cr\u00e9mant de Luxembourg ohne weiteres mit dem charakteristischen arteigenen Geschmack eines jeden dieser Gerichte.<\/p>\n<p>Essen und Trinken: Aperitif, aber auch als Essensbegleiter<br \/>\nVerkostungstemperatur: 8-10\u00b0C<\/p>\n<p><strong>Cr\u00e9mant Ros\u00e9<\/strong><\/p>\n<p>Der Cr\u00e9mant Ros\u00e9\u00a0ist zu 100% Pinot Noir. Dann erfolgt wie bei jeder Cr\u00e9mant-Herstellung die Flascheng\u00e4rung, das Hefelager und die fein abgestimmte Zugabe von Lik\u00f6r.<\/p>\n<p>Essen und Trinken: Aperitif<br \/>\nVerkostungstemperatur: 6-8\u00b0C<\/p>\n<p>&nbsp;<\/p>","protected":false},"excerpt":{"rendered":"<p>Sorry, this entry is only available in Deutsch. For the sake of viewer convenience, the content is shown below in the alternative language. You may click the link to switch the active language.Cr\u00e9mant Cuv\u00e9e Pierre \u2013 Cr\u00e9mant de Luxembourg Unsere Grundweine f\u00fcr die Herstellung unseres Cr\u00e9mants werden speziell f\u00fcr diesen Zweck vinfiziert. Vor dem Abf\u00fcllen [&hellip;]<\/p>\n","protected":false},"author":128,"featured_media":0,"parent":28,"menu_order":2,"comment_status":"closed","ping_status":"closed","template":"","meta":{"footnotes":""},"class_list":["post-400","page","type-page","status-publish","hentry"],"yoast_head":"<!-- This site is optimized with the Yoast SEO plugin v26.8 - https:\/\/yoast.com\/product\/yoast-seo-wordpress\/ -->\n<title>Cr\u00e9mant and Grape Juice - Schumacher-Lethal et fils<\/title>\n<meta name=\"robots\" content=\"index, follow, max-snippet:-1, max-image-preview:large, max-video-preview:-1\" \/>\n<link rel=\"canonical\" href=\"https:\/\/schumacher-lethal.lu\/de\/unsere-weine\/andere-produkte\/\" \/>\n<meta property=\"og:locale\" content=\"en_US\" \/>\n<meta property=\"og:type\" content=\"article\" \/>\n<meta property=\"og:title\" content=\"[:de]Cr\u00e9mant[:fr]Cr\u00e9mant et jus de raisins[:en]Cr\u00e9mant and Grape Juice[:lu]Cr\u00e9mant an Drauwejus[:] - Schumacher-Lethal et fils\" \/>\n<meta property=\"og:description\" content=\"Sorry, this entry is only available in Deutsch. For the sake of viewer convenience, the content is shown below in the alternative language. You may click the link to switch the active language.Cr\u00e9mant Cuv\u00e9e Pierre \u2013 Cr\u00e9mant de Luxembourg Unsere Grundweine f\u00fcr die Herstellung unseres Cr\u00e9mants werden speziell f\u00fcr diesen Zweck vinfiziert. Vor dem Abf\u00fcllen [&hellip;]\" \/>\n<meta property=\"og:url\" content=\"https:\/\/schumacher-lethal.lu\/de\/unsere-weine\/andere-produkte\/\" \/>\n<meta property=\"og:site_name\" content=\"Schumacher-Lethal et fils\" \/>\n<meta property=\"article:publisher\" content=\"https:\/\/www.facebook.com\/domaineschumacher\" \/>\n<meta property=\"article:modified_time\" content=\"2018-02-23T12:07:29+00:00\" \/>\n<meta name=\"twitter:card\" content=\"summary_large_image\" \/>\n<meta name=\"twitter:label1\" content=\"Est. reading time\" \/>\n\t<meta name=\"twitter:data1\" content=\"1 minute\" \/>\n<script type=\"application\/ld+json\" class=\"yoast-schema-graph\">{\"@context\":\"https:\/\/schema.org\",\"@graph\":[{\"@type\":\"WebPage\",\"@id\":\"https:\/\/schumacher-lethal.lu\/de\/unsere-weine\/andere-produkte\/\",\"url\":\"https:\/\/schumacher-lethal.lu\/de\/unsere-weine\/andere-produkte\/\",\"name\":\"[:de]Cr\u00e9mant[:fr]Cr\u00e9mant et jus de raisins[:en]Cr\u00e9mant and Grape Juice[:lu]Cr\u00e9mant an Drauwejus[:] - Schumacher-Lethal et fils\",\"isPartOf\":{\"@id\":\"https:\/\/schumacher-lethal.lu\/de\/#website\"},\"datePublished\":\"2015-07-30T13:19:03+00:00\",\"dateModified\":\"2018-02-23T12:07:29+00:00\",\"breadcrumb\":{\"@id\":\"https:\/\/schumacher-lethal.lu\/de\/unsere-weine\/andere-produkte\/#breadcrumb\"},\"inLanguage\":\"en-US\",\"potentialAction\":[{\"@type\":\"ReadAction\",\"target\":[\"https:\/\/schumacher-lethal.lu\/de\/unsere-weine\/andere-produkte\/\"]}]},{\"@type\":\"BreadcrumbList\",\"@id\":\"https:\/\/schumacher-lethal.lu\/de\/unsere-weine\/andere-produkte\/#breadcrumb\",\"itemListElement\":[{\"@type\":\"ListItem\",\"position\":1,\"name\":\"Startseite\",\"item\":\"https:\/\/schumacher-lethal.lu\/de\/\"},{\"@type\":\"ListItem\",\"position\":2,\"name\":\"Our wines\",\"item\":\"https:\/\/schumacher-lethal.lu\/en\/unsere-weine\/\"},{\"@type\":\"ListItem\",\"position\":3,\"name\":\"Cr\u00e9mant\"}]},{\"@type\":\"WebSite\",\"@id\":\"https:\/\/schumacher-lethal.lu\/de\/#website\",\"url\":\"https:\/\/schumacher-lethal.lu\/de\/\",\"name\":\"Schumacher-Lethal et fils\",\"description\":\"Domaine viticole\",\"publisher\":{\"@id\":\"https:\/\/schumacher-lethal.lu\/de\/#organization\"},\"potentialAction\":[{\"@type\":\"SearchAction\",\"target\":{\"@type\":\"EntryPoint\",\"urlTemplate\":\"https:\/\/schumacher-lethal.lu\/de\/?s={search_term_string}\"},\"query-input\":{\"@type\":\"PropertyValueSpecification\",\"valueRequired\":true,\"valueName\":\"search_term_string\"}}],\"inLanguage\":\"en-US\"},{\"@type\":\"Organization\",\"@id\":\"https:\/\/schumacher-lethal.lu\/de\/#organization\",\"name\":\"Schumacher-Lethal et fils\",\"url\":\"https:\/\/schumacher-lethal.lu\/de\/\",\"logo\":{\"@type\":\"ImageObject\",\"inLanguage\":\"en-US\",\"@id\":\"https:\/\/schumacher-lethal.lu\/de\/#\/schema\/logo\/image\/\",\"url\":\"https:\/\/schumacher-lethal.lu\/wp-content\/uploads\/2023\/10\/Schumacher_logo_new.jpg\",\"contentUrl\":\"https:\/\/schumacher-lethal.lu\/wp-content\/uploads\/2023\/10\/Schumacher_logo_new.jpg\",\"width\":738,\"height\":737,\"caption\":\"Schumacher-Lethal et fils\"},\"image\":{\"@id\":\"https:\/\/schumacher-lethal.lu\/de\/#\/schema\/logo\/image\/\"},\"sameAs\":[\"https:\/\/www.facebook.com\/domaineschumacher\",\"https:\/\/www.instagram.com\/schumacherlethal\/\"]}]}<\/script>\n<!-- \/ Yoast SEO plugin. -->","yoast_head_json":{"title":"[:de]Cr\u00e9mant[:fr]Cr\u00e9mant et jus de raisins[:en]Cr\u00e9mant and Grape Juice[:lu]Cr\u00e9mant an Drauwejus[:] - Schumacher-Lethal et fils","robots":{"index":"index","follow":"follow","max-snippet":"max-snippet:-1","max-image-preview":"max-image-preview:large","max-video-preview":"max-video-preview:-1"},"canonical":"https:\/\/schumacher-lethal.lu\/de\/unsere-weine\/andere-produkte\/","og_locale":"en_US","og_type":"article","og_title":"[:de]Cr\u00e9mant[:fr]Cr\u00e9mant et jus de raisins[:en]Cr\u00e9mant and Grape Juice[:lu]Cr\u00e9mant an Drauwejus[:] - Schumacher-Lethal et fils","og_description":"Sorry, this entry is only available in Deutsch. For the sake of viewer convenience, the content is shown below in the alternative language. You may click the link to switch the active language.Cr\u00e9mant Cuv\u00e9e Pierre \u2013 Cr\u00e9mant de Luxembourg Unsere Grundweine f\u00fcr die Herstellung unseres Cr\u00e9mants werden speziell f\u00fcr diesen Zweck vinfiziert. Vor dem Abf\u00fcllen [&hellip;]","og_url":"https:\/\/schumacher-lethal.lu\/de\/unsere-weine\/andere-produkte\/","og_site_name":"Schumacher-Lethal et fils","article_publisher":"https:\/\/www.facebook.com\/domaineschumacher","article_modified_time":"2018-02-23T12:07:29+00:00","twitter_card":"summary_large_image","twitter_misc":{"Est. reading time":"1 minute"},"schema":{"@context":"https:\/\/schema.org","@graph":[{"@type":"WebPage","@id":"https:\/\/schumacher-lethal.lu\/de\/unsere-weine\/andere-produkte\/","url":"https:\/\/schumacher-lethal.lu\/de\/unsere-weine\/andere-produkte\/","name":"[:de]Cr\u00e9mant[:fr]Cr\u00e9mant et jus de raisins[:en]Cr\u00e9mant and Grape Juice[:lu]Cr\u00e9mant an Drauwejus[:] - Schumacher-Lethal et fils","isPartOf":{"@id":"https:\/\/schumacher-lethal.lu\/de\/#website"},"datePublished":"2015-07-30T13:19:03+00:00","dateModified":"2018-02-23T12:07:29+00:00","breadcrumb":{"@id":"https:\/\/schumacher-lethal.lu\/de\/unsere-weine\/andere-produkte\/#breadcrumb"},"inLanguage":"en-US","potentialAction":[{"@type":"ReadAction","target":["https:\/\/schumacher-lethal.lu\/de\/unsere-weine\/andere-produkte\/"]}]},{"@type":"BreadcrumbList","@id":"https:\/\/schumacher-lethal.lu\/de\/unsere-weine\/andere-produkte\/#breadcrumb","itemListElement":[{"@type":"ListItem","position":1,"name":"Startseite","item":"https:\/\/schumacher-lethal.lu\/de\/"},{"@type":"ListItem","position":2,"name":"Our wines","item":"https:\/\/schumacher-lethal.lu\/en\/unsere-weine\/"},{"@type":"ListItem","position":3,"name":"Cr\u00e9mant"}]},{"@type":"WebSite","@id":"https:\/\/schumacher-lethal.lu\/de\/#website","url":"https:\/\/schumacher-lethal.lu\/de\/","name":"Schumacher-Lethal et fils","description":"Domaine viticole","publisher":{"@id":"https:\/\/schumacher-lethal.lu\/de\/#organization"},"potentialAction":[{"@type":"SearchAction","target":{"@type":"EntryPoint","urlTemplate":"https:\/\/schumacher-lethal.lu\/de\/?s={search_term_string}"},"query-input":{"@type":"PropertyValueSpecification","valueRequired":true,"valueName":"search_term_string"}}],"inLanguage":"en-US"},{"@type":"Organization","@id":"https:\/\/schumacher-lethal.lu\/de\/#organization","name":"Schumacher-Lethal et fils","url":"https:\/\/schumacher-lethal.lu\/de\/","logo":{"@type":"ImageObject","inLanguage":"en-US","@id":"https:\/\/schumacher-lethal.lu\/de\/#\/schema\/logo\/image\/","url":"https:\/\/schumacher-lethal.lu\/wp-content\/uploads\/2023\/10\/Schumacher_logo_new.jpg","contentUrl":"https:\/\/schumacher-lethal.lu\/wp-content\/uploads\/2023\/10\/Schumacher_logo_new.jpg","width":738,"height":737,"caption":"Schumacher-Lethal et fils"},"image":{"@id":"https:\/\/schumacher-lethal.lu\/de\/#\/schema\/logo\/image\/"},"sameAs":["https:\/\/www.facebook.com\/domaineschumacher","https:\/\/www.instagram.com\/schumacherlethal\/"]}]}},"jetpack_sharing_enabled":true,"_links":{"self":[{"href":"https:\/\/schumacher-lethal.lu\/en\/wp-json\/wp\/v2\/pages\/400","targetHints":{"allow":["GET"]}}],"collection":[{"href":"https:\/\/schumacher-lethal.lu\/en\/wp-json\/wp\/v2\/pages"}],"about":[{"href":"https:\/\/schumacher-lethal.lu\/en\/wp-json\/wp\/v2\/types\/page"}],"author":[{"embeddable":true,"href":"https:\/\/schumacher-lethal.lu\/en\/wp-json\/wp\/v2\/users\/128"}],"replies":[{"embeddable":true,"href":"https:\/\/schumacher-lethal.lu\/en\/wp-json\/wp\/v2\/comments?post=400"}],"version-history":[{"count":6,"href":"https:\/\/schumacher-lethal.lu\/en\/wp-json\/wp\/v2\/pages\/400\/revisions"}],"predecessor-version":[{"id":806,"href":"https:\/\/schumacher-lethal.lu\/en\/wp-json\/wp\/v2\/pages\/400\/revisions\/806"}],"up":[{"embeddable":true,"href":"https:\/\/schumacher-lethal.lu\/en\/wp-json\/wp\/v2\/pages\/28"}],"wp:attachment":[{"href":"https:\/\/schumacher-lethal.lu\/en\/wp-json\/wp\/v2\/media?parent=400"}],"curies":[{"name":"wp","href":"https:\/\/api.w.org\/{rel}","templated":true}]}}