{"id":300,"date":"2015-07-19T10:31:34","date_gmt":"2015-07-19T08:31:34","guid":{"rendered":"http:\/\/schumacher-lethal.mayfex.lu\/produkt\/riesling-heiligenhaeuschen\/"},"modified":"2025-11-03T15:46:49","modified_gmt":"2025-11-03T14:46:49","slug":"riesling-heiligenhaeuschen","status":"publish","type":"product","link":"https:\/\/schumacher-lethal.lu\/en\/shop\/riesling-heiligenhaeuschen\/","title":{"rendered":"Riesling Heiligenh\u00e4uschen 2023"},"content":{"rendered":"","protected":false},"excerpt":{"rendered":"<p>2022 \/ 2023<br \/>\n75cl<br \/>\nA.O.P<br \/>\nWormeldange Heiligenh\u00e4uschen<br \/>\nGrand Premier Cru<\/p>\n","protected":false},"featured_media":470,"template":"","meta":[],"product_brand":[],"product_cat":[70,41],"product_tag":[],"class_list":{"0":"post-300","1":"product","2":"type-product","3":"status-publish","4":"has-post-thumbnail","6":"product_cat-riesling","7":"product_cat-weisswein","8":"yith_product_brand-domaine-viticole-schumacher","10":"first","11":"instock","12":"taxable","13":"shipping-taxable","14":"purchasable","15":"product-type-variable"},"yoast_head":"<!-- This site is optimized with the Yoast SEO plugin v26.8 - https:\/\/yoast.com\/product\/yoast-seo-wordpress\/ -->\n<title>Riesling Heiligenh\u00e4uschen 2023 - Schumacher-Lethal et fils<\/title>\n<meta name=\"description\" content=\"Wormeldange Heiligenh\u00e4uschen \u2013 Grand Premier Cru. Der Riesling ist der \u201eK\u00f6nig der Weine\u201c, ein Wein mit gro\u00dfer Finesse, rassig und von au\u00dfergew\u00f6hnlicher Eleganz. Sein fruchtiges Bukett und sein langanhaltender Geschmack machen aus ihm einen idealen Begleiter zu einer \u201eRiesling-Forelle\u201c, einem \u201eZanderfilet\u201c oder einem \u201ePoularden-Frikassee in Riesling\u201c.\" \/>\n<meta name=\"robots\" content=\"index, follow, max-snippet:-1, max-image-preview:large, max-video-preview:-1\" \/>\n<link rel=\"canonical\" href=\"https:\/\/schumacher-lethal.lu\/de\/shop\/riesling-heiligenhaeuschen\/\" \/>\n<meta property=\"og:locale\" content=\"en_US\" \/>\n<meta property=\"og:type\" content=\"article\" \/>\n<meta property=\"og:title\" content=\"Riesling Heiligenh\u00e4uschen 2023 - Schumacher-Lethal et fils\" \/>\n<meta property=\"og:description\" content=\"Wormeldange Heiligenh\u00e4uschen \u2013 Grand Premier Cru. Der Riesling ist der \u201eK\u00f6nig der Weine\u201c, ein Wein mit gro\u00dfer Finesse, rassig und von au\u00dfergew\u00f6hnlicher Eleganz. Sein fruchtiges Bukett und sein langanhaltender Geschmack machen aus ihm einen idealen Begleiter zu einer \u201eRiesling-Forelle\u201c, einem \u201eZanderfilet\u201c oder einem \u201ePoularden-Frikassee in Riesling\u201c.\" \/>\n<meta property=\"og:url\" content=\"https:\/\/schumacher-lethal.lu\/de\/shop\/riesling-heiligenhaeuschen\/\" \/>\n<meta property=\"og:site_name\" content=\"Schumacher-Lethal et fils\" \/>\n<meta property=\"article:publisher\" content=\"https:\/\/www.facebook.com\/domaineschumacher\" \/>\n<meta property=\"article:modified_time\" content=\"2025-11-03T14:46:49+00:00\" \/>\n<meta property=\"og:image\" content=\"https:\/\/schumacher-lethal.lu\/wp-content\/uploads\/2015\/08\/riesling-heiligenhaeuschen.png\" \/>\n\t<meta property=\"og:image:width\" content=\"2500\" \/>\n\t<meta property=\"og:image:height\" content=\"2500\" \/>\n\t<meta property=\"og:image:type\" content=\"image\/png\" \/>\n<meta name=\"twitter:card\" content=\"summary_large_image\" \/>\n<script type=\"application\/ld+json\" class=\"yoast-schema-graph\">{\"@context\":\"https:\/\/schema.org\",\"@graph\":[{\"@type\":\"WebPage\",\"@id\":\"https:\/\/schumacher-lethal.lu\/de\/shop\/riesling-heiligenhaeuschen\/\",\"url\":\"https:\/\/schumacher-lethal.lu\/de\/shop\/riesling-heiligenhaeuschen\/\",\"name\":\"Riesling Heiligenh\u00e4uschen 2023 - Schumacher-Lethal et fils\",\"isPartOf\":{\"@id\":\"https:\/\/schumacher-lethal.lu\/de\/#website\"},\"primaryImageOfPage\":{\"@id\":\"https:\/\/schumacher-lethal.lu\/de\/shop\/riesling-heiligenhaeuschen\/#primaryimage\"},\"image\":{\"@id\":\"https:\/\/schumacher-lethal.lu\/de\/shop\/riesling-heiligenhaeuschen\/#primaryimage\"},\"thumbnailUrl\":\"https:\/\/schumacher-lethal.lu\/wp-content\/uploads\/2015\/08\/riesling-heiligenhaeuschen.png\",\"datePublished\":\"2015-07-19T08:31:34+00:00\",\"dateModified\":\"2025-11-03T14:46:49+00:00\",\"description\":\"Wormeldange Heiligenh\u00e4uschen \u2013 Grand Premier Cru. Der Riesling ist der \u201eK\u00f6nig der Weine\u201c, ein Wein mit gro\u00dfer Finesse, rassig und von au\u00dfergew\u00f6hnlicher Eleganz. Sein fruchtiges Bukett und sein langanhaltender Geschmack machen aus ihm einen idealen Begleiter zu einer \u201eRiesling-Forelle\u201c, einem \u201eZanderfilet\u201c oder einem \u201ePoularden-Frikassee in Riesling\u201c.\",\"breadcrumb\":{\"@id\":\"https:\/\/schumacher-lethal.lu\/de\/shop\/riesling-heiligenhaeuschen\/#breadcrumb\"},\"inLanguage\":\"en-US\",\"potentialAction\":[{\"@type\":\"ReadAction\",\"target\":[\"https:\/\/schumacher-lethal.lu\/de\/shop\/riesling-heiligenhaeuschen\/\"]}]},{\"@type\":\"ImageObject\",\"inLanguage\":\"en-US\",\"@id\":\"https:\/\/schumacher-lethal.lu\/de\/shop\/riesling-heiligenhaeuschen\/#primaryimage\",\"url\":\"https:\/\/schumacher-lethal.lu\/wp-content\/uploads\/2015\/08\/riesling-heiligenhaeuschen.png\",\"contentUrl\":\"https:\/\/schumacher-lethal.lu\/wp-content\/uploads\/2015\/08\/riesling-heiligenhaeuschen.png\",\"width\":2500,\"height\":2500,\"caption\":\"Riesling Heiligenh\u00e4uschen\"},{\"@type\":\"BreadcrumbList\",\"@id\":\"https:\/\/schumacher-lethal.lu\/de\/shop\/riesling-heiligenhaeuschen\/#breadcrumb\",\"itemListElement\":[{\"@type\":\"ListItem\",\"position\":1,\"name\":\"Startseite\",\"item\":\"https:\/\/schumacher-lethal.lu\/de\/\"},{\"@type\":\"ListItem\",\"position\":2,\"name\":\"Shop\",\"item\":\"https:\/\/schumacher-lethal.lu\/de\/shop\/\"},{\"@type\":\"ListItem\",\"position\":3,\"name\":\"Riesling Heiligenh\u00e4uschen 2023\"}]},{\"@type\":\"WebSite\",\"@id\":\"https:\/\/schumacher-lethal.lu\/de\/#website\",\"url\":\"https:\/\/schumacher-lethal.lu\/de\/\",\"name\":\"Schumacher-Lethal et fils\",\"description\":\"Domaine viticole\",\"publisher\":{\"@id\":\"https:\/\/schumacher-lethal.lu\/de\/#organization\"},\"potentialAction\":[{\"@type\":\"SearchAction\",\"target\":{\"@type\":\"EntryPoint\",\"urlTemplate\":\"https:\/\/schumacher-lethal.lu\/de\/?s={search_term_string}\"},\"query-input\":{\"@type\":\"PropertyValueSpecification\",\"valueRequired\":true,\"valueName\":\"search_term_string\"}}],\"inLanguage\":\"en-US\"},{\"@type\":\"Organization\",\"@id\":\"https:\/\/schumacher-lethal.lu\/de\/#organization\",\"name\":\"Schumacher-Lethal et fils\",\"url\":\"https:\/\/schumacher-lethal.lu\/de\/\",\"logo\":{\"@type\":\"ImageObject\",\"inLanguage\":\"en-US\",\"@id\":\"https:\/\/schumacher-lethal.lu\/de\/#\/schema\/logo\/image\/\",\"url\":\"https:\/\/schumacher-lethal.lu\/wp-content\/uploads\/2023\/10\/Schumacher_logo_new.jpg\",\"contentUrl\":\"https:\/\/schumacher-lethal.lu\/wp-content\/uploads\/2023\/10\/Schumacher_logo_new.jpg\",\"width\":738,\"height\":737,\"caption\":\"Schumacher-Lethal et fils\"},\"image\":{\"@id\":\"https:\/\/schumacher-lethal.lu\/de\/#\/schema\/logo\/image\/\"},\"sameAs\":[\"https:\/\/www.facebook.com\/domaineschumacher\",\"https:\/\/www.instagram.com\/schumacherlethal\/\"]}]}<\/script>\n<!-- \/ Yoast SEO plugin. -->","yoast_head_json":{"title":"Riesling Heiligenh\u00e4uschen 2023 - Schumacher-Lethal et fils","description":"Wormeldange Heiligenh\u00e4uschen \u2013 Grand Premier Cru. Der Riesling ist der \u201eK\u00f6nig der Weine\u201c, ein Wein mit gro\u00dfer Finesse, rassig und von au\u00dfergew\u00f6hnlicher Eleganz. Sein fruchtiges Bukett und sein langanhaltender Geschmack machen aus ihm einen idealen Begleiter zu einer \u201eRiesling-Forelle\u201c, einem \u201eZanderfilet\u201c oder einem \u201ePoularden-Frikassee in Riesling\u201c.","robots":{"index":"index","follow":"follow","max-snippet":"max-snippet:-1","max-image-preview":"max-image-preview:large","max-video-preview":"max-video-preview:-1"},"canonical":"https:\/\/schumacher-lethal.lu\/de\/shop\/riesling-heiligenhaeuschen\/","og_locale":"en_US","og_type":"article","og_title":"Riesling Heiligenh\u00e4uschen 2023 - Schumacher-Lethal et fils","og_description":"Wormeldange Heiligenh\u00e4uschen \u2013 Grand Premier Cru. Der Riesling ist der \u201eK\u00f6nig der Weine\u201c, ein Wein mit gro\u00dfer Finesse, rassig und von au\u00dfergew\u00f6hnlicher Eleganz. Sein fruchtiges Bukett und sein langanhaltender Geschmack machen aus ihm einen idealen Begleiter zu einer \u201eRiesling-Forelle\u201c, einem \u201eZanderfilet\u201c oder einem \u201ePoularden-Frikassee in Riesling\u201c.","og_url":"https:\/\/schumacher-lethal.lu\/de\/shop\/riesling-heiligenhaeuschen\/","og_site_name":"Schumacher-Lethal et fils","article_publisher":"https:\/\/www.facebook.com\/domaineschumacher","article_modified_time":"2025-11-03T14:46:49+00:00","og_image":[{"width":2500,"height":2500,"url":"https:\/\/schumacher-lethal.lu\/wp-content\/uploads\/2015\/08\/riesling-heiligenhaeuschen.png","type":"image\/png"}],"twitter_card":"summary_large_image","schema":{"@context":"https:\/\/schema.org","@graph":[{"@type":"WebPage","@id":"https:\/\/schumacher-lethal.lu\/de\/shop\/riesling-heiligenhaeuschen\/","url":"https:\/\/schumacher-lethal.lu\/de\/shop\/riesling-heiligenhaeuschen\/","name":"Riesling Heiligenh\u00e4uschen 2023 - Schumacher-Lethal et fils","isPartOf":{"@id":"https:\/\/schumacher-lethal.lu\/de\/#website"},"primaryImageOfPage":{"@id":"https:\/\/schumacher-lethal.lu\/de\/shop\/riesling-heiligenhaeuschen\/#primaryimage"},"image":{"@id":"https:\/\/schumacher-lethal.lu\/de\/shop\/riesling-heiligenhaeuschen\/#primaryimage"},"thumbnailUrl":"https:\/\/schumacher-lethal.lu\/wp-content\/uploads\/2015\/08\/riesling-heiligenhaeuschen.png","datePublished":"2015-07-19T08:31:34+00:00","dateModified":"2025-11-03T14:46:49+00:00","description":"Wormeldange Heiligenh\u00e4uschen \u2013 Grand Premier Cru. Der Riesling ist der \u201eK\u00f6nig der Weine\u201c, ein Wein mit gro\u00dfer Finesse, rassig und von au\u00dfergew\u00f6hnlicher Eleganz. Sein fruchtiges Bukett und sein langanhaltender Geschmack machen aus ihm einen idealen Begleiter zu einer \u201eRiesling-Forelle\u201c, einem \u201eZanderfilet\u201c oder einem \u201ePoularden-Frikassee in Riesling\u201c.","breadcrumb":{"@id":"https:\/\/schumacher-lethal.lu\/de\/shop\/riesling-heiligenhaeuschen\/#breadcrumb"},"inLanguage":"en-US","potentialAction":[{"@type":"ReadAction","target":["https:\/\/schumacher-lethal.lu\/de\/shop\/riesling-heiligenhaeuschen\/"]}]},{"@type":"ImageObject","inLanguage":"en-US","@id":"https:\/\/schumacher-lethal.lu\/de\/shop\/riesling-heiligenhaeuschen\/#primaryimage","url":"https:\/\/schumacher-lethal.lu\/wp-content\/uploads\/2015\/08\/riesling-heiligenhaeuschen.png","contentUrl":"https:\/\/schumacher-lethal.lu\/wp-content\/uploads\/2015\/08\/riesling-heiligenhaeuschen.png","width":2500,"height":2500,"caption":"Riesling Heiligenh\u00e4uschen"},{"@type":"BreadcrumbList","@id":"https:\/\/schumacher-lethal.lu\/de\/shop\/riesling-heiligenhaeuschen\/#breadcrumb","itemListElement":[{"@type":"ListItem","position":1,"name":"Startseite","item":"https:\/\/schumacher-lethal.lu\/de\/"},{"@type":"ListItem","position":2,"name":"Shop","item":"https:\/\/schumacher-lethal.lu\/de\/shop\/"},{"@type":"ListItem","position":3,"name":"Riesling Heiligenh\u00e4uschen 2023"}]},{"@type":"WebSite","@id":"https:\/\/schumacher-lethal.lu\/de\/#website","url":"https:\/\/schumacher-lethal.lu\/de\/","name":"Schumacher-Lethal et fils","description":"Domaine viticole","publisher":{"@id":"https:\/\/schumacher-lethal.lu\/de\/#organization"},"potentialAction":[{"@type":"SearchAction","target":{"@type":"EntryPoint","urlTemplate":"https:\/\/schumacher-lethal.lu\/de\/?s={search_term_string}"},"query-input":{"@type":"PropertyValueSpecification","valueRequired":true,"valueName":"search_term_string"}}],"inLanguage":"en-US"},{"@type":"Organization","@id":"https:\/\/schumacher-lethal.lu\/de\/#organization","name":"Schumacher-Lethal et fils","url":"https:\/\/schumacher-lethal.lu\/de\/","logo":{"@type":"ImageObject","inLanguage":"en-US","@id":"https:\/\/schumacher-lethal.lu\/de\/#\/schema\/logo\/image\/","url":"https:\/\/schumacher-lethal.lu\/wp-content\/uploads\/2023\/10\/Schumacher_logo_new.jpg","contentUrl":"https:\/\/schumacher-lethal.lu\/wp-content\/uploads\/2023\/10\/Schumacher_logo_new.jpg","width":738,"height":737,"caption":"Schumacher-Lethal et fils"},"image":{"@id":"https:\/\/schumacher-lethal.lu\/de\/#\/schema\/logo\/image\/"},"sameAs":["https:\/\/www.facebook.com\/domaineschumacher","https:\/\/www.instagram.com\/schumacherlethal\/"]}]}},"jetpack_sharing_enabled":true,"_links":{"self":[{"href":"https:\/\/schumacher-lethal.lu\/en\/wp-json\/wp\/v2\/product\/300","targetHints":{"allow":["GET"]}}],"collection":[{"href":"https:\/\/schumacher-lethal.lu\/en\/wp-json\/wp\/v2\/product"}],"about":[{"href":"https:\/\/schumacher-lethal.lu\/en\/wp-json\/wp\/v2\/types\/product"}],"wp:featuredmedia":[{"embeddable":true,"href":"https:\/\/schumacher-lethal.lu\/en\/wp-json\/wp\/v2\/media\/470"}],"wp:attachment":[{"href":"https:\/\/schumacher-lethal.lu\/en\/wp-json\/wp\/v2\/media?parent=300"}],"wp:term":[{"taxonomy":"product_brand","embeddable":true,"href":"https:\/\/schumacher-lethal.lu\/en\/wp-json\/wp\/v2\/product_brand?post=300"},{"taxonomy":"product_cat","embeddable":true,"href":"https:\/\/schumacher-lethal.lu\/en\/wp-json\/wp\/v2\/product_cat?post=300"},{"taxonomy":"product_tag","embeddable":true,"href":"https:\/\/schumacher-lethal.lu\/en\/wp-json\/wp\/v2\/product_tag?post=300"}],"curies":[{"name":"wp","href":"https:\/\/api.w.org\/{rel}","templated":true}]}}