{"id":303,"date":"2015-07-19T10:44:07","date_gmt":"2015-07-19T08:44:07","guid":{"rendered":"http:\/\/schumacher-lethal.mayfex.lu\/?post_type=product&#038;p=303"},"modified":"2025-11-03T14:35:53","modified_gmt":"2025-11-03T13:35:53","slug":"gris-de-gris","status":"publish","type":"product","link":"https:\/\/schumacher-lethal.lu\/en\/shop\/gris-de-gris\/","title":{"rendered":"Gris de Gris 2024"},"content":{"rendered":"","protected":false},"excerpt":{"rendered":"<p>2023<br \/>\n75cl<br \/>\nA.O.P<\/p>\n","protected":false},"featured_media":487,"template":"","meta":[],"product_brand":[],"product_cat":[80,43],"product_tag":[],"class_list":{"0":"post-303","1":"product","2":"type-product","3":"status-publish","4":"has-post-thumbnail","6":"product_cat-gris-de-gris","7":"product_cat-rose","8":"yith_product_brand-domaine-viticole-schumacher","10":"first","11":"instock","12":"taxable","13":"shipping-taxable","14":"purchasable","15":"product-type-variable"},"yoast_head":"<!-- This site is optimized with the Yoast SEO plugin v26.8 - https:\/\/yoast.com\/product\/yoast-seo-wordpress\/ -->\n<title>Gris de Gris 2024 - Schumacher-Lethal et fils<\/title>\n<meta name=\"robots\" content=\"index, follow, max-snippet:-1, max-image-preview:large, max-video-preview:-1\" \/>\n<link rel=\"canonical\" href=\"https:\/\/schumacher-lethal.lu\/de\/shop\/gris-de-gris\/\" \/>\n<meta property=\"og:locale\" content=\"en_US\" \/>\n<meta property=\"og:type\" content=\"article\" \/>\n<meta property=\"og:title\" content=\"Gris de Gris 2024 - Schumacher-Lethal et fils\" \/>\n<meta property=\"og:description\" content=\"[:de]2024 75cl A.O.P Der Graue vom Grauen (Grauburgunder) ist ein kr\u00e4ftiger Ros\u00e9, die Farbe kommt durch die Maischestandzeit \u00fcber 2-3 Tage. Diese Spezialit\u00e4t begeistert durch einen sehr langen Abgang mit einer fast schon explodierenden Mineralit\u00e4t, die das Terroir so richtig zur Geltung kommen l\u00e4sst. Ein vielseitig einsetzbarer Essensbegleiter. Besonders zu Salat mit gebratener Entenbrust. Eigenschaften: aromatisch, cremig, vielseitig Aromen: Birne, Aprikose, getrocknete Fr\u00fcchte, reife Fr\u00fcchte Essen und Trinken: Asiatische K\u00fcche, rotes Fleisch, Wild Verkostungstemperatur: 10-12\u00b0C[:fr]2023 75cl A.O.P[:en]2023 75cl A.O.P[:lu]2023 75cl A.O.P[:]\" \/>\n<meta property=\"og:url\" content=\"https:\/\/schumacher-lethal.lu\/de\/shop\/gris-de-gris\/\" \/>\n<meta property=\"og:site_name\" content=\"Schumacher-Lethal et fils\" \/>\n<meta property=\"article:publisher\" content=\"https:\/\/www.facebook.com\/domaineschumacher\" \/>\n<meta property=\"article:modified_time\" content=\"2025-11-03T13:35:53+00:00\" \/>\n<meta property=\"og:image\" content=\"https:\/\/schumacher-lethal.lu\/wp-content\/uploads\/2015\/08\/gris-de-gris.png\" \/>\n\t<meta property=\"og:image:width\" content=\"2500\" \/>\n\t<meta property=\"og:image:height\" content=\"2500\" \/>\n\t<meta property=\"og:image:type\" content=\"image\/png\" \/>\n<meta name=\"twitter:card\" content=\"summary_large_image\" \/>\n<script type=\"application\/ld+json\" class=\"yoast-schema-graph\">{\"@context\":\"https:\/\/schema.org\",\"@graph\":[{\"@type\":\"WebPage\",\"@id\":\"https:\/\/schumacher-lethal.lu\/de\/shop\/gris-de-gris\/\",\"url\":\"https:\/\/schumacher-lethal.lu\/de\/shop\/gris-de-gris\/\",\"name\":\"Gris de Gris 2024 - Schumacher-Lethal et fils\",\"isPartOf\":{\"@id\":\"https:\/\/schumacher-lethal.lu\/de\/#website\"},\"primaryImageOfPage\":{\"@id\":\"https:\/\/schumacher-lethal.lu\/de\/shop\/gris-de-gris\/#primaryimage\"},\"image\":{\"@id\":\"https:\/\/schumacher-lethal.lu\/de\/shop\/gris-de-gris\/#primaryimage\"},\"thumbnailUrl\":\"https:\/\/schumacher-lethal.lu\/wp-content\/uploads\/2015\/08\/gris-de-gris.png\",\"datePublished\":\"2015-07-19T08:44:07+00:00\",\"dateModified\":\"2025-11-03T13:35:53+00:00\",\"breadcrumb\":{\"@id\":\"https:\/\/schumacher-lethal.lu\/de\/shop\/gris-de-gris\/#breadcrumb\"},\"inLanguage\":\"en-US\",\"potentialAction\":[{\"@type\":\"ReadAction\",\"target\":[\"https:\/\/schumacher-lethal.lu\/de\/shop\/gris-de-gris\/\"]}]},{\"@type\":\"ImageObject\",\"inLanguage\":\"en-US\",\"@id\":\"https:\/\/schumacher-lethal.lu\/de\/shop\/gris-de-gris\/#primaryimage\",\"url\":\"https:\/\/schumacher-lethal.lu\/wp-content\/uploads\/2015\/08\/gris-de-gris.png\",\"contentUrl\":\"https:\/\/schumacher-lethal.lu\/wp-content\/uploads\/2015\/08\/gris-de-gris.png\",\"width\":2500,\"height\":2500,\"caption\":\"Gris de Gris\"},{\"@type\":\"BreadcrumbList\",\"@id\":\"https:\/\/schumacher-lethal.lu\/de\/shop\/gris-de-gris\/#breadcrumb\",\"itemListElement\":[{\"@type\":\"ListItem\",\"position\":1,\"name\":\"Startseite\",\"item\":\"https:\/\/schumacher-lethal.lu\/de\/\"},{\"@type\":\"ListItem\",\"position\":2,\"name\":\"Shop\",\"item\":\"https:\/\/schumacher-lethal.lu\/de\/shop\/\"},{\"@type\":\"ListItem\",\"position\":3,\"name\":\"Gris de Gris 2024\"}]},{\"@type\":\"WebSite\",\"@id\":\"https:\/\/schumacher-lethal.lu\/de\/#website\",\"url\":\"https:\/\/schumacher-lethal.lu\/de\/\",\"name\":\"Schumacher-Lethal et fils\",\"description\":\"Domaine viticole\",\"publisher\":{\"@id\":\"https:\/\/schumacher-lethal.lu\/de\/#organization\"},\"potentialAction\":[{\"@type\":\"SearchAction\",\"target\":{\"@type\":\"EntryPoint\",\"urlTemplate\":\"https:\/\/schumacher-lethal.lu\/de\/?s={search_term_string}\"},\"query-input\":{\"@type\":\"PropertyValueSpecification\",\"valueRequired\":true,\"valueName\":\"search_term_string\"}}],\"inLanguage\":\"en-US\"},{\"@type\":\"Organization\",\"@id\":\"https:\/\/schumacher-lethal.lu\/de\/#organization\",\"name\":\"Schumacher-Lethal et fils\",\"url\":\"https:\/\/schumacher-lethal.lu\/de\/\",\"logo\":{\"@type\":\"ImageObject\",\"inLanguage\":\"en-US\",\"@id\":\"https:\/\/schumacher-lethal.lu\/de\/#\/schema\/logo\/image\/\",\"url\":\"https:\/\/schumacher-lethal.lu\/wp-content\/uploads\/2023\/10\/Schumacher_logo_new.jpg\",\"contentUrl\":\"https:\/\/schumacher-lethal.lu\/wp-content\/uploads\/2023\/10\/Schumacher_logo_new.jpg\",\"width\":738,\"height\":737,\"caption\":\"Schumacher-Lethal et fils\"},\"image\":{\"@id\":\"https:\/\/schumacher-lethal.lu\/de\/#\/schema\/logo\/image\/\"},\"sameAs\":[\"https:\/\/www.facebook.com\/domaineschumacher\",\"https:\/\/www.instagram.com\/schumacherlethal\/\"]}]}<\/script>\n<!-- \/ Yoast SEO plugin. -->","yoast_head_json":{"title":"Gris de Gris 2024 - Schumacher-Lethal et fils","robots":{"index":"index","follow":"follow","max-snippet":"max-snippet:-1","max-image-preview":"max-image-preview:large","max-video-preview":"max-video-preview:-1"},"canonical":"https:\/\/schumacher-lethal.lu\/de\/shop\/gris-de-gris\/","og_locale":"en_US","og_type":"article","og_title":"Gris de Gris 2024 - Schumacher-Lethal et fils","og_description":"[:de]2024 75cl A.O.P Der Graue vom Grauen (Grauburgunder) ist ein kr\u00e4ftiger Ros\u00e9, die Farbe kommt durch die Maischestandzeit \u00fcber 2-3 Tage. Diese Spezialit\u00e4t begeistert durch einen sehr langen Abgang mit einer fast schon explodierenden Mineralit\u00e4t, die das Terroir so richtig zur Geltung kommen l\u00e4sst. Ein vielseitig einsetzbarer Essensbegleiter. Besonders zu Salat mit gebratener Entenbrust. Eigenschaften: aromatisch, cremig, vielseitig Aromen: Birne, Aprikose, getrocknete Fr\u00fcchte, reife Fr\u00fcchte Essen und Trinken: Asiatische K\u00fcche, rotes Fleisch, Wild Verkostungstemperatur: 10-12\u00b0C[:fr]2023 75cl A.O.P[:en]2023 75cl A.O.P[:lu]2023 75cl A.O.P[:]","og_url":"https:\/\/schumacher-lethal.lu\/de\/shop\/gris-de-gris\/","og_site_name":"Schumacher-Lethal et fils","article_publisher":"https:\/\/www.facebook.com\/domaineschumacher","article_modified_time":"2025-11-03T13:35:53+00:00","og_image":[{"width":2500,"height":2500,"url":"https:\/\/schumacher-lethal.lu\/wp-content\/uploads\/2015\/08\/gris-de-gris.png","type":"image\/png"}],"twitter_card":"summary_large_image","schema":{"@context":"https:\/\/schema.org","@graph":[{"@type":"WebPage","@id":"https:\/\/schumacher-lethal.lu\/de\/shop\/gris-de-gris\/","url":"https:\/\/schumacher-lethal.lu\/de\/shop\/gris-de-gris\/","name":"Gris de Gris 2024 - Schumacher-Lethal et fils","isPartOf":{"@id":"https:\/\/schumacher-lethal.lu\/de\/#website"},"primaryImageOfPage":{"@id":"https:\/\/schumacher-lethal.lu\/de\/shop\/gris-de-gris\/#primaryimage"},"image":{"@id":"https:\/\/schumacher-lethal.lu\/de\/shop\/gris-de-gris\/#primaryimage"},"thumbnailUrl":"https:\/\/schumacher-lethal.lu\/wp-content\/uploads\/2015\/08\/gris-de-gris.png","datePublished":"2015-07-19T08:44:07+00:00","dateModified":"2025-11-03T13:35:53+00:00","breadcrumb":{"@id":"https:\/\/schumacher-lethal.lu\/de\/shop\/gris-de-gris\/#breadcrumb"},"inLanguage":"en-US","potentialAction":[{"@type":"ReadAction","target":["https:\/\/schumacher-lethal.lu\/de\/shop\/gris-de-gris\/"]}]},{"@type":"ImageObject","inLanguage":"en-US","@id":"https:\/\/schumacher-lethal.lu\/de\/shop\/gris-de-gris\/#primaryimage","url":"https:\/\/schumacher-lethal.lu\/wp-content\/uploads\/2015\/08\/gris-de-gris.png","contentUrl":"https:\/\/schumacher-lethal.lu\/wp-content\/uploads\/2015\/08\/gris-de-gris.png","width":2500,"height":2500,"caption":"Gris de Gris"},{"@type":"BreadcrumbList","@id":"https:\/\/schumacher-lethal.lu\/de\/shop\/gris-de-gris\/#breadcrumb","itemListElement":[{"@type":"ListItem","position":1,"name":"Startseite","item":"https:\/\/schumacher-lethal.lu\/de\/"},{"@type":"ListItem","position":2,"name":"Shop","item":"https:\/\/schumacher-lethal.lu\/de\/shop\/"},{"@type":"ListItem","position":3,"name":"Gris de Gris 2024"}]},{"@type":"WebSite","@id":"https:\/\/schumacher-lethal.lu\/de\/#website","url":"https:\/\/schumacher-lethal.lu\/de\/","name":"Schumacher-Lethal et fils","description":"Domaine viticole","publisher":{"@id":"https:\/\/schumacher-lethal.lu\/de\/#organization"},"potentialAction":[{"@type":"SearchAction","target":{"@type":"EntryPoint","urlTemplate":"https:\/\/schumacher-lethal.lu\/de\/?s={search_term_string}"},"query-input":{"@type":"PropertyValueSpecification","valueRequired":true,"valueName":"search_term_string"}}],"inLanguage":"en-US"},{"@type":"Organization","@id":"https:\/\/schumacher-lethal.lu\/de\/#organization","name":"Schumacher-Lethal et fils","url":"https:\/\/schumacher-lethal.lu\/de\/","logo":{"@type":"ImageObject","inLanguage":"en-US","@id":"https:\/\/schumacher-lethal.lu\/de\/#\/schema\/logo\/image\/","url":"https:\/\/schumacher-lethal.lu\/wp-content\/uploads\/2023\/10\/Schumacher_logo_new.jpg","contentUrl":"https:\/\/schumacher-lethal.lu\/wp-content\/uploads\/2023\/10\/Schumacher_logo_new.jpg","width":738,"height":737,"caption":"Schumacher-Lethal et fils"},"image":{"@id":"https:\/\/schumacher-lethal.lu\/de\/#\/schema\/logo\/image\/"},"sameAs":["https:\/\/www.facebook.com\/domaineschumacher","https:\/\/www.instagram.com\/schumacherlethal\/"]}]}},"jetpack_sharing_enabled":true,"_links":{"self":[{"href":"https:\/\/schumacher-lethal.lu\/en\/wp-json\/wp\/v2\/product\/303","targetHints":{"allow":["GET"]}}],"collection":[{"href":"https:\/\/schumacher-lethal.lu\/en\/wp-json\/wp\/v2\/product"}],"about":[{"href":"https:\/\/schumacher-lethal.lu\/en\/wp-json\/wp\/v2\/types\/product"}],"wp:featuredmedia":[{"embeddable":true,"href":"https:\/\/schumacher-lethal.lu\/en\/wp-json\/wp\/v2\/media\/487"}],"wp:attachment":[{"href":"https:\/\/schumacher-lethal.lu\/en\/wp-json\/wp\/v2\/media?parent=303"}],"wp:term":[{"taxonomy":"product_brand","embeddable":true,"href":"https:\/\/schumacher-lethal.lu\/en\/wp-json\/wp\/v2\/product_brand?post=303"},{"taxonomy":"product_cat","embeddable":true,"href":"https:\/\/schumacher-lethal.lu\/en\/wp-json\/wp\/v2\/product_cat?post=303"},{"taxonomy":"product_tag","embeddable":true,"href":"https:\/\/schumacher-lethal.lu\/en\/wp-json\/wp\/v2\/product_tag?post=303"}],"curies":[{"name":"wp","href":"https:\/\/api.w.org\/{rel}","templated":true}]}}