{"id":304,"date":"2015-07-19T10:51:06","date_gmt":"2015-07-19T08:51:06","guid":{"rendered":"http:\/\/schumacher-lethal.mayfex.lu\/?post_type=product&#038;p=304"},"modified":"2025-10-24T11:40:16","modified_gmt":"2025-10-24T09:40:16","slug":"pinot-blanc","status":"publish","type":"product","link":"https:\/\/schumacher-lethal.lu\/en\/shop\/pinot-blanc\/","title":{"rendered":"Pinot Blanc Heiligenh\u00e4uschen 2023"},"content":{"rendered":"","protected":false},"excerpt":{"rendered":"<p>2023<br \/>\n75cl<br \/>\nA.O.P<br \/>\nWormeldange Heiligenh\u00e4uschen<br \/>\nGrand Premier Cru<\/p>\n","protected":false},"featured_media":489,"template":"","meta":[],"product_brand":[],"product_cat":[67,41],"product_tag":[],"class_list":{"0":"post-304","1":"product","2":"type-product","3":"status-publish","4":"has-post-thumbnail","6":"product_cat-pinot-blanc","7":"product_cat-weisswein","8":"yith_product_brand-domaine-viticole-schumacher","10":"first","11":"instock","12":"taxable","13":"shipping-taxable","14":"purchasable","15":"product-type-variable"},"yoast_head":"<!-- This site is optimized with the Yoast SEO plugin v26.8 - https:\/\/yoast.com\/product\/yoast-seo-wordpress\/ -->\n<title>Pinot Blanc Heiligenh\u00e4uschen 2023 - Schumacher-Lethal et fils<\/title>\n<meta name=\"robots\" content=\"index, follow, max-snippet:-1, max-image-preview:large, max-video-preview:-1\" \/>\n<link rel=\"canonical\" href=\"https:\/\/schumacher-lethal.lu\/de\/shop\/pinot-blanc\/\" \/>\n<meta property=\"og:locale\" content=\"en_US\" \/>\n<meta property=\"og:type\" content=\"article\" \/>\n<meta property=\"og:title\" content=\"Pinot Blanc Heiligenh\u00e4uschen 2023 - Schumacher-Lethal et fils\" \/>\n<meta property=\"og:description\" content=\"[:de]2023 75cl A.O.P Wormeldange Heiligenh\u00e4uschen Grand Premier Cru  Ein feiner, frischer Wein, elegant, fruchtig, mit dezenten Aromen. Er findet eine vortreffliche Anwendung bei Fischgerichten wie \u201eSeebarsch auf gr\u00fcnem Salat\u201c oder \u201eFeuillet\u00e9s mit Forellenfilets\u201c.  Eigenschaften: frisch, geschmeidig, neutral Aromen: Ananas, gr\u00fcner Apfel, Zitrusfr\u00fcchte, Quitte Essen und Trinken: Gefl\u00fcgel, Fisch Verkostungstemperatur: 8-10\u00b0C[:fr]2023 75cl A.O.P Wormeldange Heiligenh\u00e4uschen Grand Premier Cru[:en]2023 75cl A.O.P Wormeldange Heiligenh\u00e4uschen Grand Premier Cru[:lu]2023 75cl A.O.P Wormeldange Heiligenh\u00e4uschen Grand Premier Cru[:]\" \/>\n<meta property=\"og:url\" content=\"https:\/\/schumacher-lethal.lu\/de\/shop\/pinot-blanc\/\" \/>\n<meta property=\"og:site_name\" content=\"Schumacher-Lethal et fils\" \/>\n<meta property=\"article:publisher\" content=\"https:\/\/www.facebook.com\/domaineschumacher\" \/>\n<meta property=\"article:modified_time\" content=\"2025-10-24T09:40:16+00:00\" \/>\n<meta property=\"og:image\" content=\"https:\/\/schumacher-lethal.lu\/wp-content\/uploads\/2015\/08\/pinot-blanc.png\" \/>\n\t<meta property=\"og:image:width\" content=\"2500\" \/>\n\t<meta property=\"og:image:height\" content=\"2500\" \/>\n\t<meta property=\"og:image:type\" content=\"image\/png\" \/>\n<meta name=\"twitter:card\" content=\"summary_large_image\" \/>\n<script type=\"application\/ld+json\" class=\"yoast-schema-graph\">{\"@context\":\"https:\/\/schema.org\",\"@graph\":[{\"@type\":\"WebPage\",\"@id\":\"https:\/\/schumacher-lethal.lu\/de\/shop\/pinot-blanc\/\",\"url\":\"https:\/\/schumacher-lethal.lu\/de\/shop\/pinot-blanc\/\",\"name\":\"Pinot Blanc Heiligenh\u00e4uschen 2023 - Schumacher-Lethal et fils\",\"isPartOf\":{\"@id\":\"https:\/\/schumacher-lethal.lu\/de\/#website\"},\"primaryImageOfPage\":{\"@id\":\"https:\/\/schumacher-lethal.lu\/de\/shop\/pinot-blanc\/#primaryimage\"},\"image\":{\"@id\":\"https:\/\/schumacher-lethal.lu\/de\/shop\/pinot-blanc\/#primaryimage\"},\"thumbnailUrl\":\"https:\/\/schumacher-lethal.lu\/wp-content\/uploads\/2015\/08\/pinot-blanc.png\",\"datePublished\":\"2015-07-19T08:51:06+00:00\",\"dateModified\":\"2025-10-24T09:40:16+00:00\",\"breadcrumb\":{\"@id\":\"https:\/\/schumacher-lethal.lu\/de\/shop\/pinot-blanc\/#breadcrumb\"},\"inLanguage\":\"en-US\",\"potentialAction\":[{\"@type\":\"ReadAction\",\"target\":[\"https:\/\/schumacher-lethal.lu\/de\/shop\/pinot-blanc\/\"]}]},{\"@type\":\"ImageObject\",\"inLanguage\":\"en-US\",\"@id\":\"https:\/\/schumacher-lethal.lu\/de\/shop\/pinot-blanc\/#primaryimage\",\"url\":\"https:\/\/schumacher-lethal.lu\/wp-content\/uploads\/2015\/08\/pinot-blanc.png\",\"contentUrl\":\"https:\/\/schumacher-lethal.lu\/wp-content\/uploads\/2015\/08\/pinot-blanc.png\",\"width\":2500,\"height\":2500,\"caption\":\"Pinot Blanc\"},{\"@type\":\"BreadcrumbList\",\"@id\":\"https:\/\/schumacher-lethal.lu\/de\/shop\/pinot-blanc\/#breadcrumb\",\"itemListElement\":[{\"@type\":\"ListItem\",\"position\":1,\"name\":\"Startseite\",\"item\":\"https:\/\/schumacher-lethal.lu\/de\/\"},{\"@type\":\"ListItem\",\"position\":2,\"name\":\"Shop\",\"item\":\"https:\/\/schumacher-lethal.lu\/de\/shop\/\"},{\"@type\":\"ListItem\",\"position\":3,\"name\":\"Pinot Blanc Heiligenh\u00e4uschen 2023\"}]},{\"@type\":\"WebSite\",\"@id\":\"https:\/\/schumacher-lethal.lu\/de\/#website\",\"url\":\"https:\/\/schumacher-lethal.lu\/de\/\",\"name\":\"Schumacher-Lethal et fils\",\"description\":\"Domaine viticole\",\"publisher\":{\"@id\":\"https:\/\/schumacher-lethal.lu\/de\/#organization\"},\"potentialAction\":[{\"@type\":\"SearchAction\",\"target\":{\"@type\":\"EntryPoint\",\"urlTemplate\":\"https:\/\/schumacher-lethal.lu\/de\/?s={search_term_string}\"},\"query-input\":{\"@type\":\"PropertyValueSpecification\",\"valueRequired\":true,\"valueName\":\"search_term_string\"}}],\"inLanguage\":\"en-US\"},{\"@type\":\"Organization\",\"@id\":\"https:\/\/schumacher-lethal.lu\/de\/#organization\",\"name\":\"Schumacher-Lethal et fils\",\"url\":\"https:\/\/schumacher-lethal.lu\/de\/\",\"logo\":{\"@type\":\"ImageObject\",\"inLanguage\":\"en-US\",\"@id\":\"https:\/\/schumacher-lethal.lu\/de\/#\/schema\/logo\/image\/\",\"url\":\"https:\/\/schumacher-lethal.lu\/wp-content\/uploads\/2023\/10\/Schumacher_logo_new.jpg\",\"contentUrl\":\"https:\/\/schumacher-lethal.lu\/wp-content\/uploads\/2023\/10\/Schumacher_logo_new.jpg\",\"width\":738,\"height\":737,\"caption\":\"Schumacher-Lethal et fils\"},\"image\":{\"@id\":\"https:\/\/schumacher-lethal.lu\/de\/#\/schema\/logo\/image\/\"},\"sameAs\":[\"https:\/\/www.facebook.com\/domaineschumacher\",\"https:\/\/www.instagram.com\/schumacherlethal\/\"]}]}<\/script>\n<!-- \/ Yoast SEO plugin. -->","yoast_head_json":{"title":"Pinot Blanc Heiligenh\u00e4uschen 2023 - Schumacher-Lethal et fils","robots":{"index":"index","follow":"follow","max-snippet":"max-snippet:-1","max-image-preview":"max-image-preview:large","max-video-preview":"max-video-preview:-1"},"canonical":"https:\/\/schumacher-lethal.lu\/de\/shop\/pinot-blanc\/","og_locale":"en_US","og_type":"article","og_title":"Pinot Blanc Heiligenh\u00e4uschen 2023 - Schumacher-Lethal et fils","og_description":"[:de]2023 75cl A.O.P Wormeldange Heiligenh\u00e4uschen Grand Premier Cru  Ein feiner, frischer Wein, elegant, fruchtig, mit dezenten Aromen. Er findet eine vortreffliche Anwendung bei Fischgerichten wie \u201eSeebarsch auf gr\u00fcnem Salat\u201c oder \u201eFeuillet\u00e9s mit Forellenfilets\u201c.  Eigenschaften: frisch, geschmeidig, neutral Aromen: Ananas, gr\u00fcner Apfel, Zitrusfr\u00fcchte, Quitte Essen und Trinken: Gefl\u00fcgel, Fisch Verkostungstemperatur: 8-10\u00b0C[:fr]2023 75cl A.O.P Wormeldange Heiligenh\u00e4uschen Grand Premier Cru[:en]2023 75cl A.O.P Wormeldange Heiligenh\u00e4uschen Grand Premier Cru[:lu]2023 75cl A.O.P Wormeldange Heiligenh\u00e4uschen Grand Premier Cru[:]","og_url":"https:\/\/schumacher-lethal.lu\/de\/shop\/pinot-blanc\/","og_site_name":"Schumacher-Lethal et fils","article_publisher":"https:\/\/www.facebook.com\/domaineschumacher","article_modified_time":"2025-10-24T09:40:16+00:00","og_image":[{"width":2500,"height":2500,"url":"https:\/\/schumacher-lethal.lu\/wp-content\/uploads\/2015\/08\/pinot-blanc.png","type":"image\/png"}],"twitter_card":"summary_large_image","schema":{"@context":"https:\/\/schema.org","@graph":[{"@type":"WebPage","@id":"https:\/\/schumacher-lethal.lu\/de\/shop\/pinot-blanc\/","url":"https:\/\/schumacher-lethal.lu\/de\/shop\/pinot-blanc\/","name":"Pinot Blanc Heiligenh\u00e4uschen 2023 - Schumacher-Lethal et fils","isPartOf":{"@id":"https:\/\/schumacher-lethal.lu\/de\/#website"},"primaryImageOfPage":{"@id":"https:\/\/schumacher-lethal.lu\/de\/shop\/pinot-blanc\/#primaryimage"},"image":{"@id":"https:\/\/schumacher-lethal.lu\/de\/shop\/pinot-blanc\/#primaryimage"},"thumbnailUrl":"https:\/\/schumacher-lethal.lu\/wp-content\/uploads\/2015\/08\/pinot-blanc.png","datePublished":"2015-07-19T08:51:06+00:00","dateModified":"2025-10-24T09:40:16+00:00","breadcrumb":{"@id":"https:\/\/schumacher-lethal.lu\/de\/shop\/pinot-blanc\/#breadcrumb"},"inLanguage":"en-US","potentialAction":[{"@type":"ReadAction","target":["https:\/\/schumacher-lethal.lu\/de\/shop\/pinot-blanc\/"]}]},{"@type":"ImageObject","inLanguage":"en-US","@id":"https:\/\/schumacher-lethal.lu\/de\/shop\/pinot-blanc\/#primaryimage","url":"https:\/\/schumacher-lethal.lu\/wp-content\/uploads\/2015\/08\/pinot-blanc.png","contentUrl":"https:\/\/schumacher-lethal.lu\/wp-content\/uploads\/2015\/08\/pinot-blanc.png","width":2500,"height":2500,"caption":"Pinot Blanc"},{"@type":"BreadcrumbList","@id":"https:\/\/schumacher-lethal.lu\/de\/shop\/pinot-blanc\/#breadcrumb","itemListElement":[{"@type":"ListItem","position":1,"name":"Startseite","item":"https:\/\/schumacher-lethal.lu\/de\/"},{"@type":"ListItem","position":2,"name":"Shop","item":"https:\/\/schumacher-lethal.lu\/de\/shop\/"},{"@type":"ListItem","position":3,"name":"Pinot Blanc Heiligenh\u00e4uschen 2023"}]},{"@type":"WebSite","@id":"https:\/\/schumacher-lethal.lu\/de\/#website","url":"https:\/\/schumacher-lethal.lu\/de\/","name":"Schumacher-Lethal et fils","description":"Domaine viticole","publisher":{"@id":"https:\/\/schumacher-lethal.lu\/de\/#organization"},"potentialAction":[{"@type":"SearchAction","target":{"@type":"EntryPoint","urlTemplate":"https:\/\/schumacher-lethal.lu\/de\/?s={search_term_string}"},"query-input":{"@type":"PropertyValueSpecification","valueRequired":true,"valueName":"search_term_string"}}],"inLanguage":"en-US"},{"@type":"Organization","@id":"https:\/\/schumacher-lethal.lu\/de\/#organization","name":"Schumacher-Lethal et fils","url":"https:\/\/schumacher-lethal.lu\/de\/","logo":{"@type":"ImageObject","inLanguage":"en-US","@id":"https:\/\/schumacher-lethal.lu\/de\/#\/schema\/logo\/image\/","url":"https:\/\/schumacher-lethal.lu\/wp-content\/uploads\/2023\/10\/Schumacher_logo_new.jpg","contentUrl":"https:\/\/schumacher-lethal.lu\/wp-content\/uploads\/2023\/10\/Schumacher_logo_new.jpg","width":738,"height":737,"caption":"Schumacher-Lethal et fils"},"image":{"@id":"https:\/\/schumacher-lethal.lu\/de\/#\/schema\/logo\/image\/"},"sameAs":["https:\/\/www.facebook.com\/domaineschumacher","https:\/\/www.instagram.com\/schumacherlethal\/"]}]}},"jetpack_sharing_enabled":true,"_links":{"self":[{"href":"https:\/\/schumacher-lethal.lu\/en\/wp-json\/wp\/v2\/product\/304","targetHints":{"allow":["GET"]}}],"collection":[{"href":"https:\/\/schumacher-lethal.lu\/en\/wp-json\/wp\/v2\/product"}],"about":[{"href":"https:\/\/schumacher-lethal.lu\/en\/wp-json\/wp\/v2\/types\/product"}],"wp:featuredmedia":[{"embeddable":true,"href":"https:\/\/schumacher-lethal.lu\/en\/wp-json\/wp\/v2\/media\/489"}],"wp:attachment":[{"href":"https:\/\/schumacher-lethal.lu\/en\/wp-json\/wp\/v2\/media?parent=304"}],"wp:term":[{"taxonomy":"product_brand","embeddable":true,"href":"https:\/\/schumacher-lethal.lu\/en\/wp-json\/wp\/v2\/product_brand?post=304"},{"taxonomy":"product_cat","embeddable":true,"href":"https:\/\/schumacher-lethal.lu\/en\/wp-json\/wp\/v2\/product_cat?post=304"},{"taxonomy":"product_tag","embeddable":true,"href":"https:\/\/schumacher-lethal.lu\/en\/wp-json\/wp\/v2\/product_tag?post=304"}],"curies":[{"name":"wp","href":"https:\/\/api.w.org\/{rel}","templated":true}]}}