{"id":2,"date":"2015-05-08T09:52:24","date_gmt":"2015-05-08T07:52:24","guid":{"rendered":"http:\/\/schumacher-lethal.mayfex.lu\/?page_id=2"},"modified":"2022-03-11T15:50:07","modified_gmt":"2022-03-11T14:50:07","slug":"ueber-uns","status":"publish","type":"page","link":"https:\/\/schumacher-lethal.lu\/fr\/","title":{"rendered":"\u00c0 propos de nous"},"content":{"rendered":"<p>Maison\" width=\"980\" height=\"654\" class=\"alignnone size-large wp-image-445\" srcset=\"https:\/\/schumacher-lethal.lu\/wp-content\/uploads\/2015\/08\/Haus-1024x683.jpg 1024w, https:\/\/schumacher-lethal.lu\/wp-content\/uploads\/2015\/08\/Haus-416x277.jpg 416w, https:\/\/schumacher-lethal.lu\/wp-content\/uploads\/2015\/08\/Haus-300x200.jpg 300w\" sizes=\"auto, (max-width: 980px) 100vw, 980px\" \/><\/a><\/p>\n<p>Wein ist unsere Leidenschaft. Und diese Leidenschaft ist es, die uns im Hause Schumacher-Lethal antreibt, jedes Jahr aufs Neue ausdrucksstarke und individuelle Weine herzustellen. Weine, die den besonderen Charakter unserer Lagen im Moseltal zum Ausdruck bringen.<\/p>\n<p>Unsere Weine sind weder uniform noch austauschbar, sondern verk\u00f6rpern die f\u00fcr den Moselwein so typische Vielfalt. Wer wie wir dem Wein gerecht werden will, muss das Zusammenspiel von Boden, Klima und Reben verstehen und f\u00fchlen. Aus diesem Grund bewirtschaften wir unsere Weinberge so naturnah wie m\u00f6glich, denn nur so k\u00f6nnen jetzt und in Zukunft einzigartige Weine und Cr\u00e9mants entstehen.<\/p>","protected":false},"excerpt":{"rendered":"<p>Maison\u00a0\u00bb width=\u00a0\u00bb980&Prime; height=\u00a0\u00bb654&Prime; class=\u00a0\u00bbalignnone size-large wp-image-445&Prime; \/> Wein ist unsere Leidenschaft. Und diese Leidenschaft ist es, die uns im Hause Schumacher-Lethal antreibt, jedes Jahr aufs Neue ausdrucksstarke und individuelle Weine herzustellen. Weine, die den besonderen Charakter unserer Lagen im Moseltal zum Ausdruck bringen. Unsere Weine sind weder uniform noch austauschbar, sondern verk\u00f6rpern die f\u00fcr den [&hellip;]<\/p>\n","protected":false},"author":128,"featured_media":0,"parent":0,"menu_order":2,"comment_status":"closed","ping_status":"closed","template":"","meta":{"footnotes":""},"class_list":["post-2","page","type-page","status-publish","hentry"],"yoast_head":"<!-- This site is optimized with the Yoast SEO plugin v26.8 - https:\/\/yoast.com\/product\/yoast-seo-wordpress\/ -->\n<title>\u00c0 propos de nous - Schumacher-Lethal et fils<\/title>\n<meta name=\"description\" content=\"Wein ist unsere Leidenschaft. Und diese Leidenschaft ist es, die uns im Hause Schumacher-Lethal antreib. Mit liebe aus Luxembourg.\" \/>\n<meta name=\"robots\" content=\"index, follow, max-snippet:-1, max-image-preview:large, max-video-preview:-1\" \/>\n<link rel=\"canonical\" href=\"https:\/\/schumacher-lethal.lu\/de\/\" \/>\n<meta property=\"og:locale\" content=\"fr_FR\" \/>\n<meta property=\"og:type\" content=\"article\" \/>\n<meta property=\"og:title\" content=\"[:de]\u00dcber uns[:fr]\u00c0 propos de nous[:en]About us[:lu]Iwwert eis[:] - Schumacher-Lethal et fils\" \/>\n<meta property=\"og:description\" content=\"Wein ist unsere Leidenschaft. Und diese Leidenschaft ist es, die uns im Hause Schumacher-Lethal antreib. Mit liebe aus Luxembourg.\" \/>\n<meta property=\"og:url\" content=\"https:\/\/schumacher-lethal.lu\/de\/\" \/>\n<meta property=\"og:site_name\" content=\"Schumacher-Lethal et fils\" \/>\n<meta property=\"article:publisher\" content=\"https:\/\/www.facebook.com\/domaineschumacher\" \/>\n<meta property=\"article:modified_time\" content=\"2022-03-11T14:50:07+00:00\" \/>\n<meta property=\"og:image\" content=\"https:\/\/schumacher-lethal.lu\/wp-content\/uploads\/2015\/08\/Haus-1024x683.jpg\" \/>\n<meta name=\"twitter:card\" content=\"summary_large_image\" \/>\n<meta name=\"twitter:label1\" content=\"Dur\u00e9e de lecture estim\u00e9e\" \/>\n\t<meta name=\"twitter:data1\" content=\"1 minute\" \/>\n<script type=\"application\/ld+json\" class=\"yoast-schema-graph\">{\"@context\":\"https:\/\/schema.org\",\"@graph\":[{\"@type\":\"WebPage\",\"@id\":\"https:\/\/schumacher-lethal.lu\/de\/\",\"url\":\"https:\/\/schumacher-lethal.lu\/de\/\",\"name\":\"[:de]\u00dcber uns[:fr]\u00c0 propos de nous[:en]About us[:lu]Iwwert eis[:] - Schumacher-Lethal et fils\",\"isPartOf\":{\"@id\":\"https:\/\/schumacher-lethal.lu\/de\/#website\"},\"primaryImageOfPage\":{\"@id\":\"https:\/\/schumacher-lethal.lu\/de\/#primaryimage\"},\"image\":{\"@id\":\"https:\/\/schumacher-lethal.lu\/de\/#primaryimage\"},\"thumbnailUrl\":\"https:\/\/schumacher-lethal.lu\/wp-content\/uploads\/2015\/08\/Haus-1024x683.jpg\",\"datePublished\":\"2015-05-08T07:52:24+00:00\",\"dateModified\":\"2022-03-11T14:50:07+00:00\",\"description\":\"Wein ist unsere Leidenschaft. Und diese Leidenschaft ist es, die uns im Hause Schumacher-Lethal antreib. Mit liebe aus Luxembourg.\",\"breadcrumb\":{\"@id\":\"https:\/\/schumacher-lethal.lu\/de\/#breadcrumb\"},\"inLanguage\":\"fr-FR\",\"potentialAction\":[{\"@type\":\"ReadAction\",\"target\":[\"https:\/\/schumacher-lethal.lu\/de\/\"]}]},{\"@type\":\"ImageObject\",\"inLanguage\":\"fr-FR\",\"@id\":\"https:\/\/schumacher-lethal.lu\/de\/#primaryimage\",\"url\":\"https:\/\/schumacher-lethal.lu\/wp-content\/uploads\/2015\/08\/Haus-1024x683.jpg\",\"contentUrl\":\"https:\/\/schumacher-lethal.lu\/wp-content\/uploads\/2015\/08\/Haus-1024x683.jpg\"},{\"@type\":\"BreadcrumbList\",\"@id\":\"https:\/\/schumacher-lethal.lu\/de\/#breadcrumb\",\"itemListElement\":[{\"@type\":\"ListItem\",\"position\":1,\"name\":\"Startseite\",\"item\":\"https:\/\/schumacher-lethal.lu\/de\/\"},{\"@type\":\"ListItem\",\"position\":2,\"name\":\"\u00dcber uns\"}]},{\"@type\":\"WebSite\",\"@id\":\"https:\/\/schumacher-lethal.lu\/de\/#website\",\"url\":\"https:\/\/schumacher-lethal.lu\/de\/\",\"name\":\"Schumacher-Lethal et fils\",\"description\":\"Domaine viticole\",\"publisher\":{\"@id\":\"https:\/\/schumacher-lethal.lu\/de\/#organization\"},\"potentialAction\":[{\"@type\":\"SearchAction\",\"target\":{\"@type\":\"EntryPoint\",\"urlTemplate\":\"https:\/\/schumacher-lethal.lu\/de\/?s={search_term_string}\"},\"query-input\":{\"@type\":\"PropertyValueSpecification\",\"valueRequired\":true,\"valueName\":\"search_term_string\"}}],\"inLanguage\":\"fr-FR\"},{\"@type\":\"Organization\",\"@id\":\"https:\/\/schumacher-lethal.lu\/de\/#organization\",\"name\":\"Schumacher-Lethal et fils\",\"url\":\"https:\/\/schumacher-lethal.lu\/de\/\",\"logo\":{\"@type\":\"ImageObject\",\"inLanguage\":\"fr-FR\",\"@id\":\"https:\/\/schumacher-lethal.lu\/de\/#\/schema\/logo\/image\/\",\"url\":\"https:\/\/schumacher-lethal.lu\/wp-content\/uploads\/2023\/10\/Schumacher_logo_new.jpg\",\"contentUrl\":\"https:\/\/schumacher-lethal.lu\/wp-content\/uploads\/2023\/10\/Schumacher_logo_new.jpg\",\"width\":738,\"height\":737,\"caption\":\"Schumacher-Lethal et fils\"},\"image\":{\"@id\":\"https:\/\/schumacher-lethal.lu\/de\/#\/schema\/logo\/image\/\"},\"sameAs\":[\"https:\/\/www.facebook.com\/domaineschumacher\",\"https:\/\/www.instagram.com\/schumacherlethal\/\"]}]}<\/script>\n<!-- \/ Yoast SEO plugin. -->","yoast_head_json":{"title":"[:de]\u00dcber uns[:fr]\u00c0 propos de nous[:en]About us[:lu]Iwwert eis[:] - Schumacher-Lethal et fils","description":"Wein ist unsere Leidenschaft. Und diese Leidenschaft ist es, die uns im Hause Schumacher-Lethal antreib. Mit liebe aus Luxembourg.","robots":{"index":"index","follow":"follow","max-snippet":"max-snippet:-1","max-image-preview":"max-image-preview:large","max-video-preview":"max-video-preview:-1"},"canonical":"https:\/\/schumacher-lethal.lu\/de\/","og_locale":"fr_FR","og_type":"article","og_title":"[:de]\u00dcber uns[:fr]\u00c0 propos de nous[:en]About us[:lu]Iwwert eis[:] - Schumacher-Lethal et fils","og_description":"Wein ist unsere Leidenschaft. Und diese Leidenschaft ist es, die uns im Hause Schumacher-Lethal antreib. Mit liebe aus Luxembourg.","og_url":"https:\/\/schumacher-lethal.lu\/de\/","og_site_name":"Schumacher-Lethal et fils","article_publisher":"https:\/\/www.facebook.com\/domaineschumacher","article_modified_time":"2022-03-11T14:50:07+00:00","og_image":[{"url":"https:\/\/schumacher-lethal.lu\/wp-content\/uploads\/2015\/08\/Haus-1024x683.jpg","type":"","width":"","height":""}],"twitter_card":"summary_large_image","twitter_misc":{"Dur\u00e9e de lecture estim\u00e9e":"1 minute"},"schema":{"@context":"https:\/\/schema.org","@graph":[{"@type":"WebPage","@id":"https:\/\/schumacher-lethal.lu\/de\/","url":"https:\/\/schumacher-lethal.lu\/de\/","name":"[:de]\u00dcber uns[:fr]\u00c0 propos de nous[:en]About us[:lu]Iwwert eis[:] - Schumacher-Lethal et fils","isPartOf":{"@id":"https:\/\/schumacher-lethal.lu\/de\/#website"},"primaryImageOfPage":{"@id":"https:\/\/schumacher-lethal.lu\/de\/#primaryimage"},"image":{"@id":"https:\/\/schumacher-lethal.lu\/de\/#primaryimage"},"thumbnailUrl":"https:\/\/schumacher-lethal.lu\/wp-content\/uploads\/2015\/08\/Haus-1024x683.jpg","datePublished":"2015-05-08T07:52:24+00:00","dateModified":"2022-03-11T14:50:07+00:00","description":"Wein ist unsere Leidenschaft. Und diese Leidenschaft ist es, die uns im Hause Schumacher-Lethal antreib. Mit liebe aus Luxembourg.","breadcrumb":{"@id":"https:\/\/schumacher-lethal.lu\/de\/#breadcrumb"},"inLanguage":"fr-FR","potentialAction":[{"@type":"ReadAction","target":["https:\/\/schumacher-lethal.lu\/de\/"]}]},{"@type":"ImageObject","inLanguage":"fr-FR","@id":"https:\/\/schumacher-lethal.lu\/de\/#primaryimage","url":"https:\/\/schumacher-lethal.lu\/wp-content\/uploads\/2015\/08\/Haus-1024x683.jpg","contentUrl":"https:\/\/schumacher-lethal.lu\/wp-content\/uploads\/2015\/08\/Haus-1024x683.jpg"},{"@type":"BreadcrumbList","@id":"https:\/\/schumacher-lethal.lu\/de\/#breadcrumb","itemListElement":[{"@type":"ListItem","position":1,"name":"Startseite","item":"https:\/\/schumacher-lethal.lu\/de\/"},{"@type":"ListItem","position":2,"name":"\u00dcber uns"}]},{"@type":"WebSite","@id":"https:\/\/schumacher-lethal.lu\/de\/#website","url":"https:\/\/schumacher-lethal.lu\/de\/","name":"Schumacher-Lethal et fils","description":"Domaine viticole","publisher":{"@id":"https:\/\/schumacher-lethal.lu\/de\/#organization"},"potentialAction":[{"@type":"SearchAction","target":{"@type":"EntryPoint","urlTemplate":"https:\/\/schumacher-lethal.lu\/de\/?s={search_term_string}"},"query-input":{"@type":"PropertyValueSpecification","valueRequired":true,"valueName":"search_term_string"}}],"inLanguage":"fr-FR"},{"@type":"Organization","@id":"https:\/\/schumacher-lethal.lu\/de\/#organization","name":"Schumacher-Lethal et fils","url":"https:\/\/schumacher-lethal.lu\/de\/","logo":{"@type":"ImageObject","inLanguage":"fr-FR","@id":"https:\/\/schumacher-lethal.lu\/de\/#\/schema\/logo\/image\/","url":"https:\/\/schumacher-lethal.lu\/wp-content\/uploads\/2023\/10\/Schumacher_logo_new.jpg","contentUrl":"https:\/\/schumacher-lethal.lu\/wp-content\/uploads\/2023\/10\/Schumacher_logo_new.jpg","width":738,"height":737,"caption":"Schumacher-Lethal et fils"},"image":{"@id":"https:\/\/schumacher-lethal.lu\/de\/#\/schema\/logo\/image\/"},"sameAs":["https:\/\/www.facebook.com\/domaineschumacher","https:\/\/www.instagram.com\/schumacherlethal\/"]}]}},"jetpack_sharing_enabled":true,"_links":{"self":[{"href":"https:\/\/schumacher-lethal.lu\/fr\/wp-json\/wp\/v2\/pages\/2","targetHints":{"allow":["GET"]}}],"collection":[{"href":"https:\/\/schumacher-lethal.lu\/fr\/wp-json\/wp\/v2\/pages"}],"about":[{"href":"https:\/\/schumacher-lethal.lu\/fr\/wp-json\/wp\/v2\/types\/page"}],"author":[{"embeddable":true,"href":"https:\/\/schumacher-lethal.lu\/fr\/wp-json\/wp\/v2\/users\/128"}],"replies":[{"embeddable":true,"href":"https:\/\/schumacher-lethal.lu\/fr\/wp-json\/wp\/v2\/comments?post=2"}],"version-history":[{"count":19,"href":"https:\/\/schumacher-lethal.lu\/fr\/wp-json\/wp\/v2\/pages\/2\/revisions"}],"predecessor-version":[{"id":9441,"href":"https:\/\/schumacher-lethal.lu\/fr\/wp-json\/wp\/v2\/pages\/2\/revisions\/9441"}],"wp:attachment":[{"href":"https:\/\/schumacher-lethal.lu\/fr\/wp-json\/wp\/v2\/media?parent=2"}],"curies":[{"name":"wp","href":"https:\/\/api.w.org\/{rel}","templated":true}]}}