{"id":344,"date":"2015-07-30T11:12:50","date_gmt":"2015-07-30T09:12:50","guid":{"rendered":"http:\/\/schumacher-lethal.mayfex.lu\/?page_id=344"},"modified":"2022-12-08T09:20:11","modified_gmt":"2022-12-08T08:20:11","slug":"weinberge","status":"publish","type":"page","link":"https:\/\/schumacher-lethal.lu\/fr\/ueber-uns\/weinberge\/","title":{"rendered":"Vignobles"},"content":{"rendered":"<p class=\"qtranxs-available-languages-message qtranxs-available-languages-message-fr\">D\u00e9sol\u00e9, cet article est seulement disponible en <a href=\"https:\/\/schumacher-lethal.lu\/de\/wp-json\/wp\/v2\/pages\/344\" class=\"qtranxs-available-language-link qtranxs-available-language-link-de\" title=\"Deutsch\">Deutsch<\/a>. Pour le confort de l\u2019utilisateur, le contenu est affich\u00e9 ci-dessous dans une autre langue. Vous pouvez cliquer le lien pour changer de langue active.<\/p><p><div id=\"metaslider-id-360\" style=\"width: 100%;\" class=\"ml-slider-3-104-0 metaslider metaslider-flex metaslider-360 ml-slider has-dots-nav ms-theme-default\" role=\"region\" aria-label=\"Weinberge\" data-height=\"435\" data-width=\"658\">\n    <div id=\"metaslider_container_360\">\n        <div id=\"metaslider_360\" class=\"flexslider\">\n            <ul class='slides'>\n                <li style=\"display: block; width: 100%;\" class=\"slide-858 ms-image \" aria-roledescription=\"slide\" data-date=\"2016-11-16 13:38:16\" data-filename=\"Vue-4-scaled-658x435.jpg\" data-slide-type=\"image\"><img loading=\"lazy\" decoding=\"async\" src=\"https:\/\/schumacher-lethal.lu\/wp-content\/uploads\/2016\/11\/Vue-4-scaled-658x435.jpg\" height=\"435\" width=\"658\" alt=\"\" class=\"slider-360 slide-858 msDefaultImage\" \/><div class=\"caption-wrap\"><div class=\"caption\">Wormeldingen - Foto: Serge Waldbillig<\/div><\/div><\/li>\n                <li style=\"display: none; width: 100%;\" class=\"slide-861 ms-image \" aria-roledescription=\"slide\" data-date=\"2016-11-16 13:38:59\" data-filename=\"Weinlese-scaled-658x435.jpg\" data-slide-type=\"image\"><img loading=\"lazy\" decoding=\"async\" src=\"https:\/\/schumacher-lethal.lu\/wp-content\/uploads\/2016\/11\/Weinlese-scaled-658x435.jpg\" height=\"435\" width=\"658\" alt=\"\" class=\"slider-360 slide-861 msDefaultImage\" \/><div class=\"caption-wrap\"><div class=\"caption\">Weinlese an der Mosel - Foto: Serge Waldbillig<\/div><\/div><\/li>\n                <li style=\"display: none; width: 100%;\" class=\"slide-860 ms-image \" aria-roledescription=\"slide\" data-date=\"2016-11-16 13:38:43\" data-filename=\"Weinlese-2-scaled-658x435.jpg\" data-slide-type=\"image\"><img loading=\"lazy\" decoding=\"async\" src=\"https:\/\/schumacher-lethal.lu\/wp-content\/uploads\/2016\/11\/Weinlese-2-scaled-658x435.jpg\" height=\"435\" width=\"658\" alt=\"\" class=\"slider-360 slide-860 msDefaultImage\" \/><div class=\"caption-wrap\"><div class=\"caption\">Weinlese an der Mosel - Foto: Serge Waldbillig<\/div><\/div><\/li>\n                <li style=\"display: none; width: 100%;\" class=\"slide-856 ms-image \" aria-roledescription=\"slide\" data-date=\"2016-11-16 13:37:56\" data-filename=\"Vue-2-scaled-658x435.jpg\" data-slide-type=\"image\"><img loading=\"lazy\" decoding=\"async\" src=\"https:\/\/schumacher-lethal.lu\/wp-content\/uploads\/2016\/11\/Vue-2-scaled-658x435.jpg\" height=\"435\" width=\"658\" alt=\"\" class=\"slider-360 slide-856 msDefaultImage\" \/><div class=\"caption-wrap\"><div class=\"caption\">Wormeldingen - Foto: Serge Waldbillig<\/div><\/div><\/li>\n                <li style=\"display: none; width: 100%;\" class=\"slide-855 ms-image \" aria-roledescription=\"slide\" data-date=\"2016-11-16 13:37:38\" data-filename=\"Koeppchen-scaled-658x435.jpg\" data-slide-type=\"image\"><img loading=\"lazy\" decoding=\"async\" src=\"https:\/\/schumacher-lethal.lu\/wp-content\/uploads\/2016\/11\/Koeppchen-scaled-658x435.jpg\" height=\"435\" width=\"658\" alt=\"\" class=\"slider-360 slide-855 msDefaultImage\" \/><div class=\"caption-wrap\"><div class=\"caption\">Die Koeppchen in Wormeldingen - Foto: Serge Waldbillig<\/div><\/div><\/li>\n                <li style=\"display: none; width: 100%;\" class=\"slide-533 ms-image \" aria-roledescription=\"slide\" data-date=\"2015-08-28 09:59:47\" data-filename=\"Trauben1-scaled-658x435.jpg\" data-slide-type=\"image\"><img loading=\"lazy\" decoding=\"async\" src=\"https:\/\/schumacher-lethal.lu\/wp-content\/uploads\/2015\/08\/Trauben1-scaled-658x435.jpg\" height=\"435\" width=\"658\" alt=\"Raisins1\" class=\"slider-360 slide-533 msDefaultImage\" \/><\/li>\n            <\/ul>\n        <\/div>\n        \n    <\/div>\n<\/div><\/p>\n<p>Die Weinberge sind f\u00fcr jeden Winzer die Grundlage seines Berufes. Daher widmen wir uns mit gr\u00f6\u00dfter Sorgfalt und Liebe den Rebst\u00f6cken. Nur der fachgerechte Umgang mit den edlen Pflanzen kann eine optimale Qualit\u00e4t der Trauben hervorbringen.<\/p>\n<p>Unsere Weinberge mit einer Gesamtfl\u00e4che von mehr als 11 Hektar befinden sich in Wormeldange sowie der n\u00e4heren Umgebung. Wormeldange ist mit 13\u00a0km Moseluferstrecke von H\u00fctterm\u00fchle (Hettermillen) bis zur Deyerm\u00fchle (Deysermillen) und 360\u00a0ha Weinbergen die Gemeinde mit der gr\u00f6\u00dften Weinanbaufl\u00e4che im Gro\u00dfherzogtum. Eine ber\u00fchmte, wenn nicht gar die ber\u00fchmteste luxemburgische Weinlage ist <em>Wormeldinger Koeppchen<\/em>. Diese Kuppe mit ihrer kleinen Kapelle ist nicht nur der Ursprung unseres exzellenten Rieslings, sondern bietet au\u00dferdem einen atemberaubenden Blick \u00fcber das Moseltal.<\/p>\n<p>Unsere Lagen: Ellerberg, Wousselt, Pietert, Weinbour, Heiligenh\u00e4uschen, Koeppchen, Op der Borreg, Ongkaf.<\/p>","protected":false},"excerpt":{"rendered":"<p>D\u00e9sol\u00e9, cet article est seulement disponible en Deutsch. Pour le confort de l\u2019utilisateur, le contenu est affich\u00e9 ci-dessous dans une autre langue. Vous pouvez cliquer le lien pour changer de langue active. Die Weinberge sind f\u00fcr jeden Winzer die Grundlage seines Berufes. Daher widmen wir uns mit gr\u00f6\u00dfter Sorgfalt und Liebe den Rebst\u00f6cken. Nur der [&hellip;]<\/p>\n","protected":false},"author":128,"featured_media":0,"parent":2,"menu_order":3,"comment_status":"closed","ping_status":"closed","template":"","meta":{"footnotes":""},"class_list":["post-344","page","type-page","status-publish","hentry"],"yoast_head":"<!-- This site is optimized with the Yoast SEO plugin v26.8 - https:\/\/yoast.com\/product\/yoast-seo-wordpress\/ -->\n<title>Vignobles - Schumacher-Lethal et fils<\/title>\n<meta name=\"robots\" content=\"index, follow, max-snippet:-1, max-image-preview:large, max-video-preview:-1\" \/>\n<link rel=\"canonical\" href=\"https:\/\/schumacher-lethal.lu\/lu\/ueber-uns\/weinberge\/\" \/>\n<meta property=\"og:locale\" content=\"fr_FR\" \/>\n<meta property=\"og:type\" content=\"article\" \/>\n<meta property=\"og:title\" content=\"[:de]Weinberge[:fr]Vignobles[:en]Vineyards[:lu]W\u00e4inbierger[:] - Schumacher-Lethal et fils\" \/>\n<meta property=\"og:description\" content=\"D\u00e9sol\u00e9, cet article est seulement disponible en Deutsch. Pour le confort de l\u2019utilisateur, le contenu est affich\u00e9 ci-dessous dans une autre langue. Vous pouvez cliquer le lien pour changer de langue active. Die Weinberge sind f\u00fcr jeden Winzer die Grundlage seines Berufes. Daher widmen wir uns mit gr\u00f6\u00dfter Sorgfalt und Liebe den Rebst\u00f6cken. Nur der [&hellip;]\" \/>\n<meta property=\"og:url\" content=\"https:\/\/schumacher-lethal.lu\/lu\/ueber-uns\/weinberge\/\" \/>\n<meta property=\"og:site_name\" content=\"Schumacher-Lethal et fils\" \/>\n<meta property=\"article:publisher\" content=\"https:\/\/www.facebook.com\/domaineschumacher\" \/>\n<meta property=\"article:modified_time\" content=\"2022-12-08T08:20:11+00:00\" \/>\n<meta name=\"twitter:card\" content=\"summary_large_image\" \/>\n<meta name=\"twitter:label1\" content=\"Dur\u00e9e de lecture estim\u00e9e\" \/>\n\t<meta name=\"twitter:data1\" content=\"1 minute\" \/>\n<script type=\"application\/ld+json\" class=\"yoast-schema-graph\">{\"@context\":\"https:\/\/schema.org\",\"@graph\":[{\"@type\":\"WebPage\",\"@id\":\"https:\/\/schumacher-lethal.lu\/lu\/ueber-uns\/weinberge\/\",\"url\":\"https:\/\/schumacher-lethal.lu\/lu\/ueber-uns\/weinberge\/\",\"name\":\"[:de]Weinberge[:fr]Vignobles[:en]Vineyards[:lu]W\u00e4inbierger[:] - Schumacher-Lethal et fils\",\"isPartOf\":{\"@id\":\"https:\/\/schumacher-lethal.lu\/de\/#website\"},\"datePublished\":\"2015-07-30T09:12:50+00:00\",\"dateModified\":\"2022-12-08T08:20:11+00:00\",\"breadcrumb\":{\"@id\":\"https:\/\/schumacher-lethal.lu\/lu\/ueber-uns\/weinberge\/#breadcrumb\"},\"inLanguage\":\"fr-FR\",\"potentialAction\":[{\"@type\":\"ReadAction\",\"target\":[\"https:\/\/schumacher-lethal.lu\/lu\/ueber-uns\/weinberge\/\"]}]},{\"@type\":\"BreadcrumbList\",\"@id\":\"https:\/\/schumacher-lethal.lu\/lu\/ueber-uns\/weinberge\/#breadcrumb\",\"itemListElement\":[{\"@type\":\"ListItem\",\"position\":1,\"name\":\"Startseite\",\"item\":\"https:\/\/schumacher-lethal.lu\/de\/\"},{\"@type\":\"ListItem\",\"position\":2,\"name\":\"\u00dcber uns\",\"item\":\"https:\/\/schumacher-lethal.lu\/de\/\"},{\"@type\":\"ListItem\",\"position\":3,\"name\":\"W\u00e4inbierger\"}]},{\"@type\":\"WebSite\",\"@id\":\"https:\/\/schumacher-lethal.lu\/de\/#website\",\"url\":\"https:\/\/schumacher-lethal.lu\/de\/\",\"name\":\"Schumacher-Lethal et fils\",\"description\":\"Domaine viticole\",\"publisher\":{\"@id\":\"https:\/\/schumacher-lethal.lu\/de\/#organization\"},\"potentialAction\":[{\"@type\":\"SearchAction\",\"target\":{\"@type\":\"EntryPoint\",\"urlTemplate\":\"https:\/\/schumacher-lethal.lu\/de\/?s={search_term_string}\"},\"query-input\":{\"@type\":\"PropertyValueSpecification\",\"valueRequired\":true,\"valueName\":\"search_term_string\"}}],\"inLanguage\":\"fr-FR\"},{\"@type\":\"Organization\",\"@id\":\"https:\/\/schumacher-lethal.lu\/de\/#organization\",\"name\":\"Schumacher-Lethal et fils\",\"url\":\"https:\/\/schumacher-lethal.lu\/de\/\",\"logo\":{\"@type\":\"ImageObject\",\"inLanguage\":\"fr-FR\",\"@id\":\"https:\/\/schumacher-lethal.lu\/de\/#\/schema\/logo\/image\/\",\"url\":\"https:\/\/schumacher-lethal.lu\/wp-content\/uploads\/2023\/10\/Schumacher_logo_new.jpg\",\"contentUrl\":\"https:\/\/schumacher-lethal.lu\/wp-content\/uploads\/2023\/10\/Schumacher_logo_new.jpg\",\"width\":738,\"height\":737,\"caption\":\"Schumacher-Lethal et fils\"},\"image\":{\"@id\":\"https:\/\/schumacher-lethal.lu\/de\/#\/schema\/logo\/image\/\"},\"sameAs\":[\"https:\/\/www.facebook.com\/domaineschumacher\",\"https:\/\/www.instagram.com\/schumacherlethal\/\"]}]}<\/script>\n<!-- \/ Yoast SEO plugin. -->","yoast_head_json":{"title":"[:de]Weinberge[:fr]Vignobles[:en]Vineyards[:lu]W\u00e4inbierger[:] - Schumacher-Lethal et fils","robots":{"index":"index","follow":"follow","max-snippet":"max-snippet:-1","max-image-preview":"max-image-preview:large","max-video-preview":"max-video-preview:-1"},"canonical":"https:\/\/schumacher-lethal.lu\/lu\/ueber-uns\/weinberge\/","og_locale":"fr_FR","og_type":"article","og_title":"[:de]Weinberge[:fr]Vignobles[:en]Vineyards[:lu]W\u00e4inbierger[:] - Schumacher-Lethal et fils","og_description":"D\u00e9sol\u00e9, cet article est seulement disponible en Deutsch. Pour le confort de l\u2019utilisateur, le contenu est affich\u00e9 ci-dessous dans une autre langue. Vous pouvez cliquer le lien pour changer de langue active. Die Weinberge sind f\u00fcr jeden Winzer die Grundlage seines Berufes. Daher widmen wir uns mit gr\u00f6\u00dfter Sorgfalt und Liebe den Rebst\u00f6cken. Nur der [&hellip;]","og_url":"https:\/\/schumacher-lethal.lu\/lu\/ueber-uns\/weinberge\/","og_site_name":"Schumacher-Lethal et fils","article_publisher":"https:\/\/www.facebook.com\/domaineschumacher","article_modified_time":"2022-12-08T08:20:11+00:00","twitter_card":"summary_large_image","twitter_misc":{"Dur\u00e9e de lecture estim\u00e9e":"1 minute"},"schema":{"@context":"https:\/\/schema.org","@graph":[{"@type":"WebPage","@id":"https:\/\/schumacher-lethal.lu\/lu\/ueber-uns\/weinberge\/","url":"https:\/\/schumacher-lethal.lu\/lu\/ueber-uns\/weinberge\/","name":"[:de]Weinberge[:fr]Vignobles[:en]Vineyards[:lu]W\u00e4inbierger[:] - Schumacher-Lethal et fils","isPartOf":{"@id":"https:\/\/schumacher-lethal.lu\/de\/#website"},"datePublished":"2015-07-30T09:12:50+00:00","dateModified":"2022-12-08T08:20:11+00:00","breadcrumb":{"@id":"https:\/\/schumacher-lethal.lu\/lu\/ueber-uns\/weinberge\/#breadcrumb"},"inLanguage":"fr-FR","potentialAction":[{"@type":"ReadAction","target":["https:\/\/schumacher-lethal.lu\/lu\/ueber-uns\/weinberge\/"]}]},{"@type":"BreadcrumbList","@id":"https:\/\/schumacher-lethal.lu\/lu\/ueber-uns\/weinberge\/#breadcrumb","itemListElement":[{"@type":"ListItem","position":1,"name":"Startseite","item":"https:\/\/schumacher-lethal.lu\/de\/"},{"@type":"ListItem","position":2,"name":"\u00dcber uns","item":"https:\/\/schumacher-lethal.lu\/de\/"},{"@type":"ListItem","position":3,"name":"W\u00e4inbierger"}]},{"@type":"WebSite","@id":"https:\/\/schumacher-lethal.lu\/de\/#website","url":"https:\/\/schumacher-lethal.lu\/de\/","name":"Schumacher-Lethal et fils","description":"Domaine viticole","publisher":{"@id":"https:\/\/schumacher-lethal.lu\/de\/#organization"},"potentialAction":[{"@type":"SearchAction","target":{"@type":"EntryPoint","urlTemplate":"https:\/\/schumacher-lethal.lu\/de\/?s={search_term_string}"},"query-input":{"@type":"PropertyValueSpecification","valueRequired":true,"valueName":"search_term_string"}}],"inLanguage":"fr-FR"},{"@type":"Organization","@id":"https:\/\/schumacher-lethal.lu\/de\/#organization","name":"Schumacher-Lethal et fils","url":"https:\/\/schumacher-lethal.lu\/de\/","logo":{"@type":"ImageObject","inLanguage":"fr-FR","@id":"https:\/\/schumacher-lethal.lu\/de\/#\/schema\/logo\/image\/","url":"https:\/\/schumacher-lethal.lu\/wp-content\/uploads\/2023\/10\/Schumacher_logo_new.jpg","contentUrl":"https:\/\/schumacher-lethal.lu\/wp-content\/uploads\/2023\/10\/Schumacher_logo_new.jpg","width":738,"height":737,"caption":"Schumacher-Lethal et fils"},"image":{"@id":"https:\/\/schumacher-lethal.lu\/de\/#\/schema\/logo\/image\/"},"sameAs":["https:\/\/www.facebook.com\/domaineschumacher","https:\/\/www.instagram.com\/schumacherlethal\/"]}]}},"jetpack_sharing_enabled":true,"_links":{"self":[{"href":"https:\/\/schumacher-lethal.lu\/fr\/wp-json\/wp\/v2\/pages\/344","targetHints":{"allow":["GET"]}}],"collection":[{"href":"https:\/\/schumacher-lethal.lu\/fr\/wp-json\/wp\/v2\/pages"}],"about":[{"href":"https:\/\/schumacher-lethal.lu\/fr\/wp-json\/wp\/v2\/types\/page"}],"author":[{"embeddable":true,"href":"https:\/\/schumacher-lethal.lu\/fr\/wp-json\/wp\/v2\/users\/128"}],"replies":[{"embeddable":true,"href":"https:\/\/schumacher-lethal.lu\/fr\/wp-json\/wp\/v2\/comments?post=344"}],"version-history":[{"count":7,"href":"https:\/\/schumacher-lethal.lu\/fr\/wp-json\/wp\/v2\/pages\/344\/revisions"}],"predecessor-version":[{"id":10314,"href":"https:\/\/schumacher-lethal.lu\/fr\/wp-json\/wp\/v2\/pages\/344\/revisions\/10314"}],"up":[{"embeddable":true,"href":"https:\/\/schumacher-lethal.lu\/fr\/wp-json\/wp\/v2\/pages\/2"}],"wp:attachment":[{"href":"https:\/\/schumacher-lethal.lu\/fr\/wp-json\/wp\/v2\/media?parent=344"}],"curies":[{"name":"wp","href":"https:\/\/api.w.org\/{rel}","templated":true}]}}