{"id":497,"date":"2015-08-12T09:41:49","date_gmt":"2015-08-12T07:41:49","guid":{"rendered":"http:\/\/schumacher-lethal.lu\/?page_id=497"},"modified":"2025-03-05T15:41:25","modified_gmt":"2025-03-05T14:41:25","slug":"weinstube","status":"publish","type":"page","link":"https:\/\/schumacher-lethal.lu\/fr\/weinstube\/","title":{"rendered":"Bar \u00e0 vin"},"content":{"rendered":"<p class=\"qtranxs-available-languages-message qtranxs-available-languages-message-fr\">D\u00e9sol\u00e9, cet article est seulement disponible en <a href=\"https:\/\/schumacher-lethal.lu\/de\/wp-json\/wp\/v2\/pages\/497\" class=\"qtranxs-available-language-link qtranxs-available-language-link-de\" title=\"Deutsch\">Deutsch<\/a>. Pour le confort de l\u2019utilisateur, le contenu est affich\u00e9 ci-dessous dans une autre langue. Vous pouvez cliquer le lien pour changer de langue active.<\/p><p><div id=\"metaslider-id-496\" style=\"width: 100%;\" class=\"ml-slider-3-104-0 metaslider metaslider-flex metaslider-496 ml-slider has-dots-nav ms-theme-default\" role=\"region\" aria-label=\"Weinstube\" data-height=\"435\" data-width=\"658\">\n    <div id=\"metaslider_container_496\">\n        <div id=\"metaslider_496\" class=\"flexslider\">\n            <ul class='slides'>\n                <li style=\"display: block; width: 100%;\" class=\"slide-10911 ms-image \" aria-roledescription=\"slide\" data-date=\"2023-10-25 14:09:58\" data-filename=\"Waistuff_2023_800px-658x435.jpg\" data-slide-type=\"image\"><img loading=\"lazy\" decoding=\"async\" src=\"https:\/\/schumacher-lethal.lu\/wp-content\/uploads\/2023\/10\/Waistuff_2023_800px-658x435.jpg\" height=\"435\" width=\"658\" alt=\"\" class=\"slider-496 slide-10911 msDefaultImage\" title=\"Waistuff_2023_800px\" \/><div class=\"caption-wrap\"><div class=\"caption\">Die neugestaltete Weinstube<\/div><\/div><\/li>\n                <li style=\"display: none; width: 100%;\" class=\"slide-10912 ms-image \" aria-roledescription=\"slide\" data-date=\"2023-10-25 14:10:35\" data-filename=\"Terrasse_Hierscht_2023_800px_h-658x435.jpg\" data-slide-type=\"image\"><img loading=\"lazy\" decoding=\"async\" src=\"https:\/\/schumacher-lethal.lu\/wp-content\/uploads\/2023\/10\/Terrasse_Hierscht_2023_800px_h-658x435.jpg\" height=\"435\" width=\"658\" alt=\"\" class=\"slider-496 slide-10912 msDefaultImage\" title=\"Terrasse_Hierscht_2023_800px_h\" \/><div class=\"caption-wrap\"><div class=\"caption\">Die Terrasse<\/div><\/div><\/li>\n            <\/ul>\n        <\/div>\n        \n    <\/div>\n<\/div><\/p>\n<p>Von mittwochs bis sonntags begr\u00fc\u00dft sie unser Team!Hier k\u00f6nnen Sie vom gem\u00fctlichen Weintrinken und -probieren bis zum Kaufen und Bestellen unseren Wein in all seinen Facetten erleben. In der Weinstube geniessen Sie neben einem Gl\u00e4schen Wein aber auch ein tolles Ambiente. Drinnen mit Nussbaumoptik, weichem Licht, Schieferboden und Sicht auf den Barrique-Keller. Auf der Terrasse mit atemberaubendem Panoramablick auf Mosel und Weinberge.<\/p>\n<p>Unsere Weinstube kann aber auch privat genutzt werden, etwa f\u00fcr Familienfeiern, Geburtstage oder Hochzeiten, und eignet sich daneben auch \u2013 durch den 60 Zoll Fernseher \u2013 als Seminarraum. Der Raum verf\u00fcgt \u00fcber eine hochmoderne Musikanlage, eine Klimaanlage, eine professionnelle K\u00fcchenausstattung sowie einen behindertengerechten Zugang. Mit einer Kapazit\u00e4t von bis zu 70 Personen sowie (auf Wunsch) der Organisation des Caterings, machen wir aus Ihrem Event ein einmaliges und unvergessliches Erlebnis.<\/p>\n<p>Die Weinstube ist ge\u00f6ffnet Mittwoch bis Sonntags von 14 bis 20 Uhr sowie nach Vereinbarung. Selbstverst\u00e4ndlich gibt es auch die M\u00f6glichkeit unsere Kellerei zu besichtigen.<\/p>","protected":false},"excerpt":{"rendered":"<p>D\u00e9sol\u00e9, cet article est seulement disponible en Deutsch. Pour le confort de l\u2019utilisateur, le contenu est affich\u00e9 ci-dessous dans une autre langue. Vous pouvez cliquer le lien pour changer de langue active. Von mittwochs bis sonntags begr\u00fc\u00dft sie unser Team!Hier k\u00f6nnen Sie vom gem\u00fctlichen Weintrinken und -probieren bis zum Kaufen und Bestellen unseren Wein in [&hellip;]<\/p>\n","protected":false},"author":128,"featured_media":0,"parent":0,"menu_order":4,"comment_status":"closed","ping_status":"closed","template":"","meta":{"footnotes":""},"class_list":["post-497","page","type-page","status-publish","hentry"],"yoast_head":"<!-- This site is optimized with the Yoast SEO plugin v26.8 - https:\/\/yoast.com\/product\/yoast-seo-wordpress\/ -->\n<title>Bar \u00e0 vin - Schumacher-Lethal et fils<\/title>\n<meta name=\"robots\" content=\"index, follow, max-snippet:-1, max-image-preview:large, max-video-preview:-1\" \/>\n<link rel=\"canonical\" href=\"https:\/\/schumacher-lethal.lu\/de\/weinstube\/\" \/>\n<meta property=\"og:locale\" content=\"fr_FR\" \/>\n<meta property=\"og:type\" content=\"article\" \/>\n<meta property=\"og:title\" content=\"[:de]Weinstube[:fr]Bar \u00e0 vin[:en]Wine bar[:lu]W\u00e4istuff[:] - Schumacher-Lethal et fils\" \/>\n<meta property=\"og:description\" content=\"D\u00e9sol\u00e9, cet article est seulement disponible en Deutsch. Pour le confort de l\u2019utilisateur, le contenu est affich\u00e9 ci-dessous dans une autre langue. Vous pouvez cliquer le lien pour changer de langue active. Von mittwochs bis sonntags begr\u00fc\u00dft sie unser Team!Hier k\u00f6nnen Sie vom gem\u00fctlichen Weintrinken und -probieren bis zum Kaufen und Bestellen unseren Wein in [&hellip;]\" \/>\n<meta property=\"og:url\" content=\"https:\/\/schumacher-lethal.lu\/de\/weinstube\/\" \/>\n<meta property=\"og:site_name\" content=\"Schumacher-Lethal et fils\" \/>\n<meta property=\"article:publisher\" content=\"https:\/\/www.facebook.com\/domaineschumacher\" \/>\n<meta property=\"article:modified_time\" content=\"2025-03-05T14:41:25+00:00\" \/>\n<meta name=\"twitter:card\" content=\"summary_large_image\" \/>\n<meta name=\"twitter:label1\" content=\"Dur\u00e9e de lecture estim\u00e9e\" \/>\n\t<meta name=\"twitter:data1\" content=\"1 minute\" \/>\n<script type=\"application\/ld+json\" class=\"yoast-schema-graph\">{\"@context\":\"https:\/\/schema.org\",\"@graph\":[{\"@type\":\"WebPage\",\"@id\":\"https:\/\/schumacher-lethal.lu\/de\/weinstube\/\",\"url\":\"https:\/\/schumacher-lethal.lu\/de\/weinstube\/\",\"name\":\"[:de]Weinstube[:fr]Bar \u00e0 vin[:en]Wine bar[:lu]W\u00e4istuff[:] - Schumacher-Lethal et fils\",\"isPartOf\":{\"@id\":\"https:\/\/schumacher-lethal.lu\/de\/#website\"},\"datePublished\":\"2015-08-12T07:41:49+00:00\",\"dateModified\":\"2025-03-05T14:41:25+00:00\",\"breadcrumb\":{\"@id\":\"https:\/\/schumacher-lethal.lu\/de\/weinstube\/#breadcrumb\"},\"inLanguage\":\"fr-FR\",\"potentialAction\":[{\"@type\":\"ReadAction\",\"target\":[\"https:\/\/schumacher-lethal.lu\/de\/weinstube\/\"]}]},{\"@type\":\"BreadcrumbList\",\"@id\":\"https:\/\/schumacher-lethal.lu\/de\/weinstube\/#breadcrumb\",\"itemListElement\":[{\"@type\":\"ListItem\",\"position\":1,\"name\":\"Startseite\",\"item\":\"https:\/\/schumacher-lethal.lu\/de\/\"},{\"@type\":\"ListItem\",\"position\":2,\"name\":\"Weinstube\"}]},{\"@type\":\"WebSite\",\"@id\":\"https:\/\/schumacher-lethal.lu\/de\/#website\",\"url\":\"https:\/\/schumacher-lethal.lu\/de\/\",\"name\":\"Schumacher-Lethal et fils\",\"description\":\"Domaine viticole\",\"publisher\":{\"@id\":\"https:\/\/schumacher-lethal.lu\/de\/#organization\"},\"potentialAction\":[{\"@type\":\"SearchAction\",\"target\":{\"@type\":\"EntryPoint\",\"urlTemplate\":\"https:\/\/schumacher-lethal.lu\/de\/?s={search_term_string}\"},\"query-input\":{\"@type\":\"PropertyValueSpecification\",\"valueRequired\":true,\"valueName\":\"search_term_string\"}}],\"inLanguage\":\"fr-FR\"},{\"@type\":\"Organization\",\"@id\":\"https:\/\/schumacher-lethal.lu\/de\/#organization\",\"name\":\"Schumacher-Lethal et fils\",\"url\":\"https:\/\/schumacher-lethal.lu\/de\/\",\"logo\":{\"@type\":\"ImageObject\",\"inLanguage\":\"fr-FR\",\"@id\":\"https:\/\/schumacher-lethal.lu\/de\/#\/schema\/logo\/image\/\",\"url\":\"https:\/\/schumacher-lethal.lu\/wp-content\/uploads\/2023\/10\/Schumacher_logo_new.jpg\",\"contentUrl\":\"https:\/\/schumacher-lethal.lu\/wp-content\/uploads\/2023\/10\/Schumacher_logo_new.jpg\",\"width\":738,\"height\":737,\"caption\":\"Schumacher-Lethal et fils\"},\"image\":{\"@id\":\"https:\/\/schumacher-lethal.lu\/de\/#\/schema\/logo\/image\/\"},\"sameAs\":[\"https:\/\/www.facebook.com\/domaineschumacher\",\"https:\/\/www.instagram.com\/schumacherlethal\/\"]}]}<\/script>\n<!-- \/ Yoast SEO plugin. -->","yoast_head_json":{"title":"[:de]Weinstube[:fr]Bar \u00e0 vin[:en]Wine bar[:lu]W\u00e4istuff[:] - Schumacher-Lethal et fils","robots":{"index":"index","follow":"follow","max-snippet":"max-snippet:-1","max-image-preview":"max-image-preview:large","max-video-preview":"max-video-preview:-1"},"canonical":"https:\/\/schumacher-lethal.lu\/de\/weinstube\/","og_locale":"fr_FR","og_type":"article","og_title":"[:de]Weinstube[:fr]Bar \u00e0 vin[:en]Wine bar[:lu]W\u00e4istuff[:] - Schumacher-Lethal et fils","og_description":"D\u00e9sol\u00e9, cet article est seulement disponible en Deutsch. Pour le confort de l\u2019utilisateur, le contenu est affich\u00e9 ci-dessous dans une autre langue. Vous pouvez cliquer le lien pour changer de langue active. Von mittwochs bis sonntags begr\u00fc\u00dft sie unser Team!Hier k\u00f6nnen Sie vom gem\u00fctlichen Weintrinken und -probieren bis zum Kaufen und Bestellen unseren Wein in [&hellip;]","og_url":"https:\/\/schumacher-lethal.lu\/de\/weinstube\/","og_site_name":"Schumacher-Lethal et fils","article_publisher":"https:\/\/www.facebook.com\/domaineschumacher","article_modified_time":"2025-03-05T14:41:25+00:00","twitter_card":"summary_large_image","twitter_misc":{"Dur\u00e9e de lecture estim\u00e9e":"1 minute"},"schema":{"@context":"https:\/\/schema.org","@graph":[{"@type":"WebPage","@id":"https:\/\/schumacher-lethal.lu\/de\/weinstube\/","url":"https:\/\/schumacher-lethal.lu\/de\/weinstube\/","name":"[:de]Weinstube[:fr]Bar \u00e0 vin[:en]Wine bar[:lu]W\u00e4istuff[:] - Schumacher-Lethal et fils","isPartOf":{"@id":"https:\/\/schumacher-lethal.lu\/de\/#website"},"datePublished":"2015-08-12T07:41:49+00:00","dateModified":"2025-03-05T14:41:25+00:00","breadcrumb":{"@id":"https:\/\/schumacher-lethal.lu\/de\/weinstube\/#breadcrumb"},"inLanguage":"fr-FR","potentialAction":[{"@type":"ReadAction","target":["https:\/\/schumacher-lethal.lu\/de\/weinstube\/"]}]},{"@type":"BreadcrumbList","@id":"https:\/\/schumacher-lethal.lu\/de\/weinstube\/#breadcrumb","itemListElement":[{"@type":"ListItem","position":1,"name":"Startseite","item":"https:\/\/schumacher-lethal.lu\/de\/"},{"@type":"ListItem","position":2,"name":"Weinstube"}]},{"@type":"WebSite","@id":"https:\/\/schumacher-lethal.lu\/de\/#website","url":"https:\/\/schumacher-lethal.lu\/de\/","name":"Schumacher-Lethal et fils","description":"Domaine viticole","publisher":{"@id":"https:\/\/schumacher-lethal.lu\/de\/#organization"},"potentialAction":[{"@type":"SearchAction","target":{"@type":"EntryPoint","urlTemplate":"https:\/\/schumacher-lethal.lu\/de\/?s={search_term_string}"},"query-input":{"@type":"PropertyValueSpecification","valueRequired":true,"valueName":"search_term_string"}}],"inLanguage":"fr-FR"},{"@type":"Organization","@id":"https:\/\/schumacher-lethal.lu\/de\/#organization","name":"Schumacher-Lethal et fils","url":"https:\/\/schumacher-lethal.lu\/de\/","logo":{"@type":"ImageObject","inLanguage":"fr-FR","@id":"https:\/\/schumacher-lethal.lu\/de\/#\/schema\/logo\/image\/","url":"https:\/\/schumacher-lethal.lu\/wp-content\/uploads\/2023\/10\/Schumacher_logo_new.jpg","contentUrl":"https:\/\/schumacher-lethal.lu\/wp-content\/uploads\/2023\/10\/Schumacher_logo_new.jpg","width":738,"height":737,"caption":"Schumacher-Lethal et fils"},"image":{"@id":"https:\/\/schumacher-lethal.lu\/de\/#\/schema\/logo\/image\/"},"sameAs":["https:\/\/www.facebook.com\/domaineschumacher","https:\/\/www.instagram.com\/schumacherlethal\/"]}]}},"jetpack_sharing_enabled":true,"_links":{"self":[{"href":"https:\/\/schumacher-lethal.lu\/fr\/wp-json\/wp\/v2\/pages\/497","targetHints":{"allow":["GET"]}}],"collection":[{"href":"https:\/\/schumacher-lethal.lu\/fr\/wp-json\/wp\/v2\/pages"}],"about":[{"href":"https:\/\/schumacher-lethal.lu\/fr\/wp-json\/wp\/v2\/types\/page"}],"author":[{"embeddable":true,"href":"https:\/\/schumacher-lethal.lu\/fr\/wp-json\/wp\/v2\/users\/128"}],"replies":[{"embeddable":true,"href":"https:\/\/schumacher-lethal.lu\/fr\/wp-json\/wp\/v2\/comments?post=497"}],"version-history":[{"count":31,"href":"https:\/\/schumacher-lethal.lu\/fr\/wp-json\/wp\/v2\/pages\/497\/revisions"}],"predecessor-version":[{"id":11135,"href":"https:\/\/schumacher-lethal.lu\/fr\/wp-json\/wp\/v2\/pages\/497\/revisions\/11135"}],"wp:attachment":[{"href":"https:\/\/schumacher-lethal.lu\/fr\/wp-json\/wp\/v2\/media?parent=497"}],"curies":[{"name":"wp","href":"https:\/\/api.w.org\/{rel}","templated":true}]}}