{"id":3933,"date":"2020-08-05T10:50:34","date_gmt":"2020-08-05T08:50:34","guid":{"rendered":"https:\/\/schumacher-lethal.lu\/?post_type=product&#038;p=3933"},"modified":"2025-11-03T15:48:27","modified_gmt":"2025-11-03T14:48:27","slug":"riesling-selection","status":"publish","type":"product","link":"https:\/\/schumacher-lethal.lu\/fr\/shop\/riesling-selection\/","title":{"rendered":"Riesling S\u00e9lection 2020"},"content":{"rendered":"","protected":false},"excerpt":{"rendered":"<p>2020<\/p>\n<p>75cl<br \/>\nA.O.P<br \/>\nWormeldange Nossbam<br \/>\nSchumacher S\u00e9lection<br \/>\nGrand Premier Cru<\/p>\n","protected":false},"featured_media":472,"template":"","meta":[],"product_brand":[],"product_cat":[70,81,41],"product_tag":[],"class_list":{"0":"post-3933","1":"product","2":"type-product","3":"status-publish","4":"has-post-thumbnail","6":"product_cat-riesling","7":"product_cat-selection","8":"product_cat-weisswein","9":"yith_product_brand-domaine-viticole-schumacher","11":"first","12":"outofstock","13":"taxable","14":"shipping-taxable","15":"product-type-variable"},"yoast_head":"<!-- This site is optimized with the Yoast SEO plugin v26.8 - https:\/\/yoast.com\/product\/yoast-seo-wordpress\/ -->\n<title>Riesling S\u00e9lection 2020 - Schumacher-Lethal et fils<\/title>\n<meta name=\"description\" content=\"Wormeldange Nossbam \u2013 Schumacher S\u00e9lection \u2013 Grand Premier Cru. Vinifiziert in 500l Eichenf\u00e4sser (1 Jahr). Der Riesling ist der \u201eK\u00f6nig der Weine\u201c, ein Wein mit gro\u00dfer Finesse, rassig und von au\u00dfergew\u00f6hnlicher Eleganz.\" \/>\n<meta name=\"robots\" content=\"index, follow, max-snippet:-1, max-image-preview:large, max-video-preview:-1\" \/>\n<link rel=\"canonical\" href=\"https:\/\/schumacher-lethal.lu\/de\/shop\/riesling-selection\/\" \/>\n<meta property=\"og:locale\" content=\"fr_FR\" \/>\n<meta property=\"og:type\" content=\"article\" \/>\n<meta property=\"og:title\" content=\"Riesling S\u00e9lection 2020 - Schumacher-Lethal et fils\" \/>\n<meta property=\"og:description\" content=\"Wormeldange Nossbam \u2013 Schumacher S\u00e9lection \u2013 Grand Premier Cru. Vinifiziert in 500l Eichenf\u00e4sser (1 Jahr). Der Riesling ist der \u201eK\u00f6nig der Weine\u201c, ein Wein mit gro\u00dfer Finesse, rassig und von au\u00dfergew\u00f6hnlicher Eleganz.\" \/>\n<meta property=\"og:url\" content=\"https:\/\/schumacher-lethal.lu\/de\/shop\/riesling-selection\/\" \/>\n<meta property=\"og:site_name\" content=\"Schumacher-Lethal et fils\" \/>\n<meta property=\"article:publisher\" content=\"https:\/\/www.facebook.com\/domaineschumacher\" \/>\n<meta property=\"article:modified_time\" content=\"2025-11-03T14:48:27+00:00\" \/>\n<meta property=\"og:image\" content=\"https:\/\/schumacher-lethal.lu\/wp-content\/uploads\/2015\/08\/riesling-selection.png\" \/>\n\t<meta property=\"og:image:width\" content=\"2500\" \/>\n\t<meta property=\"og:image:height\" content=\"2500\" \/>\n\t<meta property=\"og:image:type\" content=\"image\/png\" \/>\n<meta name=\"twitter:card\" content=\"summary_large_image\" \/>\n<script type=\"application\/ld+json\" class=\"yoast-schema-graph\">{\"@context\":\"https:\/\/schema.org\",\"@graph\":[{\"@type\":\"WebPage\",\"@id\":\"https:\/\/schumacher-lethal.lu\/de\/shop\/riesling-selection\/\",\"url\":\"https:\/\/schumacher-lethal.lu\/de\/shop\/riesling-selection\/\",\"name\":\"Riesling S\u00e9lection 2020 - Schumacher-Lethal et fils\",\"isPartOf\":{\"@id\":\"https:\/\/schumacher-lethal.lu\/de\/#website\"},\"primaryImageOfPage\":{\"@id\":\"https:\/\/schumacher-lethal.lu\/de\/shop\/riesling-selection\/#primaryimage\"},\"image\":{\"@id\":\"https:\/\/schumacher-lethal.lu\/de\/shop\/riesling-selection\/#primaryimage\"},\"thumbnailUrl\":\"https:\/\/schumacher-lethal.lu\/wp-content\/uploads\/2015\/08\/riesling-selection.png\",\"datePublished\":\"2020-08-05T08:50:34+00:00\",\"dateModified\":\"2025-11-03T14:48:27+00:00\",\"description\":\"Wormeldange Nossbam \u2013 Schumacher S\u00e9lection \u2013 Grand Premier Cru. Vinifiziert in 500l Eichenf\u00e4sser (1 Jahr). Der Riesling ist der \u201eK\u00f6nig der Weine\u201c, ein Wein mit gro\u00dfer Finesse, rassig und von au\u00dfergew\u00f6hnlicher Eleganz.\",\"breadcrumb\":{\"@id\":\"https:\/\/schumacher-lethal.lu\/de\/shop\/riesling-selection\/#breadcrumb\"},\"inLanguage\":\"fr-FR\",\"potentialAction\":[{\"@type\":\"ReadAction\",\"target\":[\"https:\/\/schumacher-lethal.lu\/de\/shop\/riesling-selection\/\"]}]},{\"@type\":\"ImageObject\",\"inLanguage\":\"fr-FR\",\"@id\":\"https:\/\/schumacher-lethal.lu\/de\/shop\/riesling-selection\/#primaryimage\",\"url\":\"https:\/\/schumacher-lethal.lu\/wp-content\/uploads\/2015\/08\/riesling-selection.png\",\"contentUrl\":\"https:\/\/schumacher-lethal.lu\/wp-content\/uploads\/2015\/08\/riesling-selection.png\",\"width\":2500,\"height\":2500,\"caption\":\"Riesling S\u00e9lection\"},{\"@type\":\"BreadcrumbList\",\"@id\":\"https:\/\/schumacher-lethal.lu\/de\/shop\/riesling-selection\/#breadcrumb\",\"itemListElement\":[{\"@type\":\"ListItem\",\"position\":1,\"name\":\"Startseite\",\"item\":\"https:\/\/schumacher-lethal.lu\/de\/\"},{\"@type\":\"ListItem\",\"position\":2,\"name\":\"Shop\",\"item\":\"https:\/\/schumacher-lethal.lu\/de\/shop\/\"},{\"@type\":\"ListItem\",\"position\":3,\"name\":\"Riesling S\u00e9lection 2020\"}]},{\"@type\":\"WebSite\",\"@id\":\"https:\/\/schumacher-lethal.lu\/de\/#website\",\"url\":\"https:\/\/schumacher-lethal.lu\/de\/\",\"name\":\"Schumacher-Lethal et fils\",\"description\":\"Domaine viticole\",\"publisher\":{\"@id\":\"https:\/\/schumacher-lethal.lu\/de\/#organization\"},\"potentialAction\":[{\"@type\":\"SearchAction\",\"target\":{\"@type\":\"EntryPoint\",\"urlTemplate\":\"https:\/\/schumacher-lethal.lu\/de\/?s={search_term_string}\"},\"query-input\":{\"@type\":\"PropertyValueSpecification\",\"valueRequired\":true,\"valueName\":\"search_term_string\"}}],\"inLanguage\":\"fr-FR\"},{\"@type\":\"Organization\",\"@id\":\"https:\/\/schumacher-lethal.lu\/de\/#organization\",\"name\":\"Schumacher-Lethal et fils\",\"url\":\"https:\/\/schumacher-lethal.lu\/de\/\",\"logo\":{\"@type\":\"ImageObject\",\"inLanguage\":\"fr-FR\",\"@id\":\"https:\/\/schumacher-lethal.lu\/de\/#\/schema\/logo\/image\/\",\"url\":\"https:\/\/schumacher-lethal.lu\/wp-content\/uploads\/2023\/10\/Schumacher_logo_new.jpg\",\"contentUrl\":\"https:\/\/schumacher-lethal.lu\/wp-content\/uploads\/2023\/10\/Schumacher_logo_new.jpg\",\"width\":738,\"height\":737,\"caption\":\"Schumacher-Lethal et fils\"},\"image\":{\"@id\":\"https:\/\/schumacher-lethal.lu\/de\/#\/schema\/logo\/image\/\"},\"sameAs\":[\"https:\/\/www.facebook.com\/domaineschumacher\",\"https:\/\/www.instagram.com\/schumacherlethal\/\"]}]}<\/script>\n<!-- \/ Yoast SEO plugin. -->","yoast_head_json":{"title":"Riesling S\u00e9lection 2020 - Schumacher-Lethal et fils","description":"Wormeldange Nossbam \u2013 Schumacher S\u00e9lection \u2013 Grand Premier Cru. Vinifiziert in 500l Eichenf\u00e4sser (1 Jahr). Der Riesling ist der \u201eK\u00f6nig der Weine\u201c, ein Wein mit gro\u00dfer Finesse, rassig und von au\u00dfergew\u00f6hnlicher Eleganz.","robots":{"index":"index","follow":"follow","max-snippet":"max-snippet:-1","max-image-preview":"max-image-preview:large","max-video-preview":"max-video-preview:-1"},"canonical":"https:\/\/schumacher-lethal.lu\/de\/shop\/riesling-selection\/","og_locale":"fr_FR","og_type":"article","og_title":"Riesling S\u00e9lection 2020 - Schumacher-Lethal et fils","og_description":"Wormeldange Nossbam \u2013 Schumacher S\u00e9lection \u2013 Grand Premier Cru. Vinifiziert in 500l Eichenf\u00e4sser (1 Jahr). Der Riesling ist der \u201eK\u00f6nig der Weine\u201c, ein Wein mit gro\u00dfer Finesse, rassig und von au\u00dfergew\u00f6hnlicher Eleganz.","og_url":"https:\/\/schumacher-lethal.lu\/de\/shop\/riesling-selection\/","og_site_name":"Schumacher-Lethal et fils","article_publisher":"https:\/\/www.facebook.com\/domaineschumacher","article_modified_time":"2025-11-03T14:48:27+00:00","og_image":[{"width":2500,"height":2500,"url":"https:\/\/schumacher-lethal.lu\/wp-content\/uploads\/2015\/08\/riesling-selection.png","type":"image\/png"}],"twitter_card":"summary_large_image","schema":{"@context":"https:\/\/schema.org","@graph":[{"@type":"WebPage","@id":"https:\/\/schumacher-lethal.lu\/de\/shop\/riesling-selection\/","url":"https:\/\/schumacher-lethal.lu\/de\/shop\/riesling-selection\/","name":"Riesling S\u00e9lection 2020 - Schumacher-Lethal et fils","isPartOf":{"@id":"https:\/\/schumacher-lethal.lu\/de\/#website"},"primaryImageOfPage":{"@id":"https:\/\/schumacher-lethal.lu\/de\/shop\/riesling-selection\/#primaryimage"},"image":{"@id":"https:\/\/schumacher-lethal.lu\/de\/shop\/riesling-selection\/#primaryimage"},"thumbnailUrl":"https:\/\/schumacher-lethal.lu\/wp-content\/uploads\/2015\/08\/riesling-selection.png","datePublished":"2020-08-05T08:50:34+00:00","dateModified":"2025-11-03T14:48:27+00:00","description":"Wormeldange Nossbam \u2013 Schumacher S\u00e9lection \u2013 Grand Premier Cru. Vinifiziert in 500l Eichenf\u00e4sser (1 Jahr). Der Riesling ist der \u201eK\u00f6nig der Weine\u201c, ein Wein mit gro\u00dfer Finesse, rassig und von au\u00dfergew\u00f6hnlicher Eleganz.","breadcrumb":{"@id":"https:\/\/schumacher-lethal.lu\/de\/shop\/riesling-selection\/#breadcrumb"},"inLanguage":"fr-FR","potentialAction":[{"@type":"ReadAction","target":["https:\/\/schumacher-lethal.lu\/de\/shop\/riesling-selection\/"]}]},{"@type":"ImageObject","inLanguage":"fr-FR","@id":"https:\/\/schumacher-lethal.lu\/de\/shop\/riesling-selection\/#primaryimage","url":"https:\/\/schumacher-lethal.lu\/wp-content\/uploads\/2015\/08\/riesling-selection.png","contentUrl":"https:\/\/schumacher-lethal.lu\/wp-content\/uploads\/2015\/08\/riesling-selection.png","width":2500,"height":2500,"caption":"Riesling S\u00e9lection"},{"@type":"BreadcrumbList","@id":"https:\/\/schumacher-lethal.lu\/de\/shop\/riesling-selection\/#breadcrumb","itemListElement":[{"@type":"ListItem","position":1,"name":"Startseite","item":"https:\/\/schumacher-lethal.lu\/de\/"},{"@type":"ListItem","position":2,"name":"Shop","item":"https:\/\/schumacher-lethal.lu\/de\/shop\/"},{"@type":"ListItem","position":3,"name":"Riesling S\u00e9lection 2020"}]},{"@type":"WebSite","@id":"https:\/\/schumacher-lethal.lu\/de\/#website","url":"https:\/\/schumacher-lethal.lu\/de\/","name":"Schumacher-Lethal et fils","description":"Domaine viticole","publisher":{"@id":"https:\/\/schumacher-lethal.lu\/de\/#organization"},"potentialAction":[{"@type":"SearchAction","target":{"@type":"EntryPoint","urlTemplate":"https:\/\/schumacher-lethal.lu\/de\/?s={search_term_string}"},"query-input":{"@type":"PropertyValueSpecification","valueRequired":true,"valueName":"search_term_string"}}],"inLanguage":"fr-FR"},{"@type":"Organization","@id":"https:\/\/schumacher-lethal.lu\/de\/#organization","name":"Schumacher-Lethal et fils","url":"https:\/\/schumacher-lethal.lu\/de\/","logo":{"@type":"ImageObject","inLanguage":"fr-FR","@id":"https:\/\/schumacher-lethal.lu\/de\/#\/schema\/logo\/image\/","url":"https:\/\/schumacher-lethal.lu\/wp-content\/uploads\/2023\/10\/Schumacher_logo_new.jpg","contentUrl":"https:\/\/schumacher-lethal.lu\/wp-content\/uploads\/2023\/10\/Schumacher_logo_new.jpg","width":738,"height":737,"caption":"Schumacher-Lethal et fils"},"image":{"@id":"https:\/\/schumacher-lethal.lu\/de\/#\/schema\/logo\/image\/"},"sameAs":["https:\/\/www.facebook.com\/domaineschumacher","https:\/\/www.instagram.com\/schumacherlethal\/"]}]}},"jetpack_sharing_enabled":true,"_links":{"self":[{"href":"https:\/\/schumacher-lethal.lu\/fr\/wp-json\/wp\/v2\/product\/3933","targetHints":{"allow":["GET"]}}],"collection":[{"href":"https:\/\/schumacher-lethal.lu\/fr\/wp-json\/wp\/v2\/product"}],"about":[{"href":"https:\/\/schumacher-lethal.lu\/fr\/wp-json\/wp\/v2\/types\/product"}],"wp:featuredmedia":[{"embeddable":true,"href":"https:\/\/schumacher-lethal.lu\/fr\/wp-json\/wp\/v2\/media\/472"}],"wp:attachment":[{"href":"https:\/\/schumacher-lethal.lu\/fr\/wp-json\/wp\/v2\/media?parent=3933"}],"wp:term":[{"taxonomy":"product_brand","embeddable":true,"href":"https:\/\/schumacher-lethal.lu\/fr\/wp-json\/wp\/v2\/product_brand?post=3933"},{"taxonomy":"product_cat","embeddable":true,"href":"https:\/\/schumacher-lethal.lu\/fr\/wp-json\/wp\/v2\/product_cat?post=3933"},{"taxonomy":"product_tag","embeddable":true,"href":"https:\/\/schumacher-lethal.lu\/fr\/wp-json\/wp\/v2\/product_tag?post=3933"}],"curies":[{"name":"wp","href":"https:\/\/api.w.org\/{rel}","templated":true}]}}